{"id":4484,"date":"2022-10-25T17:09:58","date_gmt":"2022-10-25T17:09:58","guid":{"rendered":"https:\/\/contraloriamonagas.gob.ve\/?page_id=4484"},"modified":"2025-04-23T15:48:11","modified_gmt":"2025-04-23T15:48:11","slug":"entes-sujetos-a-control","status":"publish","type":"page","link":"https:\/\/contraloriamonagas.gob.ve\/?page_id=4484","title":{"rendered":"Entes sujetos a Control"},"content":{"rendered":"\n<p>Entes sujetos a control de la Direcci\u00f3n de Control de la Administraci\u00f3n Descentralizada<br>1.- Servicios Aut\u00f3nomos:<br>Servicio Aut\u00f3nomo de Llamadas de Emergencias 911 del estado. (Servicios 911)<br>Servicio Aut\u00f3nomo de la Vivienda del estado Monagas. (SERVIM)<br>Fondo de Cr\u00e9dito del estado Monagas. (FONCREDEMO)<\/p>\n\n\n\n<p><br>2.- Institutos Aut\u00f3nomos:<br>Instituto de Infraestructura, Ecosocialismo, H\u00e1bitat y Vivienda del estado Monagas.<br>(INFRAMONAGAS)<br>Instituto de la Cultura del estado Monagas. (ICUM)<br>Instituto del Deporte del estado Monagas. (INDEM)<\/p>\n\n\n\n<p>Instituto Estadal de la Mujer y la Familia \u201cFelicia Rond\u00f3n de Cabello\u201d.<br>Instituto Estadal Junta de Beneficencia P\u00fablica y Social. (Loter\u00eda de Oriente)<br>Instituto \u00danico para la Salud del estado Monagas. (INSAMONAGAS)<\/p>\n\n\n\n<p><br>3.- Fundaciones:<br>Fundaci\u00f3n Regional \u201cEl Ni\u00f1o Sim\u00f3n\u201d.<br>Fundaci\u00f3n Complejo Deportivo y Recreacional Monumental.<br>(FUNDAMONUMENTAL)<br>Fundaci\u00f3n Monagas Sport Club. (FMSC)<br>Fundaci\u00f3n Social Juana Ram\u00edrez La Avanzadora.<br>Fundaci\u00f3n del Poder Popular para la Misi\u00f3n Gobierno de Calle.<\/p>\n\n\n\n<p><br>4.- Empresas Estadales:<br>Empresa Aguas de Monagas, C.A. (ADM)<br>TRANSMONAGAS, S.A.<br>Bienes Obras y Servicios Monaguenses, C.A. (BOSMOCA)<br>Empresa Socialista de Servicios y Suministros de Alimentos Soberan\u00eda Patriota, C.A.<br>Empresa Mixta Socialista V\u00edas de Monagas, S.A.<\/p>\n\n\n\n<p><br>5.- Corporaciones:<br>Corporaci\u00f3n de Turismo del Estado Monagas (CORPOTURISMO MONAGAS).<br>Corporaci\u00f3n para el Desarrollo Econ\u00f3mico del Estado Monagas (CORPOMONAGAS):<br>Planta Procesadora de Tomates La Caicare\u00f1a.<br>Planta Procesadora de Frutas del Municipio Caripe.<br>Planta Procesadora de Frutas del Municipio Piar.<br>Servicio Aut\u00f3nomo de Minas. (SAMEM)<br>Servicio Aut\u00f3nomo de Aeropuerto del Estado Monagas. (SAADEMO)<br>Empresa Socialista de La Madera del Sur, C.A. (MADESURCA)<br>Torrefactora Sabana de Piedra S.A.<br>Gases Matur\u00edn C.A. (GASMACA)<\/p>\n\n\n\n<p><br>6.- Sociedades:<br>Sociedad de Garant\u00edas Rec\u00edproca del Estado Monagas.<br>Fundemos Sociedad Civil.<\/p>\n","protected":false},"excerpt":{"rendered":"<p>Entes sujetos a control de la Direcci\u00f3n de Control de la Administraci\u00f3n Descentralizada1.- Servicios Aut\u00f3nomos:Servicio Aut\u00f3nomo de Llamadas de Emergencias 911 del estado. (Servicios 911)Servicio Aut\u00f3nomo de la Vivienda del estado Monagas. (SERVIM)Fondo de Cr\u00e9dito del estado Monagas. (FONCREDEMO) 2.- Institutos Aut\u00f3nomos:Instituto de Infraestructura, Ecosocialismo, H\u00e1bitat y Vivienda del estado Monagas.(INFRAMONAGAS)Instituto de la Cultura del [&hellip;]<\/p>\n","protected":false},"author":1,"featured_media":0,"parent":0,"menu_order":0,"comment_status":"closed","ping_status":"closed","template":"","meta":{"footnotes":""},"class_list":["post-4484","page","type-page","status-publish","hentry"],"yoast_head":"<!-- This site is optimized with the Yoast SEO plugin v27.5 - https:\/\/yoast.com\/product\/yoast-seo-wordpress\/ -->\n<title>Entes sujetos a Control - Contralor\u00eda del Estado Monagas<\/title>\n<meta name=\"robots\" content=\"index, follow, max-snippet:-1, max-image-preview:large, max-video-preview:-1\" \/>\n<link rel=\"canonical\" href=\"https:\/\/contraloriamonagas.gob.ve\/?page_id=4484\" \/>\n<meta property=\"og:locale\" content=\"es_ES\" \/>\n<meta property=\"og:type\" content=\"article\" \/>\n<meta property=\"og:title\" content=\"Entes sujetos a Control - Contralor\u00eda del Estado Monagas\" \/>\n<meta property=\"og:description\" content=\"Entes sujetos a control de la Direcci\u00f3n de Control de la Administraci\u00f3n Descentralizada1.- Servicios Aut\u00f3nomos:Servicio Aut\u00f3nomo de Llamadas de Emergencias 911 del estado. (Servicios 911)Servicio Aut\u00f3nomo de la Vivienda del estado Monagas. (SERVIM)Fondo de Cr\u00e9dito del estado Monagas. (FONCREDEMO) 2.- Institutos Aut\u00f3nomos:Instituto de Infraestructura, Ecosocialismo, H\u00e1bitat y Vivienda del estado Monagas.(INFRAMONAGAS)Instituto de la Cultura del [&hellip;]\" \/>\n<meta property=\"og:url\" content=\"https:\/\/contraloriamonagas.gob.ve\/?page_id=4484\" \/>\n<meta property=\"og:site_name\" content=\"Contralor\u00eda del Estado Monagas\" \/>\n<meta property=\"article:publisher\" content=\"https:\/\/www.facebook.com\/pages\/Contraloria-Monagas\/386123361457715\" \/>\n<meta property=\"article:modified_time\" content=\"2025-04-23T15:48:11+00:00\" \/>\n<meta name=\"twitter:card\" content=\"summary_large_image\" \/>\n<meta name=\"twitter:label1\" content=\"Tiempo estimado de lectura\" \/>\n\t<meta name=\"twitter:data1\" content=\"2 minutos\" \/>\n<script type=\"application\/ld+json\" class=\"yoast-schema-graph\">{\"@context\":\"https:\\\/\\\/schema.org\",\"@graph\":[{\"@type\":\"WebPage\",\"@id\":\"https:\\\/\\\/contraloriamonagas.gob.ve\\\/?page_id=4484\",\"url\":\"https:\\\/\\\/contraloriamonagas.gob.ve\\\/?page_id=4484\",\"name\":\"Entes sujetos a Control - Contralor\u00eda del Estado Monagas\",\"isPartOf\":{\"@id\":\"https:\\\/\\\/contraloriamonagas.gob.ve\\\/#website\"},\"datePublished\":\"2022-10-25T17:09:58+00:00\",\"dateModified\":\"2025-04-23T15:48:11+00:00\",\"breadcrumb\":{\"@id\":\"https:\\\/\\\/contraloriamonagas.gob.ve\\\/?page_id=4484#breadcrumb\"},\"inLanguage\":\"es\",\"potentialAction\":[{\"@type\":\"ReadAction\",\"target\":[\"https:\\\/\\\/contraloriamonagas.gob.ve\\\/?page_id=4484\"]}]},{\"@type\":\"BreadcrumbList\",\"@id\":\"https:\\\/\\\/contraloriamonagas.gob.ve\\\/?page_id=4484#breadcrumb\",\"itemListElement\":[{\"@type\":\"ListItem\",\"position\":1,\"name\":\"Portada\",\"item\":\"https:\\\/\\\/contraloriamonagas.gob.ve\\\/\"},{\"@type\":\"ListItem\",\"position\":2,\"name\":\"Entes sujetos a Control\"}]},{\"@type\":\"WebSite\",\"@id\":\"https:\\\/\\\/contraloriamonagas.gob.ve\\\/#website\",\"url\":\"https:\\\/\\\/contraloriamonagas.gob.ve\\\/\",\"name\":\"Contralor\u00eda del Estado Monagas\",\"description\":\"hacia la consolidaci\u00f3n del sistema nacional de control fiscal\",\"publisher\":{\"@id\":\"https:\\\/\\\/contraloriamonagas.gob.ve\\\/#organization\"},\"potentialAction\":[{\"@type\":\"SearchAction\",\"target\":{\"@type\":\"EntryPoint\",\"urlTemplate\":\"https:\\\/\\\/contraloriamonagas.gob.ve\\\/?s={search_term_string}\"},\"query-input\":{\"@type\":\"PropertyValueSpecification\",\"valueRequired\":true,\"valueName\":\"search_term_string\"}}],\"inLanguage\":\"es\"},{\"@type\":\"Organization\",\"@id\":\"https:\\\/\\\/contraloriamonagas.gob.ve\\\/#organization\",\"name\":\"Contralor\u00eda del Estado Monagas\",\"url\":\"https:\\\/\\\/contraloriamonagas.gob.ve\\\/\",\"logo\":{\"@type\":\"ImageObject\",\"inLanguage\":\"es\",\"@id\":\"https:\\\/\\\/contraloriamonagas.gob.ve\\\/#\\\/schema\\\/logo\\\/image\\\/\",\"url\":\"https:\\\/\\\/contraloriamonagas.gob.ve\\\/wp-content\\\/uploads\\\/LOGO-CEM-A-COLOR-sin-fondo-1.png\",\"contentUrl\":\"https:\\\/\\\/contraloriamonagas.gob.ve\\\/wp-content\\\/uploads\\\/LOGO-CEM-A-COLOR-sin-fondo-1.png\",\"width\":3301,\"height\":2551,\"caption\":\"Contralor\u00eda del Estado Monagas\"},\"image\":{\"@id\":\"https:\\\/\\\/contraloriamonagas.gob.ve\\\/#\\\/schema\\\/logo\\\/image\\\/\"},\"sameAs\":[\"https:\\\/\\\/www.facebook.com\\\/pages\\\/Contraloria-Monagas\\\/386123361457715\"]}]}<\/script>\n<!-- \/ Yoast SEO plugin. -->","yoast_head_json":{"title":"Entes sujetos a Control - Contralor\u00eda del Estado Monagas","robots":{"index":"index","follow":"follow","max-snippet":"max-snippet:-1","max-image-preview":"max-image-preview:large","max-video-preview":"max-video-preview:-1"},"canonical":"https:\/\/contraloriamonagas.gob.ve\/?page_id=4484","og_locale":"es_ES","og_type":"article","og_title":"Entes sujetos a Control - Contralor\u00eda del Estado Monagas","og_description":"Entes sujetos a control de la Direcci\u00f3n de Control de la Administraci\u00f3n Descentralizada1.- Servicios Aut\u00f3nomos:Servicio Aut\u00f3nomo de Llamadas de Emergencias 911 del estado. (Servicios 911)Servicio Aut\u00f3nomo de la Vivienda del estado Monagas. (SERVIM)Fondo de Cr\u00e9dito del estado Monagas. (FONCREDEMO) 2.- Institutos Aut\u00f3nomos:Instituto de Infraestructura, Ecosocialismo, H\u00e1bitat y Vivienda del estado Monagas.(INFRAMONAGAS)Instituto de la Cultura del [&hellip;]","og_url":"https:\/\/contraloriamonagas.gob.ve\/?page_id=4484","og_site_name":"Contralor\u00eda del Estado Monagas","article_publisher":"https:\/\/www.facebook.com\/pages\/Contraloria-Monagas\/386123361457715","article_modified_time":"2025-04-23T15:48:11+00:00","twitter_card":"summary_large_image","twitter_misc":{"Tiempo estimado de lectura":"2 minutos"},"schema":{"@context":"https:\/\/schema.org","@graph":[{"@type":"WebPage","@id":"https:\/\/contraloriamonagas.gob.ve\/?page_id=4484","url":"https:\/\/contraloriamonagas.gob.ve\/?page_id=4484","name":"Entes sujetos a Control - Contralor\u00eda del Estado Monagas","isPartOf":{"@id":"https:\/\/contraloriamonagas.gob.ve\/#website"},"datePublished":"2022-10-25T17:09:58+00:00","dateModified":"2025-04-23T15:48:11+00:00","breadcrumb":{"@id":"https:\/\/contraloriamonagas.gob.ve\/?page_id=4484#breadcrumb"},"inLanguage":"es","potentialAction":[{"@type":"ReadAction","target":["https:\/\/contraloriamonagas.gob.ve\/?page_id=4484"]}]},{"@type":"BreadcrumbList","@id":"https:\/\/contraloriamonagas.gob.ve\/?page_id=4484#breadcrumb","itemListElement":[{"@type":"ListItem","position":1,"name":"Portada","item":"https:\/\/contraloriamonagas.gob.ve\/"},{"@type":"ListItem","position":2,"name":"Entes sujetos a Control"}]},{"@type":"WebSite","@id":"https:\/\/contraloriamonagas.gob.ve\/#website","url":"https:\/\/contraloriamonagas.gob.ve\/","name":"Contralor\u00eda del Estado Monagas","description":"hacia la consolidaci\u00f3n del sistema nacional de control fiscal","publisher":{"@id":"https:\/\/contraloriamonagas.gob.ve\/#organization"},"potentialAction":[{"@type":"SearchAction","target":{"@type":"EntryPoint","urlTemplate":"https:\/\/contraloriamonagas.gob.ve\/?s={search_term_string}"},"query-input":{"@type":"PropertyValueSpecification","valueRequired":true,"valueName":"search_term_string"}}],"inLanguage":"es"},{"@type":"Organization","@id":"https:\/\/contraloriamonagas.gob.ve\/#organization","name":"Contralor\u00eda del Estado Monagas","url":"https:\/\/contraloriamonagas.gob.ve\/","logo":{"@type":"ImageObject","inLanguage":"es","@id":"https:\/\/contraloriamonagas.gob.ve\/#\/schema\/logo\/image\/","url":"https:\/\/contraloriamonagas.gob.ve\/wp-content\/uploads\/LOGO-CEM-A-COLOR-sin-fondo-1.png","contentUrl":"https:\/\/contraloriamonagas.gob.ve\/wp-content\/uploads\/LOGO-CEM-A-COLOR-sin-fondo-1.png","width":3301,"height":2551,"caption":"Contralor\u00eda del Estado Monagas"},"image":{"@id":"https:\/\/contraloriamonagas.gob.ve\/#\/schema\/logo\/image\/"},"sameAs":["https:\/\/www.facebook.com\/pages\/Contraloria-Monagas\/386123361457715"]}]}},"_links":{"self":[{"href":"https:\/\/contraloriamonagas.gob.ve\/index.php?rest_route=\/wp\/v2\/pages\/4484","targetHints":{"allow":["GET"]}}],"collection":[{"href":"https:\/\/contraloriamonagas.gob.ve\/index.php?rest_route=\/wp\/v2\/pages"}],"about":[{"href":"https:\/\/contraloriamonagas.gob.ve\/index.php?rest_route=\/wp\/v2\/types\/page"}],"author":[{"embeddable":true,"href":"https:\/\/contraloriamonagas.gob.ve\/index.php?rest_route=\/wp\/v2\/users\/1"}],"replies":[{"embeddable":true,"href":"https:\/\/contraloriamonagas.gob.ve\/index.php?rest_route=%2Fwp%2Fv2%2Fcomments&post=4484"}],"version-history":[{"count":4,"href":"https:\/\/contraloriamonagas.gob.ve\/index.php?rest_route=\/wp\/v2\/pages\/4484\/revisions"}],"predecessor-version":[{"id":6165,"href":"https:\/\/contraloriamonagas.gob.ve\/index.php?rest_route=\/wp\/v2\/pages\/4484\/revisions\/6165"}],"wp:attachment":[{"href":"https:\/\/contraloriamonagas.gob.ve\/index.php?rest_route=%2Fwp%2Fv2%2Fmedia&parent=4484"}],"curies":[{"name":"wp","href":"https:\/\/api.w.org\/{rel}","templated":true}]}}