{"id":4479,"date":"2022-10-24T19:50:40","date_gmt":"2022-10-24T19:50:40","guid":{"rendered":"https:\/\/contraloriamonagas.gob.ve\/?page_id=4479"},"modified":"2022-10-24T19:50:41","modified_gmt":"2022-10-24T19:50:41","slug":"determinaciones-2020-3","status":"publish","type":"page","link":"https:\/\/contraloriamonagas.gob.ve\/?page_id=4479","title":{"rendered":"Determinaciones 2020"},"content":{"rendered":"\n<div class=\"wp-block-group\"><div class=\"wp-block-group__inner-container is-layout-flow wp-block-group-is-layout-flow\">\n<p>DECISI\u00d3N: Procedimiento Administrativo para la Determinaci\u00f3n de Responsabilidades,  iniciado por esta Direcci\u00f3n en fecha 22 de marzo de 2019, se declar\u00f3 la Responsabilidad Administrativa.<\/p>\n\n\n\n<p>ORGANISMO: INSTITUTO \u00daNICO PARA LA SALUD DEL ESTADO MONAGAS. (INSAMONAGAS).<\/p>\n\n\n\n<p><a href=\"https:\/\/contraloriamonagas.gob.ve\/wp-content\/uploads\/DECISIONES-DE-LA-DIRECCION-DE-DETERMINACION-INSAMONAGAS.pdf\">DDR-03-01-2019-001<\/a><\/p>\n\n\n\n<p>DECISI\u00d3N:  Procedimiento Administrativo para la Determinaci\u00f3n de Responsabilidades, iniciado por esta Direcci\u00f3n en fecha 10 de abril de 2019, se declar\u00f3 la Responsabilidad Administrativa<\/p>\n\n\n\n<p>ORGANISMO: HOSPITAL UNIVERSITARIO DR. MANUEL NU\u00d1EZ TOVAR.<\/p>\n\n\n\n<p><a href=\"https:\/\/contraloriamonagas.gob.ve\/wp-content\/uploads\/DECISIONES-DE-LA-DIRECCION-DE-DETERMINACION-INSAMONAGAS.pdf\">DDR-03-01-2019-002<\/a><\/p>\n<\/div><\/div>\n","protected":false},"excerpt":{"rendered":"<p>DECISI\u00d3N: Procedimiento Administrativo para la Determinaci\u00f3n de Responsabilidades, iniciado por esta Direcci\u00f3n en fecha 22 de marzo de 2019, se declar\u00f3 la Responsabilidad Administrativa. ORGANISMO: INSTITUTO \u00daNICO PARA LA SALUD DEL ESTADO MONAGAS. (INSAMONAGAS). DDR-03-01-2019-001 DECISI\u00d3N: Procedimiento Administrativo para la Determinaci\u00f3n de Responsabilidades, iniciado por esta Direcci\u00f3n en fecha 10 de abril de 2019, se [&hellip;]<\/p>\n","protected":false},"author":1,"featured_media":0,"parent":0,"menu_order":0,"comment_status":"closed","ping_status":"closed","template":"","meta":{"footnotes":""},"class_list":["post-4479","page","type-page","status-publish","hentry"],"yoast_head":"<!-- This site is optimized with the Yoast SEO plugin v27.5 - https:\/\/yoast.com\/product\/yoast-seo-wordpress\/ -->\n<title>Determinaciones 2020 - Contralor\u00eda del Estado Monagas<\/title>\n<meta name=\"robots\" content=\"index, follow, max-snippet:-1, max-image-preview:large, max-video-preview:-1\" \/>\n<link rel=\"canonical\" href=\"https:\/\/contraloriamonagas.gob.ve\/?page_id=4479\" \/>\n<meta property=\"og:locale\" content=\"es_ES\" \/>\n<meta property=\"og:type\" content=\"article\" \/>\n<meta property=\"og:title\" content=\"Determinaciones 2020 - Contralor\u00eda del Estado Monagas\" \/>\n<meta property=\"og:description\" content=\"DECISI\u00d3N: Procedimiento Administrativo para la Determinaci\u00f3n de Responsabilidades, iniciado por esta Direcci\u00f3n en fecha 22 de marzo de 2019, se declar\u00f3 la Responsabilidad Administrativa. ORGANISMO: INSTITUTO \u00daNICO PARA LA SALUD DEL ESTADO MONAGAS. (INSAMONAGAS). DDR-03-01-2019-001 DECISI\u00d3N: Procedimiento Administrativo para la Determinaci\u00f3n de Responsabilidades, iniciado por esta Direcci\u00f3n en fecha 10 de abril de 2019, se [&hellip;]\" \/>\n<meta property=\"og:url\" content=\"https:\/\/contraloriamonagas.gob.ve\/?page_id=4479\" \/>\n<meta property=\"og:site_name\" content=\"Contralor\u00eda del Estado Monagas\" \/>\n<meta property=\"article:publisher\" content=\"https:\/\/www.facebook.com\/pages\/Contraloria-Monagas\/386123361457715\" \/>\n<meta property=\"article:modified_time\" content=\"2022-10-24T19:50:41+00:00\" \/>\n<meta name=\"twitter:card\" content=\"summary_large_image\" \/>\n<meta name=\"twitter:label1\" content=\"Tiempo estimado de lectura\" \/>\n\t<meta name=\"twitter:data1\" content=\"1 minuto\" \/>\n<script type=\"application\/ld+json\" class=\"yoast-schema-graph\">{\"@context\":\"https:\\\/\\\/schema.org\",\"@graph\":[{\"@type\":\"WebPage\",\"@id\":\"https:\\\/\\\/contraloriamonagas.gob.ve\\\/?page_id=4479\",\"url\":\"https:\\\/\\\/contraloriamonagas.gob.ve\\\/?page_id=4479\",\"name\":\"Determinaciones 2020 - Contralor\u00eda del Estado Monagas\",\"isPartOf\":{\"@id\":\"https:\\\/\\\/contraloriamonagas.gob.ve\\\/#website\"},\"datePublished\":\"2022-10-24T19:50:40+00:00\",\"dateModified\":\"2022-10-24T19:50:41+00:00\",\"breadcrumb\":{\"@id\":\"https:\\\/\\\/contraloriamonagas.gob.ve\\\/?page_id=4479#breadcrumb\"},\"inLanguage\":\"es\",\"potentialAction\":[{\"@type\":\"ReadAction\",\"target\":[\"https:\\\/\\\/contraloriamonagas.gob.ve\\\/?page_id=4479\"]}]},{\"@type\":\"BreadcrumbList\",\"@id\":\"https:\\\/\\\/contraloriamonagas.gob.ve\\\/?page_id=4479#breadcrumb\",\"itemListElement\":[{\"@type\":\"ListItem\",\"position\":1,\"name\":\"Portada\",\"item\":\"https:\\\/\\\/contraloriamonagas.gob.ve\\\/\"},{\"@type\":\"ListItem\",\"position\":2,\"name\":\"Determinaciones 2020\"}]},{\"@type\":\"WebSite\",\"@id\":\"https:\\\/\\\/contraloriamonagas.gob.ve\\\/#website\",\"url\":\"https:\\\/\\\/contraloriamonagas.gob.ve\\\/\",\"name\":\"Contralor\u00eda del Estado Monagas\",\"description\":\"hacia la consolidaci\u00f3n del sistema nacional de control fiscal\",\"publisher\":{\"@id\":\"https:\\\/\\\/contraloriamonagas.gob.ve\\\/#organization\"},\"potentialAction\":[{\"@type\":\"SearchAction\",\"target\":{\"@type\":\"EntryPoint\",\"urlTemplate\":\"https:\\\/\\\/contraloriamonagas.gob.ve\\\/?s={search_term_string}\"},\"query-input\":{\"@type\":\"PropertyValueSpecification\",\"valueRequired\":true,\"valueName\":\"search_term_string\"}}],\"inLanguage\":\"es\"},{\"@type\":\"Organization\",\"@id\":\"https:\\\/\\\/contraloriamonagas.gob.ve\\\/#organization\",\"name\":\"Contralor\u00eda del Estado Monagas\",\"url\":\"https:\\\/\\\/contraloriamonagas.gob.ve\\\/\",\"logo\":{\"@type\":\"ImageObject\",\"inLanguage\":\"es\",\"@id\":\"https:\\\/\\\/contraloriamonagas.gob.ve\\\/#\\\/schema\\\/logo\\\/image\\\/\",\"url\":\"https:\\\/\\\/contraloriamonagas.gob.ve\\\/wp-content\\\/uploads\\\/LOGO-CEM-A-COLOR-sin-fondo-1.png\",\"contentUrl\":\"https:\\\/\\\/contraloriamonagas.gob.ve\\\/wp-content\\\/uploads\\\/LOGO-CEM-A-COLOR-sin-fondo-1.png\",\"width\":3301,\"height\":2551,\"caption\":\"Contralor\u00eda del Estado Monagas\"},\"image\":{\"@id\":\"https:\\\/\\\/contraloriamonagas.gob.ve\\\/#\\\/schema\\\/logo\\\/image\\\/\"},\"sameAs\":[\"https:\\\/\\\/www.facebook.com\\\/pages\\\/Contraloria-Monagas\\\/386123361457715\"]}]}<\/script>\n<!-- \/ Yoast SEO plugin. -->","yoast_head_json":{"title":"Determinaciones 2020 - Contralor\u00eda del Estado Monagas","robots":{"index":"index","follow":"follow","max-snippet":"max-snippet:-1","max-image-preview":"max-image-preview:large","max-video-preview":"max-video-preview:-1"},"canonical":"https:\/\/contraloriamonagas.gob.ve\/?page_id=4479","og_locale":"es_ES","og_type":"article","og_title":"Determinaciones 2020 - Contralor\u00eda del Estado Monagas","og_description":"DECISI\u00d3N: Procedimiento Administrativo para la Determinaci\u00f3n de Responsabilidades, iniciado por esta Direcci\u00f3n en fecha 22 de marzo de 2019, se declar\u00f3 la Responsabilidad Administrativa. ORGANISMO: INSTITUTO \u00daNICO PARA LA SALUD DEL ESTADO MONAGAS. (INSAMONAGAS). DDR-03-01-2019-001 DECISI\u00d3N: Procedimiento Administrativo para la Determinaci\u00f3n de Responsabilidades, iniciado por esta Direcci\u00f3n en fecha 10 de abril de 2019, se [&hellip;]","og_url":"https:\/\/contraloriamonagas.gob.ve\/?page_id=4479","og_site_name":"Contralor\u00eda del Estado Monagas","article_publisher":"https:\/\/www.facebook.com\/pages\/Contraloria-Monagas\/386123361457715","article_modified_time":"2022-10-24T19:50:41+00:00","twitter_card":"summary_large_image","twitter_misc":{"Tiempo estimado de lectura":"1 minuto"},"schema":{"@context":"https:\/\/schema.org","@graph":[{"@type":"WebPage","@id":"https:\/\/contraloriamonagas.gob.ve\/?page_id=4479","url":"https:\/\/contraloriamonagas.gob.ve\/?page_id=4479","name":"Determinaciones 2020 - Contralor\u00eda del Estado Monagas","isPartOf":{"@id":"https:\/\/contraloriamonagas.gob.ve\/#website"},"datePublished":"2022-10-24T19:50:40+00:00","dateModified":"2022-10-24T19:50:41+00:00","breadcrumb":{"@id":"https:\/\/contraloriamonagas.gob.ve\/?page_id=4479#breadcrumb"},"inLanguage":"es","potentialAction":[{"@type":"ReadAction","target":["https:\/\/contraloriamonagas.gob.ve\/?page_id=4479"]}]},{"@type":"BreadcrumbList","@id":"https:\/\/contraloriamonagas.gob.ve\/?page_id=4479#breadcrumb","itemListElement":[{"@type":"ListItem","position":1,"name":"Portada","item":"https:\/\/contraloriamonagas.gob.ve\/"},{"@type":"ListItem","position":2,"name":"Determinaciones 2020"}]},{"@type":"WebSite","@id":"https:\/\/contraloriamonagas.gob.ve\/#website","url":"https:\/\/contraloriamonagas.gob.ve\/","name":"Contralor\u00eda del Estado Monagas","description":"hacia la consolidaci\u00f3n del sistema nacional de control fiscal","publisher":{"@id":"https:\/\/contraloriamonagas.gob.ve\/#organization"},"potentialAction":[{"@type":"SearchAction","target":{"@type":"EntryPoint","urlTemplate":"https:\/\/contraloriamonagas.gob.ve\/?s={search_term_string}"},"query-input":{"@type":"PropertyValueSpecification","valueRequired":true,"valueName":"search_term_string"}}],"inLanguage":"es"},{"@type":"Organization","@id":"https:\/\/contraloriamonagas.gob.ve\/#organization","name":"Contralor\u00eda del Estado Monagas","url":"https:\/\/contraloriamonagas.gob.ve\/","logo":{"@type":"ImageObject","inLanguage":"es","@id":"https:\/\/contraloriamonagas.gob.ve\/#\/schema\/logo\/image\/","url":"https:\/\/contraloriamonagas.gob.ve\/wp-content\/uploads\/LOGO-CEM-A-COLOR-sin-fondo-1.png","contentUrl":"https:\/\/contraloriamonagas.gob.ve\/wp-content\/uploads\/LOGO-CEM-A-COLOR-sin-fondo-1.png","width":3301,"height":2551,"caption":"Contralor\u00eda del Estado Monagas"},"image":{"@id":"https:\/\/contraloriamonagas.gob.ve\/#\/schema\/logo\/image\/"},"sameAs":["https:\/\/www.facebook.com\/pages\/Contraloria-Monagas\/386123361457715"]}]}},"_links":{"self":[{"href":"https:\/\/contraloriamonagas.gob.ve\/index.php?rest_route=\/wp\/v2\/pages\/4479","targetHints":{"allow":["GET"]}}],"collection":[{"href":"https:\/\/contraloriamonagas.gob.ve\/index.php?rest_route=\/wp\/v2\/pages"}],"about":[{"href":"https:\/\/contraloriamonagas.gob.ve\/index.php?rest_route=\/wp\/v2\/types\/page"}],"author":[{"embeddable":true,"href":"https:\/\/contraloriamonagas.gob.ve\/index.php?rest_route=\/wp\/v2\/users\/1"}],"replies":[{"embeddable":true,"href":"https:\/\/contraloriamonagas.gob.ve\/index.php?rest_route=%2Fwp%2Fv2%2Fcomments&post=4479"}],"version-history":[{"count":1,"href":"https:\/\/contraloriamonagas.gob.ve\/index.php?rest_route=\/wp\/v2\/pages\/4479\/revisions"}],"predecessor-version":[{"id":4480,"href":"https:\/\/contraloriamonagas.gob.ve\/index.php?rest_route=\/wp\/v2\/pages\/4479\/revisions\/4480"}],"wp:attachment":[{"href":"https:\/\/contraloriamonagas.gob.ve\/index.php?rest_route=%2Fwp%2Fv2%2Fmedia&parent=4479"}],"curies":[{"name":"wp","href":"https:\/\/api.w.org\/{rel}","templated":true}]}}