{"id":3815,"date":"2020-01-16T18:47:31","date_gmt":"2020-01-16T18:47:31","guid":{"rendered":"https:\/\/contraloriamonagas.gob.ve\/?page_id=3815"},"modified":"2020-01-17T14:21:28","modified_gmt":"2020-01-17T14:21:28","slug":"resumenes-ejecutivos-2019","status":"publish","type":"page","link":"https:\/\/contraloriamonagas.gob.ve\/?page_id=3815","title":{"rendered":"RES\u00daMENES EJECUTIVOS 2019"},"content":{"rendered":"<h1 style=\"text-align: center;\"><strong><span style=\"color: #000080;\">RES\u00daMENES EJECUTIVOS CENTRAL<\/span><br \/>\n<\/strong><\/h1>\n<h3><a href=\"https:\/\/contraloriamonagas.gob.ve\/wp-content\/uploads\/1.-RESUMEN-EJECUTIVO-GEM-ALCANCE-2017-1.pdf\">1.-RESUMEN EJECUTIVO GEM ALCANCE 2017<\/a><\/h3>\n<h3><a href=\"https:\/\/contraloriamonagas.gob.ve\/wp-content\/uploads\/2.-RESUMEN-EJECUTIVO-PGEM-ALCANCE-2018-1.pdf\">2.-RESUMEN EJECUTIVO PGEM ALCANCE 2018<\/a><\/h3>\n<h3><a href=\"https:\/\/contraloriamonagas.gob.ve\/wp-content\/uploads\/3.-RESUMEN-EJECUTIVO-DIRECCI\u00d3N-DE-BIENES-ESTADALES-GEM-ALCANCE-2018-1.pdf\">3.-RESUMEN EJECUTIVO DIRECCI\u00d3N DE BIENES ESTADALES GEM ALCANCE 2018<\/a><\/h3>\n<h3><a href=\"https:\/\/contraloriamonagas.gob.ve\/wp-content\/uploads\/4.-RESUMEN-EJECUTIVO-CONSEJO-COMUNAL-AMANA-ABAJO-ALCANCE-2018-1.pdf\">4.-RESUMEN EJECUTIVO CONSEJO COMUNAL AMANA ABAJO ALCANCE 2018<\/a><\/h3>\n<h3><a href=\"https:\/\/contraloriamonagas.gob.ve\/wp-content\/uploads\/5.-RESUMEN-EJECUTIVO-CLSEM-ALCANCE-2017-1.pdf\">5.-RESUMEN EJECUTIVO CLSEM ALCANCE 2017<\/a><\/h3>\n<h3><a href=\"https:\/\/contraloriamonagas.gob.ve\/wp-content\/uploads\/6.-RESUMEN-EJECUTIVO-CLSEM-ALCANCE-2018-1.pdf\">6.-RESUMEN EJECUTIVO CLSEM ALCANCE 2018<\/a><\/h3>\n<h1 style=\"text-align: center;\"><span style=\"color: #000080;\"><strong>RES\u00daMENES EJECUTIVOS DESCENTRALIZADA<\/strong><\/span><\/h1>\n<h3><a href=\"https:\/\/contraloriamonagas.gob.ve\/wp-content\/uploads\/1.-SERVIM-2019-1.pdf\">1.-SERVIM 2019<\/a><\/h3>\n<h3><a href=\"https:\/\/contraloriamonagas.gob.ve\/wp-content\/uploads\/2.-SOBERANIA-1.pdf\">2.-SOBERAN\u00cdA<\/a><\/h3>\n<h3><a href=\"https:\/\/contraloriamonagas.gob.ve\/wp-content\/uploads\/3.-FONCREDEMO-1.pdf\">3.-FONCREDEMO<\/a><\/h3>\n<h3><a href=\"https:\/\/contraloriamonagas.gob.ve\/wp-content\/uploads\/4.-GOBIERNO-DE-CALLE-1.pdf\">4.-GOBIERNO DE CALLE<\/a><\/h3>\n<h3><a href=\"https:\/\/contraloriamonagas.gob.ve\/wp-content\/uploads\/5.-RESUMEN-EJECUTIVO-INFRAMONAGAS-20-11-19-1.pdf\">5.-RESUMEN EJECUTIVO INFRAMONAGAS 20-11-19<\/a><\/h3>\n<h3><a href=\"https:\/\/contraloriamonagas.gob.ve\/wp-content\/uploads\/6.-INSAMONAGAS-1.pdf\">6.-INSAMONAGAS<\/a><\/h3>\n<p>&nbsp;<\/p>\n","protected":false},"excerpt":{"rendered":"<p>RES\u00daMENES EJECUTIVOS CENTRAL 1.-RESUMEN EJECUTIVO GEM ALCANCE 2017 2.-RESUMEN EJECUTIVO PGEM ALCANCE 2018 3.-RESUMEN EJECUTIVO DIRECCI\u00d3N DE BIENES ESTADALES GEM ALCANCE 2018 4.-RESUMEN EJECUTIVO CONSEJO COMUNAL AMANA ABAJO ALCANCE 2018 5.-RESUMEN EJECUTIVO CLSEM ALCANCE 2017 6.-RESUMEN EJECUTIVO CLSEM ALCANCE 2018 RES\u00daMENES EJECUTIVOS DESCENTRALIZADA 1.-SERVIM 2019 2.-SOBERAN\u00cdA 3.-FONCREDEMO 4.-GOBIERNO DE CALLE 5.-RESUMEN EJECUTIVO INFRAMONAGAS 20-11-19 6.-INSAMONAGAS [&hellip;]<\/p>\n","protected":false},"author":1,"featured_media":0,"parent":0,"menu_order":36,"comment_status":"closed","ping_status":"closed","template":"","meta":{"footnotes":""},"class_list":["post-3815","page","type-page","status-publish","hentry"],"yoast_head":"<!-- This site is optimized with the Yoast SEO plugin v27.5 - https:\/\/yoast.com\/product\/yoast-seo-wordpress\/ -->\n<title>RES\u00daMENES EJECUTIVOS 2019 - Contralor\u00eda del Estado Monagas<\/title>\n<meta name=\"robots\" content=\"index, follow, max-snippet:-1, max-image-preview:large, max-video-preview:-1\" \/>\n<link rel=\"canonical\" href=\"https:\/\/contraloriamonagas.gob.ve\/?page_id=3815\" \/>\n<meta property=\"og:locale\" content=\"es_ES\" \/>\n<meta property=\"og:type\" content=\"article\" \/>\n<meta property=\"og:title\" content=\"RES\u00daMENES EJECUTIVOS 2019 - Contralor\u00eda del Estado Monagas\" \/>\n<meta property=\"og:description\" content=\"RES\u00daMENES EJECUTIVOS CENTRAL 1.-RESUMEN EJECUTIVO GEM ALCANCE 2017 2.-RESUMEN EJECUTIVO PGEM ALCANCE 2018 3.-RESUMEN EJECUTIVO DIRECCI\u00d3N DE BIENES ESTADALES GEM ALCANCE 2018 4.-RESUMEN EJECUTIVO CONSEJO COMUNAL AMANA ABAJO ALCANCE 2018 5.-RESUMEN EJECUTIVO CLSEM ALCANCE 2017 6.-RESUMEN EJECUTIVO CLSEM ALCANCE 2018 RES\u00daMENES EJECUTIVOS DESCENTRALIZADA 1.-SERVIM 2019 2.-SOBERAN\u00cdA 3.-FONCREDEMO 4.-GOBIERNO DE CALLE 5.-RESUMEN EJECUTIVO INFRAMONAGAS 20-11-19 6.-INSAMONAGAS [&hellip;]\" \/>\n<meta property=\"og:url\" content=\"https:\/\/contraloriamonagas.gob.ve\/?page_id=3815\" \/>\n<meta property=\"og:site_name\" content=\"Contralor\u00eda del Estado Monagas\" \/>\n<meta property=\"article:publisher\" content=\"https:\/\/www.facebook.com\/pages\/Contraloria-Monagas\/386123361457715\" \/>\n<meta property=\"article:modified_time\" content=\"2020-01-17T14:21:28+00:00\" \/>\n<meta name=\"twitter:card\" content=\"summary_large_image\" \/>\n<script type=\"application\/ld+json\" class=\"yoast-schema-graph\">{\"@context\":\"https:\\\/\\\/schema.org\",\"@graph\":[{\"@type\":\"WebPage\",\"@id\":\"https:\\\/\\\/contraloriamonagas.gob.ve\\\/?page_id=3815\",\"url\":\"https:\\\/\\\/contraloriamonagas.gob.ve\\\/?page_id=3815\",\"name\":\"RES\u00daMENES EJECUTIVOS 2019 - Contralor\u00eda del Estado Monagas\",\"isPartOf\":{\"@id\":\"https:\\\/\\\/contraloriamonagas.gob.ve\\\/#website\"},\"datePublished\":\"2020-01-16T18:47:31+00:00\",\"dateModified\":\"2020-01-17T14:21:28+00:00\",\"breadcrumb\":{\"@id\":\"https:\\\/\\\/contraloriamonagas.gob.ve\\\/?page_id=3815#breadcrumb\"},\"inLanguage\":\"es\",\"potentialAction\":[{\"@type\":\"ReadAction\",\"target\":[\"https:\\\/\\\/contraloriamonagas.gob.ve\\\/?page_id=3815\"]}]},{\"@type\":\"BreadcrumbList\",\"@id\":\"https:\\\/\\\/contraloriamonagas.gob.ve\\\/?page_id=3815#breadcrumb\",\"itemListElement\":[{\"@type\":\"ListItem\",\"position\":1,\"name\":\"Portada\",\"item\":\"https:\\\/\\\/contraloriamonagas.gob.ve\\\/\"},{\"@type\":\"ListItem\",\"position\":2,\"name\":\"RES\u00daMENES EJECUTIVOS 2019\"}]},{\"@type\":\"WebSite\",\"@id\":\"https:\\\/\\\/contraloriamonagas.gob.ve\\\/#website\",\"url\":\"https:\\\/\\\/contraloriamonagas.gob.ve\\\/\",\"name\":\"Contralor\u00eda del Estado Monagas\",\"description\":\"hacia la consolidaci\u00f3n del sistema nacional de control fiscal\",\"publisher\":{\"@id\":\"https:\\\/\\\/contraloriamonagas.gob.ve\\\/#organization\"},\"potentialAction\":[{\"@type\":\"SearchAction\",\"target\":{\"@type\":\"EntryPoint\",\"urlTemplate\":\"https:\\\/\\\/contraloriamonagas.gob.ve\\\/?s={search_term_string}\"},\"query-input\":{\"@type\":\"PropertyValueSpecification\",\"valueRequired\":true,\"valueName\":\"search_term_string\"}}],\"inLanguage\":\"es\"},{\"@type\":\"Organization\",\"@id\":\"https:\\\/\\\/contraloriamonagas.gob.ve\\\/#organization\",\"name\":\"Contralor\u00eda del Estado Monagas\",\"url\":\"https:\\\/\\\/contraloriamonagas.gob.ve\\\/\",\"logo\":{\"@type\":\"ImageObject\",\"inLanguage\":\"es\",\"@id\":\"https:\\\/\\\/contraloriamonagas.gob.ve\\\/#\\\/schema\\\/logo\\\/image\\\/\",\"url\":\"https:\\\/\\\/contraloriamonagas.gob.ve\\\/wp-content\\\/uploads\\\/LOGO-CEM-A-COLOR-sin-fondo-1.png\",\"contentUrl\":\"https:\\\/\\\/contraloriamonagas.gob.ve\\\/wp-content\\\/uploads\\\/LOGO-CEM-A-COLOR-sin-fondo-1.png\",\"width\":3301,\"height\":2551,\"caption\":\"Contralor\u00eda del Estado Monagas\"},\"image\":{\"@id\":\"https:\\\/\\\/contraloriamonagas.gob.ve\\\/#\\\/schema\\\/logo\\\/image\\\/\"},\"sameAs\":[\"https:\\\/\\\/www.facebook.com\\\/pages\\\/Contraloria-Monagas\\\/386123361457715\"]}]}<\/script>\n<!-- \/ Yoast SEO plugin. -->","yoast_head_json":{"title":"RES\u00daMENES EJECUTIVOS 2019 - Contralor\u00eda del Estado Monagas","robots":{"index":"index","follow":"follow","max-snippet":"max-snippet:-1","max-image-preview":"max-image-preview:large","max-video-preview":"max-video-preview:-1"},"canonical":"https:\/\/contraloriamonagas.gob.ve\/?page_id=3815","og_locale":"es_ES","og_type":"article","og_title":"RES\u00daMENES EJECUTIVOS 2019 - Contralor\u00eda del Estado Monagas","og_description":"RES\u00daMENES EJECUTIVOS CENTRAL 1.-RESUMEN EJECUTIVO GEM ALCANCE 2017 2.-RESUMEN EJECUTIVO PGEM ALCANCE 2018 3.-RESUMEN EJECUTIVO DIRECCI\u00d3N DE BIENES ESTADALES GEM ALCANCE 2018 4.-RESUMEN EJECUTIVO CONSEJO COMUNAL AMANA ABAJO ALCANCE 2018 5.-RESUMEN EJECUTIVO CLSEM ALCANCE 2017 6.-RESUMEN EJECUTIVO CLSEM ALCANCE 2018 RES\u00daMENES EJECUTIVOS DESCENTRALIZADA 1.-SERVIM 2019 2.-SOBERAN\u00cdA 3.-FONCREDEMO 4.-GOBIERNO DE CALLE 5.-RESUMEN EJECUTIVO INFRAMONAGAS 20-11-19 6.-INSAMONAGAS [&hellip;]","og_url":"https:\/\/contraloriamonagas.gob.ve\/?page_id=3815","og_site_name":"Contralor\u00eda del Estado Monagas","article_publisher":"https:\/\/www.facebook.com\/pages\/Contraloria-Monagas\/386123361457715","article_modified_time":"2020-01-17T14:21:28+00:00","twitter_card":"summary_large_image","schema":{"@context":"https:\/\/schema.org","@graph":[{"@type":"WebPage","@id":"https:\/\/contraloriamonagas.gob.ve\/?page_id=3815","url":"https:\/\/contraloriamonagas.gob.ve\/?page_id=3815","name":"RES\u00daMENES EJECUTIVOS 2019 - Contralor\u00eda del Estado Monagas","isPartOf":{"@id":"https:\/\/contraloriamonagas.gob.ve\/#website"},"datePublished":"2020-01-16T18:47:31+00:00","dateModified":"2020-01-17T14:21:28+00:00","breadcrumb":{"@id":"https:\/\/contraloriamonagas.gob.ve\/?page_id=3815#breadcrumb"},"inLanguage":"es","potentialAction":[{"@type":"ReadAction","target":["https:\/\/contraloriamonagas.gob.ve\/?page_id=3815"]}]},{"@type":"BreadcrumbList","@id":"https:\/\/contraloriamonagas.gob.ve\/?page_id=3815#breadcrumb","itemListElement":[{"@type":"ListItem","position":1,"name":"Portada","item":"https:\/\/contraloriamonagas.gob.ve\/"},{"@type":"ListItem","position":2,"name":"RES\u00daMENES EJECUTIVOS 2019"}]},{"@type":"WebSite","@id":"https:\/\/contraloriamonagas.gob.ve\/#website","url":"https:\/\/contraloriamonagas.gob.ve\/","name":"Contralor\u00eda del Estado Monagas","description":"hacia la consolidaci\u00f3n del sistema nacional de control fiscal","publisher":{"@id":"https:\/\/contraloriamonagas.gob.ve\/#organization"},"potentialAction":[{"@type":"SearchAction","target":{"@type":"EntryPoint","urlTemplate":"https:\/\/contraloriamonagas.gob.ve\/?s={search_term_string}"},"query-input":{"@type":"PropertyValueSpecification","valueRequired":true,"valueName":"search_term_string"}}],"inLanguage":"es"},{"@type":"Organization","@id":"https:\/\/contraloriamonagas.gob.ve\/#organization","name":"Contralor\u00eda del Estado Monagas","url":"https:\/\/contraloriamonagas.gob.ve\/","logo":{"@type":"ImageObject","inLanguage":"es","@id":"https:\/\/contraloriamonagas.gob.ve\/#\/schema\/logo\/image\/","url":"https:\/\/contraloriamonagas.gob.ve\/wp-content\/uploads\/LOGO-CEM-A-COLOR-sin-fondo-1.png","contentUrl":"https:\/\/contraloriamonagas.gob.ve\/wp-content\/uploads\/LOGO-CEM-A-COLOR-sin-fondo-1.png","width":3301,"height":2551,"caption":"Contralor\u00eda del Estado Monagas"},"image":{"@id":"https:\/\/contraloriamonagas.gob.ve\/#\/schema\/logo\/image\/"},"sameAs":["https:\/\/www.facebook.com\/pages\/Contraloria-Monagas\/386123361457715"]}]}},"_links":{"self":[{"href":"https:\/\/contraloriamonagas.gob.ve\/index.php?rest_route=\/wp\/v2\/pages\/3815","targetHints":{"allow":["GET"]}}],"collection":[{"href":"https:\/\/contraloriamonagas.gob.ve\/index.php?rest_route=\/wp\/v2\/pages"}],"about":[{"href":"https:\/\/contraloriamonagas.gob.ve\/index.php?rest_route=\/wp\/v2\/types\/page"}],"author":[{"embeddable":true,"href":"https:\/\/contraloriamonagas.gob.ve\/index.php?rest_route=\/wp\/v2\/users\/1"}],"replies":[{"embeddable":true,"href":"https:\/\/contraloriamonagas.gob.ve\/index.php?rest_route=%2Fwp%2Fv2%2Fcomments&post=3815"}],"version-history":[{"count":4,"href":"https:\/\/contraloriamonagas.gob.ve\/index.php?rest_route=\/wp\/v2\/pages\/3815\/revisions"}],"predecessor-version":[{"id":3851,"href":"https:\/\/contraloriamonagas.gob.ve\/index.php?rest_route=\/wp\/v2\/pages\/3815\/revisions\/3851"}],"wp:attachment":[{"href":"https:\/\/contraloriamonagas.gob.ve\/index.php?rest_route=%2Fwp%2Fv2%2Fmedia&parent=3815"}],"curies":[{"name":"wp","href":"https:\/\/api.w.org\/{rel}","templated":true}]}}