{"id":3756,"date":"2020-01-15T19:50:54","date_gmt":"2020-01-15T19:50:54","guid":{"rendered":"https:\/\/contraloriamonagas.gob.ve\/?page_id=3756"},"modified":"2020-01-15T19:50:54","modified_gmt":"2020-01-15T19:50:54","slug":"potestades-administracion-central-y-poderes-estadales-2020","status":"publish","type":"page","link":"https:\/\/contraloriamonagas.gob.ve\/?page_id=3756","title":{"rendered":"POTESTADES ADMINISTRACI\u00d3N CENTRAL Y PODERES ESTADALES 2020"},"content":{"rendered":"<p align=\"justify\"><span style=\"font-family: Times New Roman, serif;\"><span style=\"font-size: medium;\"><b>1.- <\/b><\/span><\/span><span style=\"color: #000000;\"><span style=\"font-family: Times New Roman, serif;\"><span style=\"font-size: medium;\"><b>GOBERNACI\u00d3N DEL ESTADO MONAGAS<\/b><\/span><\/span><\/span><span style=\"color: #000000;\"><span style=\"font-family: Times New Roman, serif;\"><span style=\"font-size: medium;\"><b> (GEM)<\/b><\/span><\/span><\/span><\/p>\n<p align=\"justify\"><span style=\"font-family: Times New Roman, serif;\"><span style=\"font-size: medium;\">La Gobernaci\u00f3n del Estado Monagas, es el \u00f3rgano encargado de cumplir y hacer cumplir la Constituci\u00f3n de<\/span><\/span><span style=\"font-family: Times New Roman, serif;\"><span style=\"font-size: medium;\"> la Rep\u00fablica Bolivariana de Venezuela, las leyes nacionales, las leyes del Estado y dictar para su mejor ejecuci\u00f3n los reglamentos que sean necesarios; as\u00ed mismo, se encarga de controlar y manejar el presupuesto, basado en lo dispuesto en la Ley de Presupuesto, encaminada a lograr la racionalizaci\u00f3n del gasto p\u00fablico, de manera tal que su efecto en el orden social, contribuya a elevar el nivel de calidad de vida de su poblaci\u00f3n.<\/span><\/span><\/p>\n<p align=\"justify\"><span style=\"font-family: Times New Roman, serif;\"><span style=\"font-size: medium;\"><b>2.- <\/b><\/span><\/span><span style=\"color: #000000;\"><span style=\"font-family: Times New Roman, serif;\"><span style=\"font-size: medium;\"><b>PROCURADUR\u00cdA GENERAL DEL ESTADO MONAGAS (PGEM)<\/b><\/span><\/span><\/span><\/p>\n<p align=\"justify\"><span style=\"font-family: Times New Roman, serif;\"><span style=\"font-size: medium;\">La Actuaci\u00f3n Fiscal se orient\u00f3 hacia la revisi\u00f3n selectiva de los registros contables y dem\u00e1s documentos que conforman la cuenta de la PGEM; en tal sentido, se examin\u00f3 el presupuesto asignado y sus modificaciones; libros, registros auxiliares, comprobantes de ingresos y gastos, estados financieros y dem\u00e1s documentos que demuestren formal y materialmente los actos de administraci\u00f3n<\/span><\/span><span style=\"font-family: Times New Roman, serif;\"><span style=\"font-size: medium;\">.<\/span><\/span><\/p>\n<p align=\"justify\">\n<p align=\"justify\"><span style=\"font-family: Times New Roman, serif;\"><span style=\"font-size: medium;\"><b>3.-<\/b><\/span><\/span><b> <\/b><span style=\"color: #000000;\"><span style=\"font-family: Times New Roman, serif;\"><span style=\"font-size: medium;\"><b>DIRECCI\u00d3N DE BIENES ESTADALES DE LA GOBERNACION DEL ESTADO MONAGAS<\/b><\/span><\/span><\/span><\/p>\n<p align=\"justify\"><span style=\"font-family: Times New Roman, serif;\"><span style=\"font-size: medium;\">La Actuaci\u00f3n Fiscal se orient\u00f3 hacia la evaluaci\u00f3n de los procesos administrativos, establecidos por la Direcci\u00f3n de Bienes Estadales de la Gobernaci\u00f3n del Estado Monagas, relacionados con el manejo de bienes, durante el ejercicio econ\u00f3mico financiero 2018; as\u00ed como, las condiciones de operatividad, funcionamiento, ubicaci\u00f3n, uso y estado de conservaci\u00f3n de los bienes.<\/span><\/span><\/p>\n<p align=\"justify\">\n<p align=\"justify\"><span style=\"font-family: Times New Roman, serif;\"><span style=\"font-size: medium;\"><b>4.- <\/b><\/span><\/span><span style=\"color: #000000;\"><span style=\"font-family: Times New Roman, serif;\"><span style=\"font-size: medium;\"><b>CONSEJO COMUNAL \u201cAMANA ABAJO\u201d<\/b><\/span><\/span><\/span><\/p>\n<p align=\"justify\"><span style=\"color: #000000;\"><span style=\"font-family: Times New Roman, serif;\"><span style=\"font-size: medium;\">La presente Actuaci\u00f3n Fiscal, se orient\u00f3 hacia la evaluaci\u00f3n de los procedimientos de selecci\u00f3n, contrataci\u00f3n, ejecuci\u00f3n (f\u00edsica y financiera), control y rendici\u00f3n de cuenta, aplicados por el Consejo Comunal Amana Abajo para la <\/span><\/span><\/span><span style=\"color: #000000;\"><span style=\"font-family: Times New Roman, serif;\"><span style=\"font-size: medium;\">\u201cRecuperaci\u00f3n y Mejoras de la EPE Jos\u00e9 Tadeo Monagas, en la comunidad de Amana Abajo, municipio Matur\u00edn estado Monagas.<\/span><\/span><\/span><\/p>\n<p align=\"justify\"><span style=\"font-family: Times New Roman, serif;\"><span style=\"font-size: medium;\"><b>5.-<\/b><\/span><\/span><span style=\"color: #000000;\"><span style=\"font-family: Times New Roman, serif;\"><span style=\"font-size: medium;\"><b> CONSEJO LEGISLATIVO SOCIALISTA DEL ESTADO MONAGAS 2017 (CLSEM)<\/b><\/span><\/span><\/span><\/p>\n<p align=\"justify\"><span style=\"font-family: Times New Roman, serif;\"><span style=\"font-size: medium;\">El CLSEM, <\/span><\/span><span style=\"color: #000000;\"><span style=\"font-family: Times New Roman, serif;\"><span style=\"font-size: medium;\"><span lang=\"es-MX\">es un \u00f3rgano estadal mediante el cual se ejerce el Poder Legislativo en la entidad regional, tiene entre sus atribuciones sancionar el Proyecto de Constituci\u00f3n Estadal y presentar iniciativas, enmiendas o reformas de conformidad con lo dispuesto en la Constituci\u00f3n de la Rep\u00fablica Bolivariana de Venezuela; as\u00ed como, la Ley de Presupuesto del Estado, Leyes de Descentralizaci\u00f3n y Transferencia de los Servicios P\u00fablicos a los Municipios que promuevan la participaci\u00f3n de los ciudadanos en los asuntos de competencia estadal y las dem\u00e1s que le atribuyan la Constituci\u00f3n de la Rep\u00fablica Bolivariana de Venezuela.<\/span><\/span><\/span><\/span><\/p>\n<p align=\"justify\"><span style=\"color: #000000;\"><span style=\"font-family: Times New Roman, serif;\"><span style=\"font-size: medium;\"><b>6.-<\/b><\/span><\/span><\/span><b> <\/b><span style=\"color: #000000;\"><span style=\"font-family: Times New Roman, serif;\"><span style=\"font-size: medium;\"><b>CONSEJO LEGISLATIVO SOCIALISTA DEL ESTADO MONAGAS<\/b><\/span><\/span><\/span><span style=\"color: #000000;\"><span style=\"font-family: Times New Roman, serif;\"><span style=\"font-size: medium;\"><b> (CLSEM)<\/b><\/span><\/span><\/span><\/p>\n<p align=\"justify\"><span style=\"font-family: Times New Roman, serif;\"><span style=\"font-size: medium;\">La Actuaci\u00f3n Fiscal se orient\u00f3 hacia la revisi\u00f3n selectiva de los registros contables y dem\u00e1s documentos que conforman la cuenta del <\/span><\/span><span style=\"color: #000000;\"><span style=\"font-family: Times New Roman, serif;\"><span style=\"font-size: medium;\">Consejo Legislativo Socialista del Estado Monagas<\/span><\/span><\/span><span style=\"font-family: Times New Roman, serif;\"><span style=\"font-size: medium;\">; en tal sentido, se examin\u00f3 el presupuesto asignado y sus modificaciones; libros, registros auxiliares, comprobantes de ingresos y gastos, estados financieros y dem\u00e1s documentos que demuestran formal y materialmente los actos de administraci\u00f3n<\/span><\/span><span style=\"font-family: Times New Roman, serif;\"><span style=\"font-size: medium;\">.<\/span><\/span><\/p>\n","protected":false},"excerpt":{"rendered":"<p>1.- GOBERNACI\u00d3N DEL ESTADO MONAGAS (GEM) La Gobernaci\u00f3n del Estado Monagas, es el \u00f3rgano encargado de cumplir y hacer cumplir la Constituci\u00f3n de la Rep\u00fablica Bolivariana de Venezuela, las leyes nacionales, las leyes del Estado y dictar para su mejor ejecuci\u00f3n los reglamentos que sean necesarios; as\u00ed mismo, se encarga de controlar y manejar el [&hellip;]<\/p>\n","protected":false},"author":1,"featured_media":0,"parent":0,"menu_order":0,"comment_status":"closed","ping_status":"closed","template":"","meta":{"footnotes":""},"class_list":["post-3756","page","type-page","status-publish","hentry"],"yoast_head":"<!-- This site is optimized with the Yoast SEO plugin v27.5 - https:\/\/yoast.com\/product\/yoast-seo-wordpress\/ -->\n<title>POTESTADES ADMINISTRACI\u00d3N CENTRAL Y PODERES ESTADALES 2020 - Contralor\u00eda del Estado Monagas<\/title>\n<meta name=\"robots\" content=\"index, follow, max-snippet:-1, max-image-preview:large, max-video-preview:-1\" \/>\n<link rel=\"canonical\" href=\"https:\/\/contraloriamonagas.gob.ve\/?page_id=3756\" \/>\n<meta property=\"og:locale\" content=\"es_ES\" \/>\n<meta property=\"og:type\" content=\"article\" \/>\n<meta property=\"og:title\" content=\"POTESTADES ADMINISTRACI\u00d3N CENTRAL Y PODERES ESTADALES 2020 - Contralor\u00eda del Estado Monagas\" \/>\n<meta property=\"og:description\" content=\"1.- GOBERNACI\u00d3N DEL ESTADO MONAGAS (GEM) La Gobernaci\u00f3n del Estado Monagas, es el \u00f3rgano encargado de cumplir y hacer cumplir la Constituci\u00f3n de la Rep\u00fablica Bolivariana de Venezuela, las leyes nacionales, las leyes del Estado y dictar para su mejor ejecuci\u00f3n los reglamentos que sean necesarios; as\u00ed mismo, se encarga de controlar y manejar el [&hellip;]\" \/>\n<meta property=\"og:url\" content=\"https:\/\/contraloriamonagas.gob.ve\/?page_id=3756\" \/>\n<meta property=\"og:site_name\" content=\"Contralor\u00eda del Estado Monagas\" \/>\n<meta property=\"article:publisher\" content=\"https:\/\/www.facebook.com\/pages\/Contraloria-Monagas\/386123361457715\" \/>\n<meta name=\"twitter:card\" content=\"summary_large_image\" \/>\n<meta name=\"twitter:label1\" content=\"Tiempo estimado de lectura\" \/>\n\t<meta name=\"twitter:data1\" content=\"2 minutos\" \/>\n<script type=\"application\/ld+json\" class=\"yoast-schema-graph\">{\"@context\":\"https:\\\/\\\/schema.org\",\"@graph\":[{\"@type\":\"WebPage\",\"@id\":\"https:\\\/\\\/contraloriamonagas.gob.ve\\\/?page_id=3756\",\"url\":\"https:\\\/\\\/contraloriamonagas.gob.ve\\\/?page_id=3756\",\"name\":\"POTESTADES ADMINISTRACI\u00d3N CENTRAL Y PODERES ESTADALES 2020 - Contralor\u00eda del Estado Monagas\",\"isPartOf\":{\"@id\":\"https:\\\/\\\/contraloriamonagas.gob.ve\\\/#website\"},\"datePublished\":\"2020-01-15T19:50:54+00:00\",\"breadcrumb\":{\"@id\":\"https:\\\/\\\/contraloriamonagas.gob.ve\\\/?page_id=3756#breadcrumb\"},\"inLanguage\":\"es\",\"potentialAction\":[{\"@type\":\"ReadAction\",\"target\":[\"https:\\\/\\\/contraloriamonagas.gob.ve\\\/?page_id=3756\"]}]},{\"@type\":\"BreadcrumbList\",\"@id\":\"https:\\\/\\\/contraloriamonagas.gob.ve\\\/?page_id=3756#breadcrumb\",\"itemListElement\":[{\"@type\":\"ListItem\",\"position\":1,\"name\":\"Portada\",\"item\":\"https:\\\/\\\/contraloriamonagas.gob.ve\\\/\"},{\"@type\":\"ListItem\",\"position\":2,\"name\":\"POTESTADES ADMINISTRACI\u00d3N CENTRAL Y PODERES ESTADALES 2020\"}]},{\"@type\":\"WebSite\",\"@id\":\"https:\\\/\\\/contraloriamonagas.gob.ve\\\/#website\",\"url\":\"https:\\\/\\\/contraloriamonagas.gob.ve\\\/\",\"name\":\"Contralor\u00eda del Estado Monagas\",\"description\":\"hacia la consolidaci\u00f3n del sistema nacional de control fiscal\",\"publisher\":{\"@id\":\"https:\\\/\\\/contraloriamonagas.gob.ve\\\/#organization\"},\"potentialAction\":[{\"@type\":\"SearchAction\",\"target\":{\"@type\":\"EntryPoint\",\"urlTemplate\":\"https:\\\/\\\/contraloriamonagas.gob.ve\\\/?s={search_term_string}\"},\"query-input\":{\"@type\":\"PropertyValueSpecification\",\"valueRequired\":true,\"valueName\":\"search_term_string\"}}],\"inLanguage\":\"es\"},{\"@type\":\"Organization\",\"@id\":\"https:\\\/\\\/contraloriamonagas.gob.ve\\\/#organization\",\"name\":\"Contralor\u00eda del Estado Monagas\",\"url\":\"https:\\\/\\\/contraloriamonagas.gob.ve\\\/\",\"logo\":{\"@type\":\"ImageObject\",\"inLanguage\":\"es\",\"@id\":\"https:\\\/\\\/contraloriamonagas.gob.ve\\\/#\\\/schema\\\/logo\\\/image\\\/\",\"url\":\"https:\\\/\\\/contraloriamonagas.gob.ve\\\/wp-content\\\/uploads\\\/LOGO-CEM-A-COLOR-sin-fondo-1.png\",\"contentUrl\":\"https:\\\/\\\/contraloriamonagas.gob.ve\\\/wp-content\\\/uploads\\\/LOGO-CEM-A-COLOR-sin-fondo-1.png\",\"width\":3301,\"height\":2551,\"caption\":\"Contralor\u00eda del Estado Monagas\"},\"image\":{\"@id\":\"https:\\\/\\\/contraloriamonagas.gob.ve\\\/#\\\/schema\\\/logo\\\/image\\\/\"},\"sameAs\":[\"https:\\\/\\\/www.facebook.com\\\/pages\\\/Contraloria-Monagas\\\/386123361457715\"]}]}<\/script>\n<!-- \/ Yoast SEO plugin. -->","yoast_head_json":{"title":"POTESTADES ADMINISTRACI\u00d3N CENTRAL Y PODERES ESTADALES 2020 - Contralor\u00eda del Estado Monagas","robots":{"index":"index","follow":"follow","max-snippet":"max-snippet:-1","max-image-preview":"max-image-preview:large","max-video-preview":"max-video-preview:-1"},"canonical":"https:\/\/contraloriamonagas.gob.ve\/?page_id=3756","og_locale":"es_ES","og_type":"article","og_title":"POTESTADES ADMINISTRACI\u00d3N CENTRAL Y PODERES ESTADALES 2020 - Contralor\u00eda del Estado Monagas","og_description":"1.- GOBERNACI\u00d3N DEL ESTADO MONAGAS (GEM) La Gobernaci\u00f3n del Estado Monagas, es el \u00f3rgano encargado de cumplir y hacer cumplir la Constituci\u00f3n de la Rep\u00fablica Bolivariana de Venezuela, las leyes nacionales, las leyes del Estado y dictar para su mejor ejecuci\u00f3n los reglamentos que sean necesarios; as\u00ed mismo, se encarga de controlar y manejar el [&hellip;]","og_url":"https:\/\/contraloriamonagas.gob.ve\/?page_id=3756","og_site_name":"Contralor\u00eda del Estado Monagas","article_publisher":"https:\/\/www.facebook.com\/pages\/Contraloria-Monagas\/386123361457715","twitter_card":"summary_large_image","twitter_misc":{"Tiempo estimado de lectura":"2 minutos"},"schema":{"@context":"https:\/\/schema.org","@graph":[{"@type":"WebPage","@id":"https:\/\/contraloriamonagas.gob.ve\/?page_id=3756","url":"https:\/\/contraloriamonagas.gob.ve\/?page_id=3756","name":"POTESTADES ADMINISTRACI\u00d3N CENTRAL Y PODERES ESTADALES 2020 - Contralor\u00eda del Estado Monagas","isPartOf":{"@id":"https:\/\/contraloriamonagas.gob.ve\/#website"},"datePublished":"2020-01-15T19:50:54+00:00","breadcrumb":{"@id":"https:\/\/contraloriamonagas.gob.ve\/?page_id=3756#breadcrumb"},"inLanguage":"es","potentialAction":[{"@type":"ReadAction","target":["https:\/\/contraloriamonagas.gob.ve\/?page_id=3756"]}]},{"@type":"BreadcrumbList","@id":"https:\/\/contraloriamonagas.gob.ve\/?page_id=3756#breadcrumb","itemListElement":[{"@type":"ListItem","position":1,"name":"Portada","item":"https:\/\/contraloriamonagas.gob.ve\/"},{"@type":"ListItem","position":2,"name":"POTESTADES ADMINISTRACI\u00d3N CENTRAL Y PODERES ESTADALES 2020"}]},{"@type":"WebSite","@id":"https:\/\/contraloriamonagas.gob.ve\/#website","url":"https:\/\/contraloriamonagas.gob.ve\/","name":"Contralor\u00eda del Estado Monagas","description":"hacia la consolidaci\u00f3n del sistema nacional de control fiscal","publisher":{"@id":"https:\/\/contraloriamonagas.gob.ve\/#organization"},"potentialAction":[{"@type":"SearchAction","target":{"@type":"EntryPoint","urlTemplate":"https:\/\/contraloriamonagas.gob.ve\/?s={search_term_string}"},"query-input":{"@type":"PropertyValueSpecification","valueRequired":true,"valueName":"search_term_string"}}],"inLanguage":"es"},{"@type":"Organization","@id":"https:\/\/contraloriamonagas.gob.ve\/#organization","name":"Contralor\u00eda del Estado Monagas","url":"https:\/\/contraloriamonagas.gob.ve\/","logo":{"@type":"ImageObject","inLanguage":"es","@id":"https:\/\/contraloriamonagas.gob.ve\/#\/schema\/logo\/image\/","url":"https:\/\/contraloriamonagas.gob.ve\/wp-content\/uploads\/LOGO-CEM-A-COLOR-sin-fondo-1.png","contentUrl":"https:\/\/contraloriamonagas.gob.ve\/wp-content\/uploads\/LOGO-CEM-A-COLOR-sin-fondo-1.png","width":3301,"height":2551,"caption":"Contralor\u00eda del Estado Monagas"},"image":{"@id":"https:\/\/contraloriamonagas.gob.ve\/#\/schema\/logo\/image\/"},"sameAs":["https:\/\/www.facebook.com\/pages\/Contraloria-Monagas\/386123361457715"]}]}},"_links":{"self":[{"href":"https:\/\/contraloriamonagas.gob.ve\/index.php?rest_route=\/wp\/v2\/pages\/3756","targetHints":{"allow":["GET"]}}],"collection":[{"href":"https:\/\/contraloriamonagas.gob.ve\/index.php?rest_route=\/wp\/v2\/pages"}],"about":[{"href":"https:\/\/contraloriamonagas.gob.ve\/index.php?rest_route=\/wp\/v2\/types\/page"}],"author":[{"embeddable":true,"href":"https:\/\/contraloriamonagas.gob.ve\/index.php?rest_route=\/wp\/v2\/users\/1"}],"replies":[{"embeddable":true,"href":"https:\/\/contraloriamonagas.gob.ve\/index.php?rest_route=%2Fwp%2Fv2%2Fcomments&post=3756"}],"version-history":[{"count":2,"href":"https:\/\/contraloriamonagas.gob.ve\/index.php?rest_route=\/wp\/v2\/pages\/3756\/revisions"}],"predecessor-version":[{"id":3758,"href":"https:\/\/contraloriamonagas.gob.ve\/index.php?rest_route=\/wp\/v2\/pages\/3756\/revisions\/3758"}],"wp:attachment":[{"href":"https:\/\/contraloriamonagas.gob.ve\/index.php?rest_route=%2Fwp%2Fv2%2Fmedia&parent=3756"}],"curies":[{"name":"wp","href":"https:\/\/api.w.org\/{rel}","templated":true}]}}