{"id":2746,"date":"2019-01-11T13:18:02","date_gmt":"2019-01-11T13:18:02","guid":{"rendered":"https:\/\/contraloriamonagas.gob.ve\/?page_id=2746"},"modified":"2019-01-11T13:23:04","modified_gmt":"2019-01-11T13:23:04","slug":"determinaciones-2018","status":"publish","type":"page","link":"https:\/\/contraloriamonagas.gob.ve\/?page_id=2746","title":{"rendered":"Determinaciones 2018"},"content":{"rendered":"<p>DECISI\u00d3N: Fue declarado responsable administrativamente, mediante decisi\u00f3n de fecha 23\/04\/2018 la cual qued\u00f3 firme en sede administrativa mediante Auto de fecha 16 de mayo de 2018<\/p>\n<p>ORGANISMO: Corporaci\u00f3n de Turismo del Estado Monagas en lo sucesivo (CORMOTUR).<\/p>\n<p><a href=\"https:\/\/contraloriamonagas.gob.ve\/wp-content\/uploads\/2019\/01\/DDR-03-01-2017-005.pdf\">DDR 03-01-2017-005<\/a><\/p>\n<p>&nbsp;<\/p>\n<p>DECISI\u00d3N: Fue declarado responsable administrativamente, mediante decisi\u00f3n de fecha 17\/05\/2018 la cual qued\u00f3 firme en sede administrativa mediante Auto de fecha 11 de Junio de 2018<\/p>\n<p>ORGANISMO: Fundaci\u00f3n Complejo Cultural de Matur\u00edn (FCCM),<\/p>\n<p><a href=\"https:\/\/contraloriamonagas.gob.ve\/wp-content\/uploads\/2019\/01\/DDR-03-01-2017-006.pdf\">DDR 03-01-2017-006<\/a><\/p>\n<p>&nbsp;<\/p>\n<p>DECISI\u00d3N: Fue declarado responsable administrativamente, mediante decisi\u00f3n de fecha 02\/07\/2018 la cual qued\u00f3 firme en sede administrativa mediante Auto de fecha 26 de Julio de 2018<\/p>\n<p>ORGANISMO: Empresa Aguas de Monagas (ADM)<\/p>\n<p><a href=\"https:\/\/contraloriamonagas.gob.ve\/wp-content\/uploads\/2019\/01\/DDR-03-01-2018-001-1.pdf\">DDR 03-01-2018-001<\/a><\/p>\n","protected":false},"excerpt":{"rendered":"<p>DECISI\u00d3N: Fue declarado responsable administrativamente, mediante decisi\u00f3n de fecha 23\/04\/2018 la cual qued\u00f3 firme en sede administrativa mediante Auto de fecha 16 de mayo de 2018 ORGANISMO: Corporaci\u00f3n de Turismo del Estado Monagas en lo sucesivo (CORMOTUR). DDR 03-01-2017-005 &nbsp; DECISI\u00d3N: Fue declarado responsable administrativamente, mediante decisi\u00f3n de fecha 17\/05\/2018 la cual qued\u00f3 firme en [&hellip;]<\/p>\n","protected":false},"author":1,"featured_media":0,"parent":0,"menu_order":0,"comment_status":"closed","ping_status":"closed","template":"","meta":{"footnotes":""},"class_list":["post-2746","page","type-page","status-publish","hentry"],"yoast_head":"<!-- This site is optimized with the Yoast SEO plugin v27.3 - https:\/\/yoast.com\/product\/yoast-seo-wordpress\/ -->\n<title>Determinaciones 2018 - Contralor\u00eda del Estado Monagas<\/title>\n<meta name=\"robots\" content=\"index, follow, max-snippet:-1, max-image-preview:large, max-video-preview:-1\" \/>\n<link rel=\"canonical\" href=\"https:\/\/contraloriamonagas.gob.ve\/?page_id=2746\" \/>\n<meta property=\"og:locale\" content=\"es_ES\" \/>\n<meta property=\"og:type\" content=\"article\" \/>\n<meta property=\"og:title\" content=\"Determinaciones 2018 - Contralor\u00eda del Estado Monagas\" \/>\n<meta property=\"og:description\" content=\"DECISI\u00d3N: Fue declarado responsable administrativamente, mediante decisi\u00f3n de fecha 23\/04\/2018 la cual qued\u00f3 firme en sede administrativa mediante Auto de fecha 16 de mayo de 2018 ORGANISMO: Corporaci\u00f3n de Turismo del Estado Monagas en lo sucesivo (CORMOTUR). DDR 03-01-2017-005 &nbsp; DECISI\u00d3N: Fue declarado responsable administrativamente, mediante decisi\u00f3n de fecha 17\/05\/2018 la cual qued\u00f3 firme en [&hellip;]\" \/>\n<meta property=\"og:url\" content=\"https:\/\/contraloriamonagas.gob.ve\/?page_id=2746\" \/>\n<meta property=\"og:site_name\" content=\"Contralor\u00eda del Estado Monagas\" \/>\n<meta property=\"article:publisher\" content=\"https:\/\/www.facebook.com\/pages\/Contraloria-Monagas\/386123361457715\" \/>\n<meta property=\"article:modified_time\" content=\"2019-01-11T13:23:04+00:00\" \/>\n<meta name=\"twitter:card\" content=\"summary_large_image\" \/>\n<meta name=\"twitter:label1\" content=\"Tiempo estimado de lectura\" \/>\n\t<meta name=\"twitter:data1\" content=\"1 minuto\" \/>\n<script type=\"application\/ld+json\" class=\"yoast-schema-graph\">{\"@context\":\"https:\\\/\\\/schema.org\",\"@graph\":[{\"@type\":\"WebPage\",\"@id\":\"https:\\\/\\\/contraloriamonagas.gob.ve\\\/?page_id=2746\",\"url\":\"https:\\\/\\\/contraloriamonagas.gob.ve\\\/?page_id=2746\",\"name\":\"Determinaciones 2018 - Contralor\u00eda del Estado Monagas\",\"isPartOf\":{\"@id\":\"https:\\\/\\\/contraloriamonagas.gob.ve\\\/#website\"},\"datePublished\":\"2019-01-11T13:18:02+00:00\",\"dateModified\":\"2019-01-11T13:23:04+00:00\",\"breadcrumb\":{\"@id\":\"https:\\\/\\\/contraloriamonagas.gob.ve\\\/?page_id=2746#breadcrumb\"},\"inLanguage\":\"es\",\"potentialAction\":[{\"@type\":\"ReadAction\",\"target\":[\"https:\\\/\\\/contraloriamonagas.gob.ve\\\/?page_id=2746\"]}]},{\"@type\":\"BreadcrumbList\",\"@id\":\"https:\\\/\\\/contraloriamonagas.gob.ve\\\/?page_id=2746#breadcrumb\",\"itemListElement\":[{\"@type\":\"ListItem\",\"position\":1,\"name\":\"Portada\",\"item\":\"https:\\\/\\\/contraloriamonagas.gob.ve\\\/\"},{\"@type\":\"ListItem\",\"position\":2,\"name\":\"Determinaciones 2018\"}]},{\"@type\":\"WebSite\",\"@id\":\"https:\\\/\\\/contraloriamonagas.gob.ve\\\/#website\",\"url\":\"https:\\\/\\\/contraloriamonagas.gob.ve\\\/\",\"name\":\"Contralor\u00eda del Estado Monagas\",\"description\":\"hacia la consolidaci\u00f3n del sistema nacional de control fiscal\",\"publisher\":{\"@id\":\"https:\\\/\\\/contraloriamonagas.gob.ve\\\/#organization\"},\"potentialAction\":[{\"@type\":\"SearchAction\",\"target\":{\"@type\":\"EntryPoint\",\"urlTemplate\":\"https:\\\/\\\/contraloriamonagas.gob.ve\\\/?s={search_term_string}\"},\"query-input\":{\"@type\":\"PropertyValueSpecification\",\"valueRequired\":true,\"valueName\":\"search_term_string\"}}],\"inLanguage\":\"es\"},{\"@type\":\"Organization\",\"@id\":\"https:\\\/\\\/contraloriamonagas.gob.ve\\\/#organization\",\"name\":\"Contralor\u00eda del Estado Monagas\",\"url\":\"https:\\\/\\\/contraloriamonagas.gob.ve\\\/\",\"logo\":{\"@type\":\"ImageObject\",\"inLanguage\":\"es\",\"@id\":\"https:\\\/\\\/contraloriamonagas.gob.ve\\\/#\\\/schema\\\/logo\\\/image\\\/\",\"url\":\"https:\\\/\\\/contraloriamonagas.gob.ve\\\/wp-content\\\/uploads\\\/LOGO-CEM-A-COLOR-sin-fondo-1.png\",\"contentUrl\":\"https:\\\/\\\/contraloriamonagas.gob.ve\\\/wp-content\\\/uploads\\\/LOGO-CEM-A-COLOR-sin-fondo-1.png\",\"width\":3301,\"height\":2551,\"caption\":\"Contralor\u00eda del Estado Monagas\"},\"image\":{\"@id\":\"https:\\\/\\\/contraloriamonagas.gob.ve\\\/#\\\/schema\\\/logo\\\/image\\\/\"},\"sameAs\":[\"https:\\\/\\\/www.facebook.com\\\/pages\\\/Contraloria-Monagas\\\/386123361457715\"]}]}<\/script>\n<!-- \/ Yoast SEO plugin. -->","yoast_head_json":{"title":"Determinaciones 2018 - Contralor\u00eda del Estado Monagas","robots":{"index":"index","follow":"follow","max-snippet":"max-snippet:-1","max-image-preview":"max-image-preview:large","max-video-preview":"max-video-preview:-1"},"canonical":"https:\/\/contraloriamonagas.gob.ve\/?page_id=2746","og_locale":"es_ES","og_type":"article","og_title":"Determinaciones 2018 - Contralor\u00eda del Estado Monagas","og_description":"DECISI\u00d3N: Fue declarado responsable administrativamente, mediante decisi\u00f3n de fecha 23\/04\/2018 la cual qued\u00f3 firme en sede administrativa mediante Auto de fecha 16 de mayo de 2018 ORGANISMO: Corporaci\u00f3n de Turismo del Estado Monagas en lo sucesivo (CORMOTUR). DDR 03-01-2017-005 &nbsp; DECISI\u00d3N: Fue declarado responsable administrativamente, mediante decisi\u00f3n de fecha 17\/05\/2018 la cual qued\u00f3 firme en [&hellip;]","og_url":"https:\/\/contraloriamonagas.gob.ve\/?page_id=2746","og_site_name":"Contralor\u00eda del Estado Monagas","article_publisher":"https:\/\/www.facebook.com\/pages\/Contraloria-Monagas\/386123361457715","article_modified_time":"2019-01-11T13:23:04+00:00","twitter_card":"summary_large_image","twitter_misc":{"Tiempo estimado de lectura":"1 minuto"},"schema":{"@context":"https:\/\/schema.org","@graph":[{"@type":"WebPage","@id":"https:\/\/contraloriamonagas.gob.ve\/?page_id=2746","url":"https:\/\/contraloriamonagas.gob.ve\/?page_id=2746","name":"Determinaciones 2018 - Contralor\u00eda del Estado Monagas","isPartOf":{"@id":"https:\/\/contraloriamonagas.gob.ve\/#website"},"datePublished":"2019-01-11T13:18:02+00:00","dateModified":"2019-01-11T13:23:04+00:00","breadcrumb":{"@id":"https:\/\/contraloriamonagas.gob.ve\/?page_id=2746#breadcrumb"},"inLanguage":"es","potentialAction":[{"@type":"ReadAction","target":["https:\/\/contraloriamonagas.gob.ve\/?page_id=2746"]}]},{"@type":"BreadcrumbList","@id":"https:\/\/contraloriamonagas.gob.ve\/?page_id=2746#breadcrumb","itemListElement":[{"@type":"ListItem","position":1,"name":"Portada","item":"https:\/\/contraloriamonagas.gob.ve\/"},{"@type":"ListItem","position":2,"name":"Determinaciones 2018"}]},{"@type":"WebSite","@id":"https:\/\/contraloriamonagas.gob.ve\/#website","url":"https:\/\/contraloriamonagas.gob.ve\/","name":"Contralor\u00eda del Estado Monagas","description":"hacia la consolidaci\u00f3n del sistema nacional de control fiscal","publisher":{"@id":"https:\/\/contraloriamonagas.gob.ve\/#organization"},"potentialAction":[{"@type":"SearchAction","target":{"@type":"EntryPoint","urlTemplate":"https:\/\/contraloriamonagas.gob.ve\/?s={search_term_string}"},"query-input":{"@type":"PropertyValueSpecification","valueRequired":true,"valueName":"search_term_string"}}],"inLanguage":"es"},{"@type":"Organization","@id":"https:\/\/contraloriamonagas.gob.ve\/#organization","name":"Contralor\u00eda del Estado Monagas","url":"https:\/\/contraloriamonagas.gob.ve\/","logo":{"@type":"ImageObject","inLanguage":"es","@id":"https:\/\/contraloriamonagas.gob.ve\/#\/schema\/logo\/image\/","url":"https:\/\/contraloriamonagas.gob.ve\/wp-content\/uploads\/LOGO-CEM-A-COLOR-sin-fondo-1.png","contentUrl":"https:\/\/contraloriamonagas.gob.ve\/wp-content\/uploads\/LOGO-CEM-A-COLOR-sin-fondo-1.png","width":3301,"height":2551,"caption":"Contralor\u00eda del Estado Monagas"},"image":{"@id":"https:\/\/contraloriamonagas.gob.ve\/#\/schema\/logo\/image\/"},"sameAs":["https:\/\/www.facebook.com\/pages\/Contraloria-Monagas\/386123361457715"]}]}},"_links":{"self":[{"href":"https:\/\/contraloriamonagas.gob.ve\/index.php?rest_route=\/wp\/v2\/pages\/2746","targetHints":{"allow":["GET"]}}],"collection":[{"href":"https:\/\/contraloriamonagas.gob.ve\/index.php?rest_route=\/wp\/v2\/pages"}],"about":[{"href":"https:\/\/contraloriamonagas.gob.ve\/index.php?rest_route=\/wp\/v2\/types\/page"}],"author":[{"embeddable":true,"href":"https:\/\/contraloriamonagas.gob.ve\/index.php?rest_route=\/wp\/v2\/users\/1"}],"replies":[{"embeddable":true,"href":"https:\/\/contraloriamonagas.gob.ve\/index.php?rest_route=%2Fwp%2Fv2%2Fcomments&post=2746"}],"version-history":[{"count":3,"href":"https:\/\/contraloriamonagas.gob.ve\/index.php?rest_route=\/wp\/v2\/pages\/2746\/revisions"}],"predecessor-version":[{"id":3753,"href":"https:\/\/contraloriamonagas.gob.ve\/index.php?rest_route=\/wp\/v2\/pages\/2746\/revisions\/3753"}],"wp:attachment":[{"href":"https:\/\/contraloriamonagas.gob.ve\/index.php?rest_route=%2Fwp%2Fv2%2Fmedia&parent=2746"}],"curies":[{"name":"wp","href":"https:\/\/api.w.org\/{rel}","templated":true}]}}