{"id":2730,"date":"2019-01-11T13:08:43","date_gmt":"2019-01-11T13:08:43","guid":{"rendered":"https:\/\/contraloriamonagas.gob.ve\/?page_id=2730"},"modified":"2019-01-11T13:22:54","modified_gmt":"2019-01-11T13:22:54","slug":"determinaciones-2017","status":"publish","type":"page","link":"https:\/\/contraloriamonagas.gob.ve\/?page_id=2730","title":{"rendered":"Determinaciones 2017"},"content":{"rendered":"<p>DECISI\u00d3N: Fue declarado responsable administrativamente, mediante decisi\u00f3n de fecha&nbsp;20-02-2017 la cual qued\u00f3 firme en sede administrativa mediante Auto de fecha 15 de marzo de 2017<\/p>\n<p>ORGANISMO: Fundaci\u00f3n Salud del estado Monagas (FUNDASALUD)<\/p>\n<p><a href=\"https:\/\/contraloriamonagas.gob.ve\/wp-content\/uploads\/2019\/01\/DDR-03-01-2016-005.pdf\">DDR 03-01-2016-005<\/a><\/p>\n<p>&nbsp;<\/p>\n<p>DECISI\u00d3N: Fueron declarados responsables administrativamente, mediante decisi\u00f3n de fecha 13-02-2017, la cual qued\u00f3 firme en sede administrativa mediante Auto de fecha 09 de marzo de 2017.<\/p>\n<p>ORGANISMO: FUNDACI\u00d3N REGIONAL \u201cNI\u00d1O SIM\u00d3N\u201d<\/p>\n<p><a href=\"https:\/\/contraloriamonagas.gob.ve\/wp-content\/uploads\/2019\/01\/DDR-03-01-2016-004.pdf\">DDR 03-01-2016-004<\/a><\/p>\n<p>&nbsp;<\/p>\n<p>DECISI\u00d3N: Fueron declarados responsables administrativamente, mediante decisi\u00f3n de fecha 24-08-2017 la cual qued\u00f3 firme en sede administrativa mediante Auto de fecha 18 de septiembre de 2017.<\/p>\n<p>ORGANISMO:<br \/>\nGobernaci\u00f3n del Estado Monagas, espec\u00edficamente en la Direcci\u00f3n de Plan Salud<\/p>\n<p><a href=\"https:\/\/contraloriamonagas.gob.ve\/wp-content\/uploads\/2019\/01\/DDR-03-02-2016-008.pdf\">DDR 03-02-2016-008<\/a><\/p>\n<p>&nbsp;<\/p>\n<p>DECISI\u00d3N: Fue declarado responsable administrativamente, mediante decisi\u00f3n de fecha 04\/05\/2017 la cual qued\u00f3 firme en sede administrativa mediante Auto de fecha 26 de mayo de 2017<\/p>\n<p>ORGANISMO: Instituto de Infraestructura, Ecosocialismo, H\u00e1bitat y Vivienda del Estado Monagas en lo sucesivo (INFRAMONAGAS)<\/p>\n<p><a href=\"https:\/\/contraloriamonagas.gob.ve\/wp-content\/uploads\/2019\/01\/DDR-03-01-2016-011.pdf\">DDR 03-01-2016-011<\/a><\/p>\n<p>&nbsp;<\/p>\n<p>DECISI\u00d3N: Fue declarado responsable administrativamente, mediante decisi\u00f3n de fecha 27-01-2017 la cual qued\u00f3 firme en sede administrativa mediante Auto de fecha 22 de febrero de 2017.<\/p>\n<p>ORGANISMO:Fondo de Cr\u00e9dito para el Desarrollo del Estado Monagas (FONCREDEMO)<\/p>\n<p><a href=\"https:\/\/contraloriamonagas.gob.ve\/wp-content\/uploads\/2019\/01\/DDR-03-01-2016-006.pdf\">DDR 03-01-2016-006<\/a><\/p>\n<p>&nbsp;<\/p>\n<p>DECISI\u00d3N: Fueron declarados responsables administrativamente, mediante decisi\u00f3n de fecha 16-01-2017 la cual qued\u00f3 firme en sede administrativa mediante Auto de fecha 08 de febrero de 2017.<\/p>\n<p>ORGANISMO: Junta de Beneficencia P\u00fablica y Social del Estado Monagas (Loter\u00eda de Oriente)<\/p>\n<p><a href=\"https:\/\/contraloriamonagas.gob.ve\/wp-content\/uploads\/2019\/01\/DDR-03-01-2016-003.pdf\">DDR 03-01-2016-003<\/a><\/p>\n<p>&nbsp;<\/p>\n<p>DECISI\u00d3N: Fueron declarados responsables administrativamente, mediante decisi\u00f3n de fecha 15-06-2017 la cual qued\u00f3 firme en sede administrativa mediante Auto de fecha 10 de julio del 2017.<\/p>\n<p>ORGANISMO: FUNDACI\u00d3N SALUD DEL ESTADO MONAGAS (FUNDASALUD)<\/p>\n<p><a href=\"https:\/\/contraloriamonagas.gob.ve\/wp-content\/uploads\/2019\/01\/DDR-03-01-2016-007.pdf\">DDR 03-01-2016-007<\/a><\/p>\n<p>&nbsp;<\/p>\n<p>DECISI\u00d3N: Fue declarado responsable administrativamente, mediante decisi\u00f3n de fecha 21-08-2017 la cual qued\u00f3 firme en sede administrativa mediante Auto de fecha 20 de septiembre de 2017.<\/p>\n<p>ORGANISMO: Obras P\u00fablicas Estadales de la Gobernaci\u00f3n del estado Monagas.<\/p>\n<p><a href=\"https:\/\/contraloriamonagas.gob.ve\/wp-content\/uploads\/2019\/01\/DDR-03-02-2016-009.pdf\">DDR 03-02-2016-009<\/a><\/p>\n<p>&nbsp;<\/p>\n<p>DECISI\u00d3N: Fueron declarados responsables administrativamente, mediante decisi\u00f3n de fecha 30\/10\/2017 la cual qued\u00f3 firme en sede administrativa mediante Auto de fecha 21 de noviembre de 2017.<\/p>\n<p>ORGANISMO: Instituto de la Cultura del Estado Monagas (ICUM).<\/p>\n<p><a href=\"https:\/\/contraloriamonagas.gob.ve\/wp-content\/uploads\/2019\/01\/DDR-03-01-2017-001.pdf\">DDR 03-01-2017-001<\/a><\/p>\n<p>&nbsp;<\/p>\n<p>DECISI\u00d3N: Fueron declarados responsables administrativamente, mediante decisi\u00f3n de fecha 06-09-2017 la cual qued\u00f3 firme en sede administrativa mediante Auto de fecha 28 de septiembre de 2017.<\/p>\n<p>ORGANISMO: DIRECCI\u00d3N DE OBRAS P\u00daBLICA ESTADALES (OPE) DE LA GOBERNACI\u00d3N DEL ESTADO MONAGAS<\/p>\n<p><a href=\"https:\/\/contraloriamonagas.gob.ve\/wp-content\/uploads\/2019\/01\/DDR-03-02-2016-010.pdf\">DDR 03-02-2016-010<\/a><\/p>\n","protected":false},"excerpt":{"rendered":"<p>DECISI\u00d3N: Fue declarado responsable administrativamente, mediante decisi\u00f3n de fecha&nbsp;20-02-2017 la cual qued\u00f3 firme en sede administrativa mediante Auto de fecha 15 de marzo de 2017 ORGANISMO: Fundaci\u00f3n Salud del estado Monagas (FUNDASALUD) DDR 03-01-2016-005 &nbsp; DECISI\u00d3N: Fueron declarados responsables administrativamente, mediante decisi\u00f3n de fecha 13-02-2017, la cual qued\u00f3 firme en sede administrativa mediante Auto de [&hellip;]<\/p>\n","protected":false},"author":1,"featured_media":0,"parent":0,"menu_order":0,"comment_status":"closed","ping_status":"closed","template":"","meta":{"footnotes":""},"class_list":["post-2730","page","type-page","status-publish","hentry"],"yoast_head":"<!-- This site is optimized with the Yoast SEO plugin v27.3 - https:\/\/yoast.com\/product\/yoast-seo-wordpress\/ -->\n<title>Determinaciones 2017 - Contralor\u00eda del Estado Monagas<\/title>\n<meta name=\"robots\" content=\"index, follow, max-snippet:-1, max-image-preview:large, max-video-preview:-1\" \/>\n<link rel=\"canonical\" href=\"https:\/\/contraloriamonagas.gob.ve\/?page_id=2730\" \/>\n<meta property=\"og:locale\" content=\"es_ES\" \/>\n<meta property=\"og:type\" content=\"article\" \/>\n<meta property=\"og:title\" content=\"Determinaciones 2017 - Contralor\u00eda del Estado Monagas\" \/>\n<meta property=\"og:description\" content=\"DECISI\u00d3N: Fue declarado responsable administrativamente, mediante decisi\u00f3n de fecha&nbsp;20-02-2017 la cual qued\u00f3 firme en sede administrativa mediante Auto de fecha 15 de marzo de 2017 ORGANISMO: Fundaci\u00f3n Salud del estado Monagas (FUNDASALUD) DDR 03-01-2016-005 &nbsp; DECISI\u00d3N: Fueron declarados responsables administrativamente, mediante decisi\u00f3n de fecha 13-02-2017, la cual qued\u00f3 firme en sede administrativa mediante Auto de [&hellip;]\" \/>\n<meta property=\"og:url\" content=\"https:\/\/contraloriamonagas.gob.ve\/?page_id=2730\" \/>\n<meta property=\"og:site_name\" content=\"Contralor\u00eda del Estado Monagas\" \/>\n<meta property=\"article:publisher\" content=\"https:\/\/www.facebook.com\/pages\/Contraloria-Monagas\/386123361457715\" \/>\n<meta property=\"article:modified_time\" content=\"2019-01-11T13:22:54+00:00\" \/>\n<meta name=\"twitter:card\" content=\"summary_large_image\" \/>\n<meta name=\"twitter:label1\" content=\"Tiempo estimado de lectura\" \/>\n\t<meta name=\"twitter:data1\" content=\"2 minutos\" \/>\n<script type=\"application\/ld+json\" class=\"yoast-schema-graph\">{\"@context\":\"https:\\\/\\\/schema.org\",\"@graph\":[{\"@type\":\"WebPage\",\"@id\":\"https:\\\/\\\/contraloriamonagas.gob.ve\\\/?page_id=2730\",\"url\":\"https:\\\/\\\/contraloriamonagas.gob.ve\\\/?page_id=2730\",\"name\":\"Determinaciones 2017 - Contralor\u00eda del Estado Monagas\",\"isPartOf\":{\"@id\":\"https:\\\/\\\/contraloriamonagas.gob.ve\\\/#website\"},\"datePublished\":\"2019-01-11T13:08:43+00:00\",\"dateModified\":\"2019-01-11T13:22:54+00:00\",\"breadcrumb\":{\"@id\":\"https:\\\/\\\/contraloriamonagas.gob.ve\\\/?page_id=2730#breadcrumb\"},\"inLanguage\":\"es\",\"potentialAction\":[{\"@type\":\"ReadAction\",\"target\":[\"https:\\\/\\\/contraloriamonagas.gob.ve\\\/?page_id=2730\"]}]},{\"@type\":\"BreadcrumbList\",\"@id\":\"https:\\\/\\\/contraloriamonagas.gob.ve\\\/?page_id=2730#breadcrumb\",\"itemListElement\":[{\"@type\":\"ListItem\",\"position\":1,\"name\":\"Portada\",\"item\":\"https:\\\/\\\/contraloriamonagas.gob.ve\\\/\"},{\"@type\":\"ListItem\",\"position\":2,\"name\":\"Determinaciones 2017\"}]},{\"@type\":\"WebSite\",\"@id\":\"https:\\\/\\\/contraloriamonagas.gob.ve\\\/#website\",\"url\":\"https:\\\/\\\/contraloriamonagas.gob.ve\\\/\",\"name\":\"Contralor\u00eda del Estado Monagas\",\"description\":\"hacia la consolidaci\u00f3n del sistema nacional de control fiscal\",\"publisher\":{\"@id\":\"https:\\\/\\\/contraloriamonagas.gob.ve\\\/#organization\"},\"potentialAction\":[{\"@type\":\"SearchAction\",\"target\":{\"@type\":\"EntryPoint\",\"urlTemplate\":\"https:\\\/\\\/contraloriamonagas.gob.ve\\\/?s={search_term_string}\"},\"query-input\":{\"@type\":\"PropertyValueSpecification\",\"valueRequired\":true,\"valueName\":\"search_term_string\"}}],\"inLanguage\":\"es\"},{\"@type\":\"Organization\",\"@id\":\"https:\\\/\\\/contraloriamonagas.gob.ve\\\/#organization\",\"name\":\"Contralor\u00eda del Estado Monagas\",\"url\":\"https:\\\/\\\/contraloriamonagas.gob.ve\\\/\",\"logo\":{\"@type\":\"ImageObject\",\"inLanguage\":\"es\",\"@id\":\"https:\\\/\\\/contraloriamonagas.gob.ve\\\/#\\\/schema\\\/logo\\\/image\\\/\",\"url\":\"https:\\\/\\\/contraloriamonagas.gob.ve\\\/wp-content\\\/uploads\\\/LOGO-CEM-A-COLOR-sin-fondo-1.png\",\"contentUrl\":\"https:\\\/\\\/contraloriamonagas.gob.ve\\\/wp-content\\\/uploads\\\/LOGO-CEM-A-COLOR-sin-fondo-1.png\",\"width\":3301,\"height\":2551,\"caption\":\"Contralor\u00eda del Estado Monagas\"},\"image\":{\"@id\":\"https:\\\/\\\/contraloriamonagas.gob.ve\\\/#\\\/schema\\\/logo\\\/image\\\/\"},\"sameAs\":[\"https:\\\/\\\/www.facebook.com\\\/pages\\\/Contraloria-Monagas\\\/386123361457715\"]}]}<\/script>\n<!-- \/ Yoast SEO plugin. -->","yoast_head_json":{"title":"Determinaciones 2017 - Contralor\u00eda del Estado Monagas","robots":{"index":"index","follow":"follow","max-snippet":"max-snippet:-1","max-image-preview":"max-image-preview:large","max-video-preview":"max-video-preview:-1"},"canonical":"https:\/\/contraloriamonagas.gob.ve\/?page_id=2730","og_locale":"es_ES","og_type":"article","og_title":"Determinaciones 2017 - Contralor\u00eda del Estado Monagas","og_description":"DECISI\u00d3N: Fue declarado responsable administrativamente, mediante decisi\u00f3n de fecha&nbsp;20-02-2017 la cual qued\u00f3 firme en sede administrativa mediante Auto de fecha 15 de marzo de 2017 ORGANISMO: Fundaci\u00f3n Salud del estado Monagas (FUNDASALUD) DDR 03-01-2016-005 &nbsp; DECISI\u00d3N: Fueron declarados responsables administrativamente, mediante decisi\u00f3n de fecha 13-02-2017, la cual qued\u00f3 firme en sede administrativa mediante Auto de [&hellip;]","og_url":"https:\/\/contraloriamonagas.gob.ve\/?page_id=2730","og_site_name":"Contralor\u00eda del Estado Monagas","article_publisher":"https:\/\/www.facebook.com\/pages\/Contraloria-Monagas\/386123361457715","article_modified_time":"2019-01-11T13:22:54+00:00","twitter_card":"summary_large_image","twitter_misc":{"Tiempo estimado de lectura":"2 minutos"},"schema":{"@context":"https:\/\/schema.org","@graph":[{"@type":"WebPage","@id":"https:\/\/contraloriamonagas.gob.ve\/?page_id=2730","url":"https:\/\/contraloriamonagas.gob.ve\/?page_id=2730","name":"Determinaciones 2017 - Contralor\u00eda del Estado Monagas","isPartOf":{"@id":"https:\/\/contraloriamonagas.gob.ve\/#website"},"datePublished":"2019-01-11T13:08:43+00:00","dateModified":"2019-01-11T13:22:54+00:00","breadcrumb":{"@id":"https:\/\/contraloriamonagas.gob.ve\/?page_id=2730#breadcrumb"},"inLanguage":"es","potentialAction":[{"@type":"ReadAction","target":["https:\/\/contraloriamonagas.gob.ve\/?page_id=2730"]}]},{"@type":"BreadcrumbList","@id":"https:\/\/contraloriamonagas.gob.ve\/?page_id=2730#breadcrumb","itemListElement":[{"@type":"ListItem","position":1,"name":"Portada","item":"https:\/\/contraloriamonagas.gob.ve\/"},{"@type":"ListItem","position":2,"name":"Determinaciones 2017"}]},{"@type":"WebSite","@id":"https:\/\/contraloriamonagas.gob.ve\/#website","url":"https:\/\/contraloriamonagas.gob.ve\/","name":"Contralor\u00eda del Estado Monagas","description":"hacia la consolidaci\u00f3n del sistema nacional de control fiscal","publisher":{"@id":"https:\/\/contraloriamonagas.gob.ve\/#organization"},"potentialAction":[{"@type":"SearchAction","target":{"@type":"EntryPoint","urlTemplate":"https:\/\/contraloriamonagas.gob.ve\/?s={search_term_string}"},"query-input":{"@type":"PropertyValueSpecification","valueRequired":true,"valueName":"search_term_string"}}],"inLanguage":"es"},{"@type":"Organization","@id":"https:\/\/contraloriamonagas.gob.ve\/#organization","name":"Contralor\u00eda del Estado Monagas","url":"https:\/\/contraloriamonagas.gob.ve\/","logo":{"@type":"ImageObject","inLanguage":"es","@id":"https:\/\/contraloriamonagas.gob.ve\/#\/schema\/logo\/image\/","url":"https:\/\/contraloriamonagas.gob.ve\/wp-content\/uploads\/LOGO-CEM-A-COLOR-sin-fondo-1.png","contentUrl":"https:\/\/contraloriamonagas.gob.ve\/wp-content\/uploads\/LOGO-CEM-A-COLOR-sin-fondo-1.png","width":3301,"height":2551,"caption":"Contralor\u00eda del Estado Monagas"},"image":{"@id":"https:\/\/contraloriamonagas.gob.ve\/#\/schema\/logo\/image\/"},"sameAs":["https:\/\/www.facebook.com\/pages\/Contraloria-Monagas\/386123361457715"]}]}},"_links":{"self":[{"href":"https:\/\/contraloriamonagas.gob.ve\/index.php?rest_route=\/wp\/v2\/pages\/2730","targetHints":{"allow":["GET"]}}],"collection":[{"href":"https:\/\/contraloriamonagas.gob.ve\/index.php?rest_route=\/wp\/v2\/pages"}],"about":[{"href":"https:\/\/contraloriamonagas.gob.ve\/index.php?rest_route=\/wp\/v2\/types\/page"}],"author":[{"embeddable":true,"href":"https:\/\/contraloriamonagas.gob.ve\/index.php?rest_route=\/wp\/v2\/users\/1"}],"replies":[{"embeddable":true,"href":"https:\/\/contraloriamonagas.gob.ve\/index.php?rest_route=%2Fwp%2Fv2%2Fcomments&post=2730"}],"version-history":[{"count":5,"href":"https:\/\/contraloriamonagas.gob.ve\/index.php?rest_route=\/wp\/v2\/pages\/2730\/revisions"}],"predecessor-version":[{"id":2754,"href":"https:\/\/contraloriamonagas.gob.ve\/index.php?rest_route=\/wp\/v2\/pages\/2730\/revisions\/2754"}],"wp:attachment":[{"href":"https:\/\/contraloriamonagas.gob.ve\/index.php?rest_route=%2Fwp%2Fv2%2Fmedia&parent=2730"}],"curies":[{"name":"wp","href":"https:\/\/api.w.org\/{rel}","templated":true}]}}