{"id":2677,"date":"2019-01-10T14:11:40","date_gmt":"2019-01-10T14:11:40","guid":{"rendered":"https:\/\/contraloriamonagas.gob.ve\/?page_id=2677"},"modified":"2019-01-11T13:59:45","modified_gmt":"2019-01-11T13:59:45","slug":"determinaciones","status":"publish","type":"page","link":"https:\/\/contraloriamonagas.gob.ve\/?page_id=2677","title":{"rendered":"Determinaciones 2014"},"content":{"rendered":"<p>DECISI\u00d3N: DECLARATORIA DE RESPONSABILIDAD ADMINISTRATIVA, IMPOSICI\u00d3N DE MULTA y FORMULACI\u00d3N DE REPARO, mediante decisi\u00f3n de fecha, 19 de septiembre de 2014., la cual qued\u00f3 firme en sede administrativa, mediante Auto de fecha 13 de octubre de 2014.<\/p>\n<p>ORGANISMO:<br \/>\nServicio Estadal Alimentario Monagas. (PAM)<\/p>\n<p><a href=\"https:\/\/contraloriamonagas.gob.ve\/wp-content\/uploads\/2019\/01\/EXP.-03-01-2014-001-PAM-1.pdf\">EXP. 03-01-2014-001-PAM<\/a><\/p>\n<p>&nbsp;<\/p>\n<p>DECISI\u00d3N: DECLARATORIA DE RESPONSABILIDAD ADMINISTRATIVA E IMPOSICI\u00d3N DE MULTA, mediante decisi\u00f3n de fecha, 3 de noviembre de 2014, la cual qued\u00f3 firme en sede administrativa, mediante Auto de fecha 25 de noviembre de 2014.<\/p>\n<p>ORGANISMO:<br \/>\nDirecci\u00f3n de Recursos Humanos de la Gobernaci\u00f3n del Estado Monagas.<\/p>\n<p><a href=\"https:\/\/contraloriamonagas.gob.ve\/wp-content\/uploads\/2019\/01\/EXP.-03-01-2014-003-RECURSOS-HUMANOS-1.pdf\">EXP. 03-01-2014-003-RECURSOS HUMANOS<\/a><\/p>\n<p>&nbsp;<\/p>\n<p>DECISI\u00d3N: DECLARATORIA DE RESPONSABILIDAD ADMINISTRATIVA E IMPOSICI\u00d3N DE MULTA, mediante decisi\u00f3n de fecha 07\/03\/2014, la cual qued\u00f3 firme en sede administrativa, mediante Auto de fecha 31 de marzo de 2014.<\/p>\n<p>ORGANISMO:<br \/>\nInstituto de la Vivienda del Estado Monagas. (IVIM)<\/p>\n<p><a href=\"https:\/\/contraloriamonagas.gob.ve\/wp-content\/uploads\/2019\/01\/EXP.-03-01-2013-002-IVIM-1.pdf\">EXP. 03-01-2013-002-IVIM<\/a><\/p>\n<p>&nbsp;<\/p>\n<p>DECISI\u00d3N: DECLARATORIA DE RESPONSABILIDAD ADMINISTRATIVA E IMPOSICI\u00d3N DE MULTA, mediante decisi\u00f3n de fecha, 18 de noviembre de 2014., la cual qued\u00f3 firme en sede administrativa, mediante Auto de fecha 10 de diciembre de 2014.<\/p>\n<p>ORGANISMO:<br \/>\nSecretaria de Seguridad Ciudadana de la Gobernaci\u00f3n del Estado Monagas.<\/p>\n<p><a href=\"https:\/\/contraloriamonagas.gob.ve\/wp-content\/uploads\/2019\/01\/EXP.-03-01-2014-004-SECRETARIA-DE-SEGURIDAD-CIUDADANA-1.pdf\">EXP. 03-01-2014-004-SECRETARIA DE SEGURIDAD CIUDADANA<\/a><\/p>\n<p>&nbsp;<\/p>\n<p>DECISI\u00d3N: DECLARATORIA DE RESPONSABILIDAD ADMINISTRATIVA E IMPOSICI\u00d3N DE MULTA; Mediante decisi\u00f3n de fecha 24\/03\/2014, la cual qued\u00f3 firme en sede administrativa, mediante Auto de fecha 25 de Abril de 2014.<\/p>\n<p>ORGANISMO:<br \/>\nInstituto de la Vivienda del Estado Monagas. (IVIM)<\/p>\n<p><a href=\"https:\/\/contraloriamonagas.gob.ve\/wp-content\/uploads\/2019\/01\/EXP.-03-01-2013-003-003-1.pdf\">EXP. 03-01-2013-003-003<\/a><\/p>\n<p>&nbsp;<\/p>\n<p>DECISI\u00d3N: DECLARATORIA DE RESPONSABILIDAD ADMINISTRATIVA E IMPOSICI\u00d3N DE MULTA, mediante decisi\u00f3n de fecha, 11 de diciembre de 2014, la cual qued\u00f3 firme en sede administrativa, mediante Auto de fecha 14 de enero de 2015<\/p>\n<p>ORGANISMO:<br \/>\nDirecci\u00f3n General de Ciencia y Tecnolog\u00eda de la Gobernaci\u00f3n del Estado Monagas.<\/p>\n<p><a href=\"https:\/\/contraloriamonagas.gob.ve\/wp-content\/uploads\/2019\/01\/EXP.-03-02-2014-002-ciencia-y-tecnologia-1.pdf\">EXP. 03-02-2014-002-ciencia y tecnologia<\/a><\/p>\n","protected":false},"excerpt":{"rendered":"<p>DECISI\u00d3N: DECLARATORIA DE RESPONSABILIDAD ADMINISTRATIVA, IMPOSICI\u00d3N DE MULTA y FORMULACI\u00d3N DE REPARO, mediante decisi\u00f3n de fecha, 19 de septiembre de 2014., la cual qued\u00f3 firme en sede administrativa, mediante Auto de fecha 13 de octubre de 2014. ORGANISMO: Servicio Estadal Alimentario Monagas. (PAM) EXP. 03-01-2014-001-PAM &nbsp; DECISI\u00d3N: DECLARATORIA DE RESPONSABILIDAD ADMINISTRATIVA E IMPOSICI\u00d3N DE MULTA, [&hellip;]<\/p>\n","protected":false},"author":1,"featured_media":0,"parent":0,"menu_order":0,"comment_status":"closed","ping_status":"closed","template":"","meta":{"footnotes":""},"class_list":["post-2677","page","type-page","status-publish","hentry"],"yoast_head":"<!-- This site is optimized with the Yoast SEO plugin v27.3 - https:\/\/yoast.com\/product\/yoast-seo-wordpress\/ -->\n<title>Determinaciones 2014 - Contralor\u00eda del Estado Monagas<\/title>\n<meta name=\"robots\" content=\"index, follow, max-snippet:-1, max-image-preview:large, max-video-preview:-1\" \/>\n<link rel=\"canonical\" href=\"https:\/\/contraloriamonagas.gob.ve\/?page_id=2677\" \/>\n<meta property=\"og:locale\" content=\"es_ES\" \/>\n<meta property=\"og:type\" content=\"article\" \/>\n<meta property=\"og:title\" content=\"Determinaciones 2014 - Contralor\u00eda del Estado Monagas\" \/>\n<meta property=\"og:description\" content=\"DECISI\u00d3N: DECLARATORIA DE RESPONSABILIDAD ADMINISTRATIVA, IMPOSICI\u00d3N DE MULTA y FORMULACI\u00d3N DE REPARO, mediante decisi\u00f3n de fecha, 19 de septiembre de 2014., la cual qued\u00f3 firme en sede administrativa, mediante Auto de fecha 13 de octubre de 2014. ORGANISMO: Servicio Estadal Alimentario Monagas. (PAM) EXP. 03-01-2014-001-PAM &nbsp; DECISI\u00d3N: DECLARATORIA DE RESPONSABILIDAD ADMINISTRATIVA E IMPOSICI\u00d3N DE MULTA, [&hellip;]\" \/>\n<meta property=\"og:url\" content=\"https:\/\/contraloriamonagas.gob.ve\/?page_id=2677\" \/>\n<meta property=\"og:site_name\" content=\"Contralor\u00eda del Estado Monagas\" \/>\n<meta property=\"article:publisher\" content=\"https:\/\/www.facebook.com\/pages\/Contraloria-Monagas\/386123361457715\" \/>\n<meta property=\"article:modified_time\" content=\"2019-01-11T13:59:45+00:00\" \/>\n<meta name=\"twitter:card\" content=\"summary_large_image\" \/>\n<meta name=\"twitter:label1\" content=\"Tiempo estimado de lectura\" \/>\n\t<meta name=\"twitter:data1\" content=\"2 minutos\" \/>\n<script type=\"application\/ld+json\" class=\"yoast-schema-graph\">{\"@context\":\"https:\\\/\\\/schema.org\",\"@graph\":[{\"@type\":\"WebPage\",\"@id\":\"https:\\\/\\\/contraloriamonagas.gob.ve\\\/?page_id=2677\",\"url\":\"https:\\\/\\\/contraloriamonagas.gob.ve\\\/?page_id=2677\",\"name\":\"Determinaciones 2014 - Contralor\u00eda del Estado Monagas\",\"isPartOf\":{\"@id\":\"https:\\\/\\\/contraloriamonagas.gob.ve\\\/#website\"},\"datePublished\":\"2019-01-10T14:11:40+00:00\",\"dateModified\":\"2019-01-11T13:59:45+00:00\",\"breadcrumb\":{\"@id\":\"https:\\\/\\\/contraloriamonagas.gob.ve\\\/?page_id=2677#breadcrumb\"},\"inLanguage\":\"es\",\"potentialAction\":[{\"@type\":\"ReadAction\",\"target\":[\"https:\\\/\\\/contraloriamonagas.gob.ve\\\/?page_id=2677\"]}]},{\"@type\":\"BreadcrumbList\",\"@id\":\"https:\\\/\\\/contraloriamonagas.gob.ve\\\/?page_id=2677#breadcrumb\",\"itemListElement\":[{\"@type\":\"ListItem\",\"position\":1,\"name\":\"Portada\",\"item\":\"https:\\\/\\\/contraloriamonagas.gob.ve\\\/\"},{\"@type\":\"ListItem\",\"position\":2,\"name\":\"Determinaciones 2014\"}]},{\"@type\":\"WebSite\",\"@id\":\"https:\\\/\\\/contraloriamonagas.gob.ve\\\/#website\",\"url\":\"https:\\\/\\\/contraloriamonagas.gob.ve\\\/\",\"name\":\"Contralor\u00eda del Estado Monagas\",\"description\":\"hacia la consolidaci\u00f3n del sistema nacional de control fiscal\",\"publisher\":{\"@id\":\"https:\\\/\\\/contraloriamonagas.gob.ve\\\/#organization\"},\"potentialAction\":[{\"@type\":\"SearchAction\",\"target\":{\"@type\":\"EntryPoint\",\"urlTemplate\":\"https:\\\/\\\/contraloriamonagas.gob.ve\\\/?s={search_term_string}\"},\"query-input\":{\"@type\":\"PropertyValueSpecification\",\"valueRequired\":true,\"valueName\":\"search_term_string\"}}],\"inLanguage\":\"es\"},{\"@type\":\"Organization\",\"@id\":\"https:\\\/\\\/contraloriamonagas.gob.ve\\\/#organization\",\"name\":\"Contralor\u00eda del Estado Monagas\",\"url\":\"https:\\\/\\\/contraloriamonagas.gob.ve\\\/\",\"logo\":{\"@type\":\"ImageObject\",\"inLanguage\":\"es\",\"@id\":\"https:\\\/\\\/contraloriamonagas.gob.ve\\\/#\\\/schema\\\/logo\\\/image\\\/\",\"url\":\"https:\\\/\\\/contraloriamonagas.gob.ve\\\/wp-content\\\/uploads\\\/LOGO-CEM-A-COLOR-sin-fondo-1.png\",\"contentUrl\":\"https:\\\/\\\/contraloriamonagas.gob.ve\\\/wp-content\\\/uploads\\\/LOGO-CEM-A-COLOR-sin-fondo-1.png\",\"width\":3301,\"height\":2551,\"caption\":\"Contralor\u00eda del Estado Monagas\"},\"image\":{\"@id\":\"https:\\\/\\\/contraloriamonagas.gob.ve\\\/#\\\/schema\\\/logo\\\/image\\\/\"},\"sameAs\":[\"https:\\\/\\\/www.facebook.com\\\/pages\\\/Contraloria-Monagas\\\/386123361457715\"]}]}<\/script>\n<!-- \/ Yoast SEO plugin. -->","yoast_head_json":{"title":"Determinaciones 2014 - Contralor\u00eda del Estado Monagas","robots":{"index":"index","follow":"follow","max-snippet":"max-snippet:-1","max-image-preview":"max-image-preview:large","max-video-preview":"max-video-preview:-1"},"canonical":"https:\/\/contraloriamonagas.gob.ve\/?page_id=2677","og_locale":"es_ES","og_type":"article","og_title":"Determinaciones 2014 - Contralor\u00eda del Estado Monagas","og_description":"DECISI\u00d3N: DECLARATORIA DE RESPONSABILIDAD ADMINISTRATIVA, IMPOSICI\u00d3N DE MULTA y FORMULACI\u00d3N DE REPARO, mediante decisi\u00f3n de fecha, 19 de septiembre de 2014., la cual qued\u00f3 firme en sede administrativa, mediante Auto de fecha 13 de octubre de 2014. ORGANISMO: Servicio Estadal Alimentario Monagas. (PAM) EXP. 03-01-2014-001-PAM &nbsp; DECISI\u00d3N: DECLARATORIA DE RESPONSABILIDAD ADMINISTRATIVA E IMPOSICI\u00d3N DE MULTA, [&hellip;]","og_url":"https:\/\/contraloriamonagas.gob.ve\/?page_id=2677","og_site_name":"Contralor\u00eda del Estado Monagas","article_publisher":"https:\/\/www.facebook.com\/pages\/Contraloria-Monagas\/386123361457715","article_modified_time":"2019-01-11T13:59:45+00:00","twitter_card":"summary_large_image","twitter_misc":{"Tiempo estimado de lectura":"2 minutos"},"schema":{"@context":"https:\/\/schema.org","@graph":[{"@type":"WebPage","@id":"https:\/\/contraloriamonagas.gob.ve\/?page_id=2677","url":"https:\/\/contraloriamonagas.gob.ve\/?page_id=2677","name":"Determinaciones 2014 - Contralor\u00eda del Estado Monagas","isPartOf":{"@id":"https:\/\/contraloriamonagas.gob.ve\/#website"},"datePublished":"2019-01-10T14:11:40+00:00","dateModified":"2019-01-11T13:59:45+00:00","breadcrumb":{"@id":"https:\/\/contraloriamonagas.gob.ve\/?page_id=2677#breadcrumb"},"inLanguage":"es","potentialAction":[{"@type":"ReadAction","target":["https:\/\/contraloriamonagas.gob.ve\/?page_id=2677"]}]},{"@type":"BreadcrumbList","@id":"https:\/\/contraloriamonagas.gob.ve\/?page_id=2677#breadcrumb","itemListElement":[{"@type":"ListItem","position":1,"name":"Portada","item":"https:\/\/contraloriamonagas.gob.ve\/"},{"@type":"ListItem","position":2,"name":"Determinaciones 2014"}]},{"@type":"WebSite","@id":"https:\/\/contraloriamonagas.gob.ve\/#website","url":"https:\/\/contraloriamonagas.gob.ve\/","name":"Contralor\u00eda del Estado Monagas","description":"hacia la consolidaci\u00f3n del sistema nacional de control fiscal","publisher":{"@id":"https:\/\/contraloriamonagas.gob.ve\/#organization"},"potentialAction":[{"@type":"SearchAction","target":{"@type":"EntryPoint","urlTemplate":"https:\/\/contraloriamonagas.gob.ve\/?s={search_term_string}"},"query-input":{"@type":"PropertyValueSpecification","valueRequired":true,"valueName":"search_term_string"}}],"inLanguage":"es"},{"@type":"Organization","@id":"https:\/\/contraloriamonagas.gob.ve\/#organization","name":"Contralor\u00eda del Estado Monagas","url":"https:\/\/contraloriamonagas.gob.ve\/","logo":{"@type":"ImageObject","inLanguage":"es","@id":"https:\/\/contraloriamonagas.gob.ve\/#\/schema\/logo\/image\/","url":"https:\/\/contraloriamonagas.gob.ve\/wp-content\/uploads\/LOGO-CEM-A-COLOR-sin-fondo-1.png","contentUrl":"https:\/\/contraloriamonagas.gob.ve\/wp-content\/uploads\/LOGO-CEM-A-COLOR-sin-fondo-1.png","width":3301,"height":2551,"caption":"Contralor\u00eda del Estado Monagas"},"image":{"@id":"https:\/\/contraloriamonagas.gob.ve\/#\/schema\/logo\/image\/"},"sameAs":["https:\/\/www.facebook.com\/pages\/Contraloria-Monagas\/386123361457715"]}]}},"_links":{"self":[{"href":"https:\/\/contraloriamonagas.gob.ve\/index.php?rest_route=\/wp\/v2\/pages\/2677","targetHints":{"allow":["GET"]}}],"collection":[{"href":"https:\/\/contraloriamonagas.gob.ve\/index.php?rest_route=\/wp\/v2\/pages"}],"about":[{"href":"https:\/\/contraloriamonagas.gob.ve\/index.php?rest_route=\/wp\/v2\/types\/page"}],"author":[{"embeddable":true,"href":"https:\/\/contraloriamonagas.gob.ve\/index.php?rest_route=\/wp\/v2\/users\/1"}],"replies":[{"embeddable":true,"href":"https:\/\/contraloriamonagas.gob.ve\/index.php?rest_route=%2Fwp%2Fv2%2Fcomments&post=2677"}],"version-history":[{"count":5,"href":"https:\/\/contraloriamonagas.gob.ve\/index.php?rest_route=\/wp\/v2\/pages\/2677\/revisions"}],"predecessor-version":[{"id":2706,"href":"https:\/\/contraloriamonagas.gob.ve\/index.php?rest_route=\/wp\/v2\/pages\/2677\/revisions\/2706"}],"wp:attachment":[{"href":"https:\/\/contraloriamonagas.gob.ve\/index.php?rest_route=%2Fwp%2Fv2%2Fmedia&parent=2677"}],"curies":[{"name":"wp","href":"https:\/\/api.w.org\/{rel}","templated":true}]}}