{"id":1320,"date":"2014-04-21T20:40:50","date_gmt":"2014-04-21T20:40:50","guid":{"rendered":"https:\/\/contraloriamonagas.gob.ve\/agency\/ln\/"},"modified":"2026-03-25T18:37:40","modified_gmt":"2026-03-25T18:37:40","slug":"ln","status":"publish","type":"page","link":"https:\/\/contraloriamonagas.gob.ve\/?page_id=1320","title":{"rendered":"LEYES ESTADALES"},"content":{"rendered":"<h2 class=\"MsoNormal\" style=\"text-align: center;\"><\/h2>\n<h4><\/h4>\n<h4 align=\"CENTER\"><strong>LEYES ESTADALES.<br \/>\n<\/strong><\/h4>\n<p><strong>\u00a0<\/strong><\/p>\n<h4 align=\"JUSTIFY\"><strong><a href=\"https:\/\/drive.google.com\/file\/d\/0B9EmiK7Ft6YwSXFHeTZ0Sk1IYVk\/view?usp=sharing\" target=\"_blank\" rel=\"noopener\">CONSTITUCI\u00d3N DEL ESTADO MONAGAS.<\/a><\/strong><\/h4>\n<h4 align=\"JUSTIFY\"><strong><a href=\"https:\/\/drive.google.com\/file\/d\/0B9EmiK7Ft6YwdUdKNjNIQ1A0NEE\/view?usp=sharing\" target=\"_blank\" rel=\"noopener\">LEY DE CONTRALOR\u00cdA DEL ESTADO MONAGAS.<\/a><\/strong><\/h4>\n<h4 align=\"JUSTIFY\"><strong><a href=\"https:\/\/contraloriamonagas.gob.ve\/wp-content\/uploads\/REFORMA-PARCIAL-DE-LA-LEY-DE-LA-ADMINISTRACION-PUBLICA-DEL-ESTADO-MONAGAS-2022.pdf\">REFORMA PARCIAL DE LA LEY DE LA ADMINISTRACI\u00d3N P\u00daBLICA DEL ESTADO MONAGAS <span style=\"color: #ff0000;\">(Nueva)<\/span><\/a><\/strong><\/h4>\n<h4 align=\"JUSTIFY\"><strong><a href=\"https:\/\/contraloriamonagas.gob.ve\/wp-content\/uploads\/2019\/04\/REFORMA-PARCIAL-DE-LA-LEY-DE-LA-JUNTA-DE-BENEFICENCIA-P\u00daBLICA-Y-SOCIAL-DEL-ESTADO-MONAGAS-LOTER\u00cdA-DE-ORIENTE-Corregida-21-12-2018.pdf\">REFORMA PARCIAL DE LA LEY DE BENEFICIENCIA P\u00daBLICA Y SOCIAL DEL ESTADO MONAGAS LOTER\u00cdA DE ORIENTE\u00a0<\/a><span style=\"color: #ff0000;\"><a style=\"color: #ff0000;\" href=\"https:\/\/contraloriamonagas.gob.ve\/wp-content\/uploads\/2019\/04\/REFORMA-PARCIAL-DE-LA-LEY-DE-LA-ADMINISTRACION-PUBLICA-DEL-ESTADO-MONAGAS-2018-Corregida.pdf\">(Nueva)<\/a><\/span><\/strong><\/h4>\n<h4 align=\"JUSTIFY\"><strong><a href=\"https:\/\/contraloriamonagas.gob.ve\/wp-content\/uploads\/REFORMA-PARCIAL-DE-LA-LEY-DE-TIMBRE-FISCAL-DEL-ESTADO-MONAGAS-2019.pdf\">REFORMA PARCIAL DE LEY DE TIMBRE FISCAL DEL ESTADO MONAGAS 2019 <\/a><span style=\"color: #ff0000;\"><a style=\"color: #ff0000;\" href=\"https:\/\/contraloriamonagas.gob.ve\/wp-content\/uploads\/2019\/04\/REFORMA-PARCIAL-DE-LA-LEY-DE-LA-ADMINISTRACION-PUBLICA-DEL-ESTADO-MONAGAS-2018-Corregida.pdf\">(Nueva)<\/a><\/span><\/strong><\/h4>\n<h4 align=\"JUSTIFY\"><strong><a href=\"https:\/\/drive.google.com\/file\/d\/0B9EmiK7Ft6YwakdLZUx2ZlkzY3M\/view?usp=sharing\" target=\"_blank\" rel=\"noopener\">LEY DE\u00a0ADMINISTRACI\u00d3N\u00a0FINANCIERA DEL ESTADO MONAGAS.<\/a><\/strong><\/h4>\n<h4 align=\"JUSTIFY\"><strong><a href=\"https:\/\/contraloriamonagas.gob.ve\/wp-content\/uploads\/REFORMA-PARCIAL-LEY-DE-INCORPORACION-DESINCORPORACION-Y-ENAJENACION-DE-BIENES-DEL-ESTADO-MONAGAS_2022.pdf\">LEY DE INCORPORACION, DESINCORPORACI\u00d3N Y ENAJENACI\u00d3N DE BIENES DEL ESTADO MONAGAS.<\/a><\/strong><\/h4>\n<h4 align=\"JUSTIFY\"><strong><a href=\"https:\/\/drive.google.com\/file\/d\/0B9EmiK7Ft6YwWFFGOGt4em1YYzg\/view?usp=sharing\" target=\"_blank\" rel=\"noopener\">LEY SOBRE PROCEDIMIENTOS ADMINISTRATIVOS DEL ESTADO MONAGAS.<\/a><\/strong><\/h4>\n<h4 align=\"JUSTIFY\"><strong><a href=\"https:\/\/drive.google.com\/file\/d\/0B9EmiK7Ft6Ywb0xiMmh1SW4yU28\/view?usp=sharing\" target=\"_blank\" rel=\"noopener\">LEY DE\u00a0SIMPLIFICACI\u00d3N\u00a0DE TRAMITES ADMINISTRATIVOS DEL ESTADO MONAGAS.<\/a><\/strong><\/h4>\n<h4 align=\"JUSTIFY\"><strong><a href=\"https:\/\/drive.google.com\/file\/d\/0B9EmiK7Ft6YwZjM4NV9VRzg3VG8\/view?usp=sharing\" target=\"_blank\" rel=\"noopener\">LEY PARA EL DESARROLLO URBANO RURAL E IND\u00cdGENA DEL ESTADO MONAGAS.<\/a><\/strong><\/h4>\n<h4><strong><a href=\"https:\/\/contraloriamonagas.gob.ve\/agency\/wp-content\/uploads\/2014\/04\/REFORMA2012.pdf\">REFORMA DE LA LEY DE LA ADMINISTRACION PUBLICA DEL ESTADO MONAGAS .<\/a><br \/>\n<\/strong><\/h4>\n<h4><strong><a href=\"https:\/\/contraloriamonagas.gob.ve\/wp-content\/uploads\/2014\/04\/PROCURADURIA.pdf\">REFORMA PARCIAL DE LA LEY DE LA PROCURADURIA GENERAL DEL ESTADO MONAGAS.<\/a><br \/>\n<\/strong><\/h4>\n","protected":false},"excerpt":{"rendered":"<p>LEYES ESTADALES. \u00a0 CONSTITUCI\u00d3N DEL ESTADO MONAGAS. LEY DE CONTRALOR\u00cdA DEL ESTADO MONAGAS. REFORMA PARCIAL DE LA LEY DE LA ADMINISTRACI\u00d3N P\u00daBLICA DEL ESTADO MONAGAS (Nueva) REFORMA PARCIAL DE LA LEY DE BENEFICIENCIA P\u00daBLICA Y SOCIAL DEL ESTADO MONAGAS LOTER\u00cdA DE ORIENTE\u00a0(Nueva) REFORMA PARCIAL DE LEY DE TIMBRE FISCAL DEL ESTADO MONAGAS 2019 (Nueva) LEY [&hellip;]<\/p>\n","protected":false},"author":1,"featured_media":0,"parent":0,"menu_order":2,"comment_status":"closed","ping_status":"closed","template":"","meta":{"footnotes":""},"class_list":["post-1320","page","type-page","status-publish","hentry"],"yoast_head":"<!-- This site is optimized with the Yoast SEO plugin v27.3 - https:\/\/yoast.com\/product\/yoast-seo-wordpress\/ -->\n<title>LEYES ESTADALES - Contralor\u00eda del Estado Monagas<\/title>\n<meta name=\"robots\" content=\"index, follow, max-snippet:-1, max-image-preview:large, max-video-preview:-1\" \/>\n<link rel=\"canonical\" href=\"https:\/\/contraloriamonagas.gob.ve\/?page_id=1320\" \/>\n<meta property=\"og:locale\" content=\"es_ES\" \/>\n<meta property=\"og:type\" content=\"article\" \/>\n<meta property=\"og:title\" content=\"LEYES ESTADALES - Contralor\u00eda del Estado Monagas\" \/>\n<meta property=\"og:description\" content=\"LEYES ESTADALES. \u00a0 CONSTITUCI\u00d3N DEL ESTADO MONAGAS. LEY DE CONTRALOR\u00cdA DEL ESTADO MONAGAS. REFORMA PARCIAL DE LA LEY DE LA ADMINISTRACI\u00d3N P\u00daBLICA DEL ESTADO MONAGAS (Nueva) REFORMA PARCIAL DE LA LEY DE BENEFICIENCIA P\u00daBLICA Y SOCIAL DEL ESTADO MONAGAS LOTER\u00cdA DE ORIENTE\u00a0(Nueva) REFORMA PARCIAL DE LEY DE TIMBRE FISCAL DEL ESTADO MONAGAS 2019 (Nueva) LEY [&hellip;]\" \/>\n<meta property=\"og:url\" content=\"https:\/\/contraloriamonagas.gob.ve\/?page_id=1320\" \/>\n<meta property=\"og:site_name\" content=\"Contralor\u00eda del Estado Monagas\" \/>\n<meta property=\"article:publisher\" content=\"https:\/\/www.facebook.com\/pages\/Contraloria-Monagas\/386123361457715\" \/>\n<meta property=\"article:modified_time\" content=\"2026-03-25T18:37:40+00:00\" \/>\n<meta name=\"twitter:card\" content=\"summary_large_image\" \/>\n<meta name=\"twitter:label1\" content=\"Tiempo estimado de lectura\" \/>\n\t<meta name=\"twitter:data1\" content=\"1 minuto\" \/>\n<script type=\"application\/ld+json\" class=\"yoast-schema-graph\">{\"@context\":\"https:\\\/\\\/schema.org\",\"@graph\":[{\"@type\":\"WebPage\",\"@id\":\"https:\\\/\\\/contraloriamonagas.gob.ve\\\/?page_id=1320\",\"url\":\"https:\\\/\\\/contraloriamonagas.gob.ve\\\/?page_id=1320\",\"name\":\"LEYES ESTADALES - Contralor\u00eda del Estado Monagas\",\"isPartOf\":{\"@id\":\"https:\\\/\\\/contraloriamonagas.gob.ve\\\/#website\"},\"datePublished\":\"2014-04-21T20:40:50+00:00\",\"dateModified\":\"2026-03-25T18:37:40+00:00\",\"breadcrumb\":{\"@id\":\"https:\\\/\\\/contraloriamonagas.gob.ve\\\/?page_id=1320#breadcrumb\"},\"inLanguage\":\"es\",\"potentialAction\":[{\"@type\":\"ReadAction\",\"target\":[\"https:\\\/\\\/contraloriamonagas.gob.ve\\\/?page_id=1320\"]}]},{\"@type\":\"BreadcrumbList\",\"@id\":\"https:\\\/\\\/contraloriamonagas.gob.ve\\\/?page_id=1320#breadcrumb\",\"itemListElement\":[{\"@type\":\"ListItem\",\"position\":1,\"name\":\"Portada\",\"item\":\"https:\\\/\\\/contraloriamonagas.gob.ve\\\/\"},{\"@type\":\"ListItem\",\"position\":2,\"name\":\"LEYES ESTADALES\"}]},{\"@type\":\"WebSite\",\"@id\":\"https:\\\/\\\/contraloriamonagas.gob.ve\\\/#website\",\"url\":\"https:\\\/\\\/contraloriamonagas.gob.ve\\\/\",\"name\":\"Contralor\u00eda del Estado Monagas\",\"description\":\"hacia la consolidaci\u00f3n del sistema nacional de control fiscal\",\"publisher\":{\"@id\":\"https:\\\/\\\/contraloriamonagas.gob.ve\\\/#organization\"},\"potentialAction\":[{\"@type\":\"SearchAction\",\"target\":{\"@type\":\"EntryPoint\",\"urlTemplate\":\"https:\\\/\\\/contraloriamonagas.gob.ve\\\/?s={search_term_string}\"},\"query-input\":{\"@type\":\"PropertyValueSpecification\",\"valueRequired\":true,\"valueName\":\"search_term_string\"}}],\"inLanguage\":\"es\"},{\"@type\":\"Organization\",\"@id\":\"https:\\\/\\\/contraloriamonagas.gob.ve\\\/#organization\",\"name\":\"Contralor\u00eda del Estado Monagas\",\"url\":\"https:\\\/\\\/contraloriamonagas.gob.ve\\\/\",\"logo\":{\"@type\":\"ImageObject\",\"inLanguage\":\"es\",\"@id\":\"https:\\\/\\\/contraloriamonagas.gob.ve\\\/#\\\/schema\\\/logo\\\/image\\\/\",\"url\":\"https:\\\/\\\/contraloriamonagas.gob.ve\\\/wp-content\\\/uploads\\\/LOGO-CEM-A-COLOR-sin-fondo-1.png\",\"contentUrl\":\"https:\\\/\\\/contraloriamonagas.gob.ve\\\/wp-content\\\/uploads\\\/LOGO-CEM-A-COLOR-sin-fondo-1.png\",\"width\":3301,\"height\":2551,\"caption\":\"Contralor\u00eda del Estado Monagas\"},\"image\":{\"@id\":\"https:\\\/\\\/contraloriamonagas.gob.ve\\\/#\\\/schema\\\/logo\\\/image\\\/\"},\"sameAs\":[\"https:\\\/\\\/www.facebook.com\\\/pages\\\/Contraloria-Monagas\\\/386123361457715\"]}]}<\/script>\n<!-- \/ Yoast SEO plugin. -->","yoast_head_json":{"title":"LEYES ESTADALES - Contralor\u00eda del Estado Monagas","robots":{"index":"index","follow":"follow","max-snippet":"max-snippet:-1","max-image-preview":"max-image-preview:large","max-video-preview":"max-video-preview:-1"},"canonical":"https:\/\/contraloriamonagas.gob.ve\/?page_id=1320","og_locale":"es_ES","og_type":"article","og_title":"LEYES ESTADALES - Contralor\u00eda del Estado Monagas","og_description":"LEYES ESTADALES. \u00a0 CONSTITUCI\u00d3N DEL ESTADO MONAGAS. LEY DE CONTRALOR\u00cdA DEL ESTADO MONAGAS. REFORMA PARCIAL DE LA LEY DE LA ADMINISTRACI\u00d3N P\u00daBLICA DEL ESTADO MONAGAS (Nueva) REFORMA PARCIAL DE LA LEY DE BENEFICIENCIA P\u00daBLICA Y SOCIAL DEL ESTADO MONAGAS LOTER\u00cdA DE ORIENTE\u00a0(Nueva) REFORMA PARCIAL DE LEY DE TIMBRE FISCAL DEL ESTADO MONAGAS 2019 (Nueva) LEY [&hellip;]","og_url":"https:\/\/contraloriamonagas.gob.ve\/?page_id=1320","og_site_name":"Contralor\u00eda del Estado Monagas","article_publisher":"https:\/\/www.facebook.com\/pages\/Contraloria-Monagas\/386123361457715","article_modified_time":"2026-03-25T18:37:40+00:00","twitter_card":"summary_large_image","twitter_misc":{"Tiempo estimado de lectura":"1 minuto"},"schema":{"@context":"https:\/\/schema.org","@graph":[{"@type":"WebPage","@id":"https:\/\/contraloriamonagas.gob.ve\/?page_id=1320","url":"https:\/\/contraloriamonagas.gob.ve\/?page_id=1320","name":"LEYES ESTADALES - Contralor\u00eda del Estado Monagas","isPartOf":{"@id":"https:\/\/contraloriamonagas.gob.ve\/#website"},"datePublished":"2014-04-21T20:40:50+00:00","dateModified":"2026-03-25T18:37:40+00:00","breadcrumb":{"@id":"https:\/\/contraloriamonagas.gob.ve\/?page_id=1320#breadcrumb"},"inLanguage":"es","potentialAction":[{"@type":"ReadAction","target":["https:\/\/contraloriamonagas.gob.ve\/?page_id=1320"]}]},{"@type":"BreadcrumbList","@id":"https:\/\/contraloriamonagas.gob.ve\/?page_id=1320#breadcrumb","itemListElement":[{"@type":"ListItem","position":1,"name":"Portada","item":"https:\/\/contraloriamonagas.gob.ve\/"},{"@type":"ListItem","position":2,"name":"LEYES ESTADALES"}]},{"@type":"WebSite","@id":"https:\/\/contraloriamonagas.gob.ve\/#website","url":"https:\/\/contraloriamonagas.gob.ve\/","name":"Contralor\u00eda del Estado Monagas","description":"hacia la consolidaci\u00f3n del sistema nacional de control fiscal","publisher":{"@id":"https:\/\/contraloriamonagas.gob.ve\/#organization"},"potentialAction":[{"@type":"SearchAction","target":{"@type":"EntryPoint","urlTemplate":"https:\/\/contraloriamonagas.gob.ve\/?s={search_term_string}"},"query-input":{"@type":"PropertyValueSpecification","valueRequired":true,"valueName":"search_term_string"}}],"inLanguage":"es"},{"@type":"Organization","@id":"https:\/\/contraloriamonagas.gob.ve\/#organization","name":"Contralor\u00eda del Estado Monagas","url":"https:\/\/contraloriamonagas.gob.ve\/","logo":{"@type":"ImageObject","inLanguage":"es","@id":"https:\/\/contraloriamonagas.gob.ve\/#\/schema\/logo\/image\/","url":"https:\/\/contraloriamonagas.gob.ve\/wp-content\/uploads\/LOGO-CEM-A-COLOR-sin-fondo-1.png","contentUrl":"https:\/\/contraloriamonagas.gob.ve\/wp-content\/uploads\/LOGO-CEM-A-COLOR-sin-fondo-1.png","width":3301,"height":2551,"caption":"Contralor\u00eda del Estado Monagas"},"image":{"@id":"https:\/\/contraloriamonagas.gob.ve\/#\/schema\/logo\/image\/"},"sameAs":["https:\/\/www.facebook.com\/pages\/Contraloria-Monagas\/386123361457715"]}]}},"_links":{"self":[{"href":"https:\/\/contraloriamonagas.gob.ve\/index.php?rest_route=\/wp\/v2\/pages\/1320","targetHints":{"allow":["GET"]}}],"collection":[{"href":"https:\/\/contraloriamonagas.gob.ve\/index.php?rest_route=\/wp\/v2\/pages"}],"about":[{"href":"https:\/\/contraloriamonagas.gob.ve\/index.php?rest_route=\/wp\/v2\/types\/page"}],"author":[{"embeddable":true,"href":"https:\/\/contraloriamonagas.gob.ve\/index.php?rest_route=\/wp\/v2\/users\/1"}],"replies":[{"embeddable":true,"href":"https:\/\/contraloriamonagas.gob.ve\/index.php?rest_route=%2Fwp%2Fv2%2Fcomments&post=1320"}],"version-history":[{"count":9,"href":"https:\/\/contraloriamonagas.gob.ve\/index.php?rest_route=\/wp\/v2\/pages\/1320\/revisions"}],"predecessor-version":[{"id":6611,"href":"https:\/\/contraloriamonagas.gob.ve\/index.php?rest_route=\/wp\/v2\/pages\/1320\/revisions\/6611"}],"wp:attachment":[{"href":"https:\/\/contraloriamonagas.gob.ve\/index.php?rest_route=%2Fwp%2Fv2%2Fmedia&parent=1320"}],"curies":[{"name":"wp","href":"https:\/\/api.w.org\/{rel}","templated":true}]}}