{"id":1313,"date":"2014-04-21T20:30:31","date_gmt":"2014-04-21T20:30:31","guid":{"rendered":"https:\/\/contraloriamonagas.gob.ve\/agency\/leyes-y-reglamentos\/"},"modified":"2018-11-15T12:50:30","modified_gmt":"2018-11-15T12:50:30","slug":"leyes-y-reglamentos","status":"publish","type":"page","link":"https:\/\/contraloriamonagas.gob.ve\/?page_id=1313","title":{"rendered":"LEYES NACIONALES"},"content":{"rendered":"<h2 class=\"MsoNormal\" style=\"text-align: center;\"><strong>\u00a0<\/strong><\/h2>\n<p><strong>\u00a0<\/strong><strong style=\"color: #009abd; font-size: 19px; text-align: center;\">\u00a0<\/strong><\/p>\n<h2 class=\"MsoNormal\" style=\"text-align: center;\"><strong>LEYES NACIONALES.<\/strong><\/h2>\n<h4><strong>\u00a0<\/strong><\/h4>\n<h4><a href=\"https:\/\/drive.google.com\/file\/d\/0B9EmiK7Ft6YwQ3k5M3hRdVB2YlU\/view?usp=sharing\" target=\"_blank\">\u00a0CONSTITUCI\u00d3N DE LA REP\u00daBLICA BOLIVARIANA DE VENEZUELA.<\/a><\/h4>\n<h4><a href=\"https:\/\/drive.google.com\/file\/d\/0B9EmiK7Ft6YwSGRkcXdxMFd1Q2c\/view?usp=sharing\" target=\"_blank\">LEY ORG\u00c1NICA DE LA CONTRALOR\u00cdA GENERAL DE LA REP\u00daBLICA Y DEL SISTEMA NACIONAL DE CONTROL FISCAL.<\/a><\/h4>\n<h4><a href=\"https:\/\/drive.google.com\/file\/d\/0B9EmiK7Ft6YwWm5oZGl5cEtTWHM\/view?usp=sharing\" target=\"_blank\">LEY\u00a0ORG\u00c1NICA\u00a0DE PROCEDIMIENTOS ADMINISTRATIVOS.<\/a><\/h4>\n<h4><a href=\"https:\/\/drive.google.com\/file\/d\/0B9EmiK7Ft6YwaXJHRkl6aGVGZUk\/view?usp=sharing\" target=\"_blank\">LEY\u00a0ORG\u00c1NICA\u00a0DE \u00a0LOS CONSEJOS COMUNALES.<\/a><\/h4>\n<h4><a href=\"https:\/\/contraloriamonagas.gob.ve\/agency\/wp-content\/uploads\/2014\/04\/leyinfog.pdf\" target=\"_blank\">LEY DE INFOGOBIERNO.<\/a><\/h4>\n<h4><a href=\"https:\/\/drive.google.com\/file\/d\/0B9EmiK7Ft6YwdW5idUtHQU5xRWc\/view?usp=sharing\" target=\"_blank\">LEY\u00a0ORG\u00c1NICA\u00a0DEL PODER POPULAR.<\/a><\/h4>\n<h4><a href=\"https:\/\/contraloriamonagas.gob.ve\/agency\/wp-content\/uploads\/2014\/04\/ciudadano.pdf\" target=\"_blank\">LEY ORG\u00c1NICA DEL PODER CIUDADANO.<\/a><\/h4>\n<h4><a href=\"https:\/\/drive.google.com\/file\/d\/0B9EmiK7Ft6YwNEk3dWg2cThfd0E\/view?usp=sharing\" target=\"_blank\">LEY ORG\u00c1NICA DE PLANIFICACI\u00d3N P\u00daBLICA Y POPULAR.<\/a><\/h4>\n<h4><a href=\"https:\/\/drive.google.com\/file\/d\/0B9EmiK7Ft6YwS1lLcEk2aEJkeXc\/view?usp=sharing\" target=\"_blank\">LEY\u00a0ORG\u00c1NICA\u00a0DE LAS COMUNAS.<\/a><\/h4>\n<h4><a href=\"https:\/\/drive.google.com\/file\/d\/0B9EmiK7Ft6YwUTRsYkpETld0Mnc\/view?usp=sharing\" target=\"_blank\">LEY\u00a0ORG\u00c1NICA\u00a0DE LA CONTRALOR\u00cdA SOCIAL.<\/a><\/h4>\n<h4><a href=\"https:\/\/drive.google.com\/file\/d\/0B9EmiK7Ft6YwbXBNdTVhTlVUUGM\/view?usp=sharing\" target=\"_blank\">LEY\u00a0ORG\u00c1NICA\u00a0DEL CONSEJO FEDERAL DE GOBIERNO.<\/a><\/h4>\n<h4><a href=\"https:\/\/drive.google.com\/file\/d\/0B9EmiK7Ft6YwRGNvSzdqUnRSTGs\/view?usp=sharing\">LEY ORG\u00c1NICA DEL TRABAJO, TRABAJADOR Y TRABAJADORA.\u00a0<\/a><\/h4>\n<h4><a href=\"https:\/\/drive.google.com\/file\/d\/0B9EmiK7Ft6YwZ3FRZ0hzalgweG8\/view?usp=sharing\">NORMAS GENERALES DE AUDITOR\u00cdA DE ESTADO.<\/a><\/h4>\n<h4><a href=\"https:\/\/drive.google.com\/file\/d\/0B9EmiK7Ft6YwQm1NNDJzbFFZMTQ\/view?usp=sharing\">LEY\u00a0ORG\u00c1NICA\u00a0DE CIENCIA\u00a0TECNOLOG\u00cdA\u00a0E\u00a0INNOVACI\u00d3N<\/a><\/h4>\n<h4 class=\"MsoNormal\"><a href=\"https:\/\/drive.google.com\/file\/d\/0B9EmiK7Ft6YwdUVNWmNRS2RWdVk\/view?usp=sharing\">LEY CONTRA LA CORRUPCI\u00d3N<\/a><\/h4>\n<h4><a href=\"https:\/\/contraloriamonagas.gob.ve\/agency\/wp-content\/uploads\/2014\/04\/COMUNICACION.pdf\"><strong>LEY DE COMUNICACI\u00d3N POPULAR<\/strong><\/a><\/h4>\n<h4><a href=\"https:\/\/contraloriamonagas.gob.ve\/agency\/wp-content\/uploads\/2014\/04\/lsta.pdf\">DECRETO CON RANGO, VALOR Y FUERZA DE LA LEY DE SIMPLIFICACI\u00d3N DE TRAMITES ADMINISTRATIVOS.<\/a><\/h4>\n<h4><a href=\"https:\/\/contraloriamonagas.gob.ve\/agency\/wp-content\/uploads\/2014\/04\/lsta.pdf\"><\/a><br \/><a href=\"https:\/\/contraloriamonagas.gob.ve\/agency\/wp-content\/uploads\/2014\/04\/lsss.pdf\"><span class=\"hovered\">DECRETO CON RANGO, VALOR Y FUERZA DE LA LEY DEL SISTEMA DE SEGURIDAD SOCIAL,LEY DEL SEGURO SOCIAL Y SU REGLAMENTO<\/span><\/a><\/h4>\n<h4><a href=\"https:\/\/contraloriamonagas.gob.ve\/agency\/wp-content\/uploads\/2014\/04\/lclp.pdf\">LEY DE LOS CONSEJOS LOCALES DE PLANIFICACI\u00d3N<\/a><\/h4>\n<h4><a href=\"https:\/\/contraloriamonagas.gob.ve\/agency\/wp-content\/uploads\/2014\/04\/loaf.pdf\">DECRETO CON RANGO, VALOR Y FUERZA DE LA LEY ORG\u00c1NICA DE LA ADMINISTRACI\u00d3N FINANCIERA DEL SECTOR P\u00daBLICO<\/a><\/h4>\n<h4><a href=\"https:\/\/contraloriamonagas.gob.ve\/agency\/wp-content\/uploads\/2014\/04\/lcc.pdf\">LEY ORG\u00c1NICA DEL PODER CIUDADANO<\/a><\/h4>\n<h4><a href=\"https:\/\/contraloriamonagas.gob.ve\/agency\/wp-content\/uploads\/2014\/04\/lcc.pdf\"><strong>DECRETO, RANGO FUERZA Y VALOR DE LA LEY CONTRA LA CORRUPCI\u00d3N<\/strong><\/a><\/h4>\n<h4><a href=\"https:\/\/contraloriamonagas.gob.ve\/agency\/wp-content\/uploads\/2014\/04\/lcp.pdf\"><strong>DECRETO, RANGO FUERZA Y VALOR DE LA LEY DE CONTRATACIONES P\u00daBLICAS<\/strong><\/a><\/h4>\n<h4>\u00a0<\/h4>\n","protected":false},"excerpt":{"rendered":"<p>\u00a0 \u00a0\u00a0 LEYES NACIONALES. \u00a0 \u00a0CONSTITUCI\u00d3N DE LA REP\u00daBLICA BOLIVARIANA DE VENEZUELA. LEY ORG\u00c1NICA DE LA CONTRALOR\u00cdA GENERAL DE LA REP\u00daBLICA Y DEL SISTEMA NACIONAL DE CONTROL FISCAL. LEY\u00a0ORG\u00c1NICA\u00a0DE PROCEDIMIENTOS ADMINISTRATIVOS. LEY\u00a0ORG\u00c1NICA\u00a0DE \u00a0LOS CONSEJOS COMUNALES. LEY DE INFOGOBIERNO. LEY\u00a0ORG\u00c1NICA\u00a0DEL PODER POPULAR. LEY ORG\u00c1NICA DEL PODER CIUDADANO. LEY ORG\u00c1NICA DE PLANIFICACI\u00d3N P\u00daBLICA Y POPULAR. LEY\u00a0ORG\u00c1NICA\u00a0DE LAS [&hellip;]<\/p>\n","protected":false},"author":1,"featured_media":0,"parent":0,"menu_order":4,"comment_status":"closed","ping_status":"closed","template":"","meta":{"footnotes":""},"class_list":["post-1313","page","type-page","status-publish","hentry"],"yoast_head":"<!-- This site is optimized with the Yoast SEO plugin v27.3 - https:\/\/yoast.com\/product\/yoast-seo-wordpress\/ -->\n<title>LEYES NACIONALES - Contralor\u00eda del Estado Monagas<\/title>\n<meta name=\"robots\" content=\"index, follow, max-snippet:-1, max-image-preview:large, max-video-preview:-1\" \/>\n<link rel=\"canonical\" href=\"https:\/\/contraloriamonagas.gob.ve\/?page_id=1313\" \/>\n<meta property=\"og:locale\" content=\"es_ES\" \/>\n<meta property=\"og:type\" content=\"article\" \/>\n<meta property=\"og:title\" content=\"LEYES NACIONALES - Contralor\u00eda del Estado Monagas\" \/>\n<meta property=\"og:description\" content=\"\u00a0 \u00a0\u00a0 LEYES NACIONALES. \u00a0 \u00a0CONSTITUCI\u00d3N DE LA REP\u00daBLICA BOLIVARIANA DE VENEZUELA. LEY ORG\u00c1NICA DE LA CONTRALOR\u00cdA GENERAL DE LA REP\u00daBLICA Y DEL SISTEMA NACIONAL DE CONTROL FISCAL. LEY\u00a0ORG\u00c1NICA\u00a0DE PROCEDIMIENTOS ADMINISTRATIVOS. LEY\u00a0ORG\u00c1NICA\u00a0DE \u00a0LOS CONSEJOS COMUNALES. LEY DE INFOGOBIERNO. LEY\u00a0ORG\u00c1NICA\u00a0DEL PODER POPULAR. LEY ORG\u00c1NICA DEL PODER CIUDADANO. LEY ORG\u00c1NICA DE PLANIFICACI\u00d3N P\u00daBLICA Y POPULAR. LEY\u00a0ORG\u00c1NICA\u00a0DE LAS [&hellip;]\" \/>\n<meta property=\"og:url\" content=\"https:\/\/contraloriamonagas.gob.ve\/?page_id=1313\" \/>\n<meta property=\"og:site_name\" content=\"Contralor\u00eda del Estado Monagas\" \/>\n<meta property=\"article:publisher\" content=\"https:\/\/www.facebook.com\/pages\/Contraloria-Monagas\/386123361457715\" \/>\n<meta property=\"article:modified_time\" content=\"2018-11-15T12:50:30+00:00\" \/>\n<meta name=\"twitter:card\" content=\"summary_large_image\" \/>\n<meta name=\"twitter:label1\" content=\"Tiempo estimado de lectura\" \/>\n\t<meta name=\"twitter:data1\" content=\"1 minuto\" \/>\n<script type=\"application\/ld+json\" class=\"yoast-schema-graph\">{\"@context\":\"https:\\\/\\\/schema.org\",\"@graph\":[{\"@type\":\"WebPage\",\"@id\":\"https:\\\/\\\/contraloriamonagas.gob.ve\\\/?page_id=1313\",\"url\":\"https:\\\/\\\/contraloriamonagas.gob.ve\\\/?page_id=1313\",\"name\":\"LEYES NACIONALES - Contralor\u00eda del Estado Monagas\",\"isPartOf\":{\"@id\":\"https:\\\/\\\/contraloriamonagas.gob.ve\\\/#website\"},\"datePublished\":\"2014-04-21T20:30:31+00:00\",\"dateModified\":\"2018-11-15T12:50:30+00:00\",\"breadcrumb\":{\"@id\":\"https:\\\/\\\/contraloriamonagas.gob.ve\\\/?page_id=1313#breadcrumb\"},\"inLanguage\":\"es\",\"potentialAction\":[{\"@type\":\"ReadAction\",\"target\":[\"https:\\\/\\\/contraloriamonagas.gob.ve\\\/?page_id=1313\"]}]},{\"@type\":\"BreadcrumbList\",\"@id\":\"https:\\\/\\\/contraloriamonagas.gob.ve\\\/?page_id=1313#breadcrumb\",\"itemListElement\":[{\"@type\":\"ListItem\",\"position\":1,\"name\":\"Portada\",\"item\":\"https:\\\/\\\/contraloriamonagas.gob.ve\\\/\"},{\"@type\":\"ListItem\",\"position\":2,\"name\":\"LEYES NACIONALES\"}]},{\"@type\":\"WebSite\",\"@id\":\"https:\\\/\\\/contraloriamonagas.gob.ve\\\/#website\",\"url\":\"https:\\\/\\\/contraloriamonagas.gob.ve\\\/\",\"name\":\"Contralor\u00eda del Estado Monagas\",\"description\":\"hacia la consolidaci\u00f3n del sistema nacional de control fiscal\",\"publisher\":{\"@id\":\"https:\\\/\\\/contraloriamonagas.gob.ve\\\/#organization\"},\"potentialAction\":[{\"@type\":\"SearchAction\",\"target\":{\"@type\":\"EntryPoint\",\"urlTemplate\":\"https:\\\/\\\/contraloriamonagas.gob.ve\\\/?s={search_term_string}\"},\"query-input\":{\"@type\":\"PropertyValueSpecification\",\"valueRequired\":true,\"valueName\":\"search_term_string\"}}],\"inLanguage\":\"es\"},{\"@type\":\"Organization\",\"@id\":\"https:\\\/\\\/contraloriamonagas.gob.ve\\\/#organization\",\"name\":\"Contralor\u00eda del Estado Monagas\",\"url\":\"https:\\\/\\\/contraloriamonagas.gob.ve\\\/\",\"logo\":{\"@type\":\"ImageObject\",\"inLanguage\":\"es\",\"@id\":\"https:\\\/\\\/contraloriamonagas.gob.ve\\\/#\\\/schema\\\/logo\\\/image\\\/\",\"url\":\"https:\\\/\\\/contraloriamonagas.gob.ve\\\/wp-content\\\/uploads\\\/LOGO-CEM-A-COLOR-sin-fondo-1.png\",\"contentUrl\":\"https:\\\/\\\/contraloriamonagas.gob.ve\\\/wp-content\\\/uploads\\\/LOGO-CEM-A-COLOR-sin-fondo-1.png\",\"width\":3301,\"height\":2551,\"caption\":\"Contralor\u00eda del Estado Monagas\"},\"image\":{\"@id\":\"https:\\\/\\\/contraloriamonagas.gob.ve\\\/#\\\/schema\\\/logo\\\/image\\\/\"},\"sameAs\":[\"https:\\\/\\\/www.facebook.com\\\/pages\\\/Contraloria-Monagas\\\/386123361457715\"]}]}<\/script>\n<!-- \/ Yoast SEO plugin. -->","yoast_head_json":{"title":"LEYES NACIONALES - Contralor\u00eda del Estado Monagas","robots":{"index":"index","follow":"follow","max-snippet":"max-snippet:-1","max-image-preview":"max-image-preview:large","max-video-preview":"max-video-preview:-1"},"canonical":"https:\/\/contraloriamonagas.gob.ve\/?page_id=1313","og_locale":"es_ES","og_type":"article","og_title":"LEYES NACIONALES - Contralor\u00eda del Estado Monagas","og_description":"\u00a0 \u00a0\u00a0 LEYES NACIONALES. \u00a0 \u00a0CONSTITUCI\u00d3N DE LA REP\u00daBLICA BOLIVARIANA DE VENEZUELA. LEY ORG\u00c1NICA DE LA CONTRALOR\u00cdA GENERAL DE LA REP\u00daBLICA Y DEL SISTEMA NACIONAL DE CONTROL FISCAL. LEY\u00a0ORG\u00c1NICA\u00a0DE PROCEDIMIENTOS ADMINISTRATIVOS. LEY\u00a0ORG\u00c1NICA\u00a0DE \u00a0LOS CONSEJOS COMUNALES. LEY DE INFOGOBIERNO. LEY\u00a0ORG\u00c1NICA\u00a0DEL PODER POPULAR. LEY ORG\u00c1NICA DEL PODER CIUDADANO. LEY ORG\u00c1NICA DE PLANIFICACI\u00d3N P\u00daBLICA Y POPULAR. LEY\u00a0ORG\u00c1NICA\u00a0DE LAS [&hellip;]","og_url":"https:\/\/contraloriamonagas.gob.ve\/?page_id=1313","og_site_name":"Contralor\u00eda del Estado Monagas","article_publisher":"https:\/\/www.facebook.com\/pages\/Contraloria-Monagas\/386123361457715","article_modified_time":"2018-11-15T12:50:30+00:00","twitter_card":"summary_large_image","twitter_misc":{"Tiempo estimado de lectura":"1 minuto"},"schema":{"@context":"https:\/\/schema.org","@graph":[{"@type":"WebPage","@id":"https:\/\/contraloriamonagas.gob.ve\/?page_id=1313","url":"https:\/\/contraloriamonagas.gob.ve\/?page_id=1313","name":"LEYES NACIONALES - Contralor\u00eda del Estado Monagas","isPartOf":{"@id":"https:\/\/contraloriamonagas.gob.ve\/#website"},"datePublished":"2014-04-21T20:30:31+00:00","dateModified":"2018-11-15T12:50:30+00:00","breadcrumb":{"@id":"https:\/\/contraloriamonagas.gob.ve\/?page_id=1313#breadcrumb"},"inLanguage":"es","potentialAction":[{"@type":"ReadAction","target":["https:\/\/contraloriamonagas.gob.ve\/?page_id=1313"]}]},{"@type":"BreadcrumbList","@id":"https:\/\/contraloriamonagas.gob.ve\/?page_id=1313#breadcrumb","itemListElement":[{"@type":"ListItem","position":1,"name":"Portada","item":"https:\/\/contraloriamonagas.gob.ve\/"},{"@type":"ListItem","position":2,"name":"LEYES NACIONALES"}]},{"@type":"WebSite","@id":"https:\/\/contraloriamonagas.gob.ve\/#website","url":"https:\/\/contraloriamonagas.gob.ve\/","name":"Contralor\u00eda del Estado Monagas","description":"hacia la consolidaci\u00f3n del sistema nacional de control fiscal","publisher":{"@id":"https:\/\/contraloriamonagas.gob.ve\/#organization"},"potentialAction":[{"@type":"SearchAction","target":{"@type":"EntryPoint","urlTemplate":"https:\/\/contraloriamonagas.gob.ve\/?s={search_term_string}"},"query-input":{"@type":"PropertyValueSpecification","valueRequired":true,"valueName":"search_term_string"}}],"inLanguage":"es"},{"@type":"Organization","@id":"https:\/\/contraloriamonagas.gob.ve\/#organization","name":"Contralor\u00eda del Estado Monagas","url":"https:\/\/contraloriamonagas.gob.ve\/","logo":{"@type":"ImageObject","inLanguage":"es","@id":"https:\/\/contraloriamonagas.gob.ve\/#\/schema\/logo\/image\/","url":"https:\/\/contraloriamonagas.gob.ve\/wp-content\/uploads\/LOGO-CEM-A-COLOR-sin-fondo-1.png","contentUrl":"https:\/\/contraloriamonagas.gob.ve\/wp-content\/uploads\/LOGO-CEM-A-COLOR-sin-fondo-1.png","width":3301,"height":2551,"caption":"Contralor\u00eda del Estado Monagas"},"image":{"@id":"https:\/\/contraloriamonagas.gob.ve\/#\/schema\/logo\/image\/"},"sameAs":["https:\/\/www.facebook.com\/pages\/Contraloria-Monagas\/386123361457715"]}]}},"_links":{"self":[{"href":"https:\/\/contraloriamonagas.gob.ve\/index.php?rest_route=\/wp\/v2\/pages\/1313","targetHints":{"allow":["GET"]}}],"collection":[{"href":"https:\/\/contraloriamonagas.gob.ve\/index.php?rest_route=\/wp\/v2\/pages"}],"about":[{"href":"https:\/\/contraloriamonagas.gob.ve\/index.php?rest_route=\/wp\/v2\/types\/page"}],"author":[{"embeddable":true,"href":"https:\/\/contraloriamonagas.gob.ve\/index.php?rest_route=\/wp\/v2\/users\/1"}],"replies":[{"embeddable":true,"href":"https:\/\/contraloriamonagas.gob.ve\/index.php?rest_route=%2Fwp%2Fv2%2Fcomments&post=1313"}],"version-history":[{"count":1,"href":"https:\/\/contraloriamonagas.gob.ve\/index.php?rest_route=\/wp\/v2\/pages\/1313\/revisions"}],"predecessor-version":[{"id":2120,"href":"https:\/\/contraloriamonagas.gob.ve\/index.php?rest_route=\/wp\/v2\/pages\/1313\/revisions\/2120"}],"wp:attachment":[{"href":"https:\/\/contraloriamonagas.gob.ve\/index.php?rest_route=%2Fwp%2Fv2%2Fmedia&parent=1313"}],"curies":[{"name":"wp","href":"https:\/\/api.w.org\/{rel}","templated":true}]}}