{"id":1266,"date":"2014-04-11T16:16:44","date_gmt":"2014-04-11T16:16:44","guid":{"rendered":"https:\/\/contraloriamonagas.gob.ve\/agency\/ep\/"},"modified":"2026-03-25T18:24:18","modified_gmt":"2026-03-25T18:24:18","slug":"ep","status":"publish","type":"page","link":"https:\/\/contraloriamonagas.gob.ve\/?page_id=1266","title":{"rendered":"EJECUCI\u00d3N PRESUPUESTARIA"},"content":{"rendered":"<h2 style=\"text-align: center; color: #16282c; font-family: Arial, sans-serif;\">Ejecuci\u00f3n Presupuestaria por Periodo Fiscal<\/h2>\n<table style=\"border-collapse: collapse; width: 100%; font-family: Arial, sans-serif; text-align: center; background-color: #ffffff;\" border=\"0\" cellspacing=\"0\" cellpadding=\"12\">\n<thead>\n<tr style=\"background-color: #16282c;\">\n<th style=\"color: white; font-size: 18px; font-weight: bold; padding: 14px; border: 1px solid #ddd;\">A\u00d1O<\/th>\n<th style=\"color: white; font-size: 18px; font-weight: bold; padding: 14px; border: 1px solid #ddd;\">TRIMESTRE \/ PERIODO<\/th>\n<th style=\"color: white; font-size: 18px; font-weight: bold; padding: 14px; border: 1px solid #ddd;\">DESCARGA<\/th>\n<\/tr>\n<\/thead>\n<tbody><!-- 2023 --><\/p>\n<tr style=\"background-color: #eef2f5; border-top: 3px solid #16282c;\">\n<td style=\"font-size: 22px; font-weight: bold; color: #16282c; border: 1px solid #ddd; vertical-align: middle;\" rowspan=\"4\">2023<\/td>\n<td style=\"border: 1px solid #ddd; text-align: left; padding-left: 20px;\">Cuarto Trimestre<\/td>\n<td style=\"border: 1px solid #ddd;\"><a href=\"https:\/\/contraloriamonagas.gob.ve\/wp-content\/uploads\/EJECUCIAN-PRESUPUESTARIA-4TO.-TRIMESTRE-2023.pdf\">Descargar PDF<\/a><\/td>\n<\/tr>\n<tr style=\"background-color: #eef2f5;\">\n<td style=\"border: 1px solid #ddd; text-align: left; padding-left: 20px;\">Tercer Trimestre<\/td>\n<td style=\"border: 1px solid #ddd;\"><a href=\"https:\/\/contraloriamonagas.gob.ve\/wp-content\/uploads\/INFORME-III-TRIMESTRE-2023-.pdf\">Descargar PDF<\/a><\/td>\n<\/tr>\n<tr style=\"background-color: #eef2f5;\">\n<td style=\"border: 1px solid #ddd; text-align: left; padding-left: 20px;\">Segundo Trimestre<\/td>\n<td style=\"border: 1px solid #ddd;\"><a href=\"https:\/\/contraloriamonagas.gob.ve\/wp-content\/uploads\/INFORME-TRIMESTRAL-5.pdf\">Descargar PDF<\/a><\/td>\n<\/tr>\n<tr style=\"background-color: #eef2f5; border-bottom: 3px solid #16282c;\">\n<td style=\"border: 1px solid #ddd; text-align: left; padding-left: 20px;\">Primer Trimestre<\/td>\n<td style=\"border: 1px solid #ddd;\"><a href=\"https:\/\/contraloriamonagas.gob.ve\/wp-content\/uploads\/EJECUCION-PRESUPUESTARIA-1ER.-TRIMESTRE-2023.pdf\">Descargar PDF<\/a><\/td>\n<\/tr>\n<p><!-- 2022 --><\/p>\n<tr style=\"background-color: #f9f9f9; border-top: 3px solid #16282c;\">\n<td style=\"font-size: 22px; font-weight: bold; color: #16282c; border: 1px solid #ddd; vertical-align: middle;\" rowspan=\"3\">2022<\/td>\n<td style=\"border: 1px solid #ddd; text-align: left; padding-left: 20px;\">Tercer Trimestre<\/td>\n<td style=\"border: 1px solid #ddd;\"><a href=\"https:\/\/contraloriamonagas.gob.ve\/wp-content\/uploads\/3ER-TRIMESTRE-2022-1.pdf\">Descargar PDF<\/a><\/td>\n<\/tr>\n<tr style=\"background-color: #f9f9f9;\">\n<td style=\"border: 1px solid #ddd; text-align: left; padding-left: 20px;\">Segundo Trimestre<\/td>\n<td style=\"border: 1px solid #ddd;\"><a href=\"https:\/\/contraloriamonagas.gob.ve\/wp-content\/uploads\/EJECUCI\u00d3N-PRESUPUESTARIA-CONTRALORIA-DEL-ESTADO-MONAGAS.pdf\">Descargar PDF<\/a><\/td>\n<\/tr>\n<tr style=\"background-color: #f9f9f9; border-bottom: 3px solid #16282c;\">\n<td style=\"border: 1px solid #ddd; text-align: left; padding-left: 20px;\">Primer Trimestre<\/td>\n<td style=\"border: 1px solid #ddd;\"><a href=\"https:\/\/contraloriamonagas.gob.ve\/wp-content\/uploads\/informe-trimestral.pdf\">Descargar PDF<\/a><\/td>\n<\/tr>\n<p><!-- 2021 --><\/p>\n<tr style=\"background-color: #eef2f5; border-top: 3px solid #16282c;\">\n<td style=\"font-size: 22px; font-weight: bold; color: #16282c; border: 1px solid #ddd; vertical-align: middle;\" rowspan=\"5\">2021<\/td>\n<td style=\"border: 1px solid #ddd; text-align: left; padding-left: 20px;\">Cuadro Nro 3<\/td>\n<td style=\"border: 1px solid #ddd;\"><a href=\"https:\/\/contraloriamonagas.gob.ve\/wp-content\/uploads\/PAG4.pdf\">Descargar PDF<\/a><\/td>\n<\/tr>\n<tr style=\"background-color: #eef2f5;\">\n<td style=\"border: 1px solid #ddd; text-align: left; padding-left: 20px;\">Distribuci\u00f3n por partida<\/td>\n<td style=\"border: 1px solid #ddd;\"><a href=\"https:\/\/contraloriamonagas.gob.ve\/wp-content\/uploads\/PAG3.pdf\">Descargar PDF<\/a><\/td>\n<\/tr>\n<tr style=\"background-color: #eef2f5;\">\n<td style=\"border: 1px solid #ddd; text-align: left; padding-left: 20px;\">Informe Tercer Trimestre<\/td>\n<td style=\"border: 1px solid #ddd;\"><a href=\"https:\/\/contraloriamonagas.gob.ve\/wp-content\/uploads\/PAG2.pdf\">Descargar PDF<\/a><\/td>\n<\/tr>\n<tr style=\"background-color: #eef2f5;\">\n<td style=\"border: 1px solid #ddd; text-align: left; padding-left: 20px;\">Ejecuci\u00f3n Presupuestaria Tercer Trimestre<\/td>\n<td style=\"border: 1px solid #ddd;\"><a href=\"https:\/\/contraloriamonagas.gob.ve\/wp-content\/uploads\/PAG1.pdf\">Descargar PDF<\/a><\/td>\n<\/tr>\n<tr style=\"background-color: #eef2f5; border-bottom: 3px solid #16282c;\">\n<td style=\"border: 1px solid #ddd; text-align: left; padding-left: 20px;\">Ejecuci\u00f3n Presupuestaria<\/td>\n<td style=\"border: 1px solid #ddd;\"><a href=\"https:\/\/contraloriamonagas.gob.ve\/wp-content\/uploads\/PAG5.pdf\">Descargar PDF<\/a><\/td>\n<\/tr>\n<p><!-- 2019 --><\/p>\n<tr style=\"background-color: #f9f9f9; border-top: 3px solid #16282c;\">\n<td style=\"font-size: 22px; font-weight: bold; color: #16282c; border: 1px solid #ddd; vertical-align: middle;\" rowspan=\"4\">2019<\/td>\n<td style=\"border: 1px solid #ddd; text-align: left; padding-left: 20px;\">4to. Trimestre<\/td>\n<td style=\"border: 1px solid #ddd;\"><a href=\"https:\/\/contraloriamonagas.gob.ve\/wp-content\/uploads\/4to.-trimestre-2019.pdf\">Descargar PDF<\/a><\/td>\n<\/tr>\n<tr style=\"background-color: #f9f9f9;\">\n<td style=\"border: 1px solid #ddd; text-align: left; padding-left: 20px;\">3er. Trimestre<\/td>\n<td style=\"border: 1px solid #ddd;\"><a href=\"https:\/\/contraloriamonagas.gob.ve\/wp-content\/uploads\/Ejecucion-III-2019.png\">Descargar PNG<\/a><\/td>\n<\/tr>\n<tr style=\"background-color: #f9f9f9;\">\n<td style=\"border: 1px solid #ddd; text-align: left; padding-left: 20px;\">2do. Trimestre<\/td>\n<td style=\"border: 1px solid #ddd;\"><a href=\"https:\/\/contraloriamonagas.gob.ve\/wp-content\/uploads\/Ejecuci\u00f3n-Presupuestaria-II-20190000.jpg\">Descargar JPG<\/a><\/td>\n<\/tr>\n<tr style=\"background-color: #f9f9f9; border-bottom: 3px solid #16282c;\">\n<td style=\"border: 1px solid #ddd; text-align: left; padding-left: 20px;\">1er. Trimestre<\/td>\n<td style=\"border: 1px solid #ddd;\"><a href=\"https:\/\/contraloriamonagas.gob.ve\/wp-content\/uploads\/Ejecuci\u00f3n-Presupuestaria-I-IV-2019.jpg\">Descargar JPG<\/a><\/td>\n<\/tr>\n<p><!-- 2018 --><\/p>\n<tr style=\"background-color: #eef2f5; border-top: 3px solid #16282c;\">\n<td style=\"font-size: 22px; font-weight: bold; color: #16282c; border: 1px solid #ddd; vertical-align: middle;\" rowspan=\"4\">2018<\/td>\n<td style=\"border: 1px solid #ddd; text-align: left; padding-left: 20px;\">4to. Trimestre<\/td>\n<td style=\"border: 1px solid #ddd;\"><a href=\"https:\/\/contraloriamonagas.gob.ve\/wp-content\/uploads\/2019\/01\/Ejecucion-presupuestaria-2018-IV.jpg\">Descargar JPG<\/a><\/td>\n<\/tr>\n<tr style=\"background-color: #eef2f5;\">\n<td style=\"border: 1px solid #ddd; text-align: left; padding-left: 20px;\">3er. Trimestre<\/td>\n<td style=\"border: 1px solid #ddd;\"><a href=\"https:\/\/contraloriamonagas.gob.ve\/wp-content\/uploads\/2019\/01\/Ejecucion-presupuestaria-2018-III.jpg\">Descargar JPG<\/a><\/td>\n<\/tr>\n<tr style=\"background-color: #eef2f5;\">\n<td style=\"border: 1px solid #ddd; text-align: left; padding-left: 20px;\">2do. Trimestre<\/td>\n<td style=\"border: 1px solid #ddd;\"><a href=\"https:\/\/contraloriamonagas.gob.ve\/wp-content\/uploads\/2019\/01\/Ejecucion-presupuestaria-2018-II.jpg\">Descargar JPG<\/a><\/td>\n<\/tr>\n<tr style=\"background-color: #eef2f5; border-bottom: 3px solid #16282c;\">\n<td style=\"border: 1px solid #ddd; text-align: left; padding-left: 20px;\">1er. Trimestre<\/td>\n<td style=\"border: 1px solid #ddd;\"><a href=\"https:\/\/contraloriamonagas.gob.ve\/wp-content\/uploads\/2019\/01\/Ejecucion-presupuestaria-2018-I.jpg\">Descargar JPG<\/a><\/td>\n<\/tr>\n<p><!-- 2017 --><\/p>\n<tr style=\"background-color: #f9f9f9; border-top: 3px solid #16282c;\">\n<td style=\"font-size: 22px; font-weight: bold; color: #16282c; border: 1px solid #ddd; vertical-align: middle;\" rowspan=\"3\">2017<\/td>\n<td style=\"border: 1px solid #ddd; text-align: left; padding-left: 20px;\">3er. Trimestre<\/td>\n<td style=\"border: 1px solid #ddd;\"><a href=\"https:\/\/contraloriamonagas.gob.ve\/wp-content\/uploads\/2019\/01\/Ejecucion-presupuestaria-2017-III.jpg\">Descargar JPG<\/a><\/td>\n<\/tr>\n<tr style=\"background-color: #f9f9f9;\">\n<td style=\"border: 1px solid #ddd; text-align: left; padding-left: 20px;\">2do. Trimestre<\/td>\n<td style=\"border: 1px solid #ddd;\"><a href=\"https:\/\/contraloriamonagas.gob.ve\/wp-content\/uploads\/2019\/01\/Ejecucion-presupuestaria-2017-II.jpg\">Descargar JPG<\/a><\/td>\n<\/tr>\n<tr style=\"background-color: #f9f9f9; border-bottom: 3px solid #16282c;\">\n<td style=\"border: 1px solid #ddd; text-align: left; padding-left: 20px;\">1er. Trimestre<\/td>\n<td style=\"border: 1px solid #ddd;\"><a href=\"https:\/\/contraloriamonagas.gob.ve\/wp-content\/uploads\/2019\/01\/Ejecucion-presupuestaria-2017-I.jpg\">Descargar JPG<\/a><\/td>\n<\/tr>\n<p><!-- 2016 --><\/p>\n<tr style=\"background-color: #eef2f5; border-top: 3px solid #16282c;\">\n<td style=\"font-size: 22px; font-weight: bold; color: #16282c; border: 1px solid #ddd; vertical-align: middle;\" rowspan=\"4\">2016<\/td>\n<td style=\"border: 1px solid #ddd; text-align: left; padding-left: 20px;\">Cuarto Trimestre<\/td>\n<td style=\"border: 1px solid #ddd;\"><a href=\"https:\/\/contraloriamonagas.gob.ve\/wp-content\/uploads\/2019\/01\/Ejecucion-presupuestaria-2016-IV.jpg\">Descargar JPG<\/a><\/td>\n<\/tr>\n<tr style=\"background-color: #eef2f5;\">\n<td style=\"border: 1px solid #ddd; text-align: left; padding-left: 20px;\">Tercer Trimestre<\/td>\n<td style=\"border: 1px solid #ddd;\"><a href=\"https:\/\/contraloriamonagas.gob.ve\/wp-content\/uploads\/2019\/01\/Ejecucion-presupuestaria-2016-III.jpg\">Descargar JPG<\/a><\/td>\n<\/tr>\n<tr style=\"background-color: #eef2f5;\">\n<td style=\"border: 1px solid #ddd; text-align: left; padding-left: 20px;\">Segundo Trimestre<\/td>\n<td style=\"border: 1px solid #ddd;\">No disponible<\/td>\n<\/tr>\n<tr style=\"background-color: #eef2f5; border-bottom: 3px solid #16282c;\">\n<td style=\"border: 1px solid #ddd; text-align: left; padding-left: 20px;\">Primer Trimestre<\/td>\n<td style=\"border: 1px solid #ddd;\">No disponible<\/td>\n<\/tr>\n<p><!-- 2015 --><\/p>\n<tr style=\"background-color: #f9f9f9; border-top: 3px solid #16282c;\">\n<td style=\"font-size: 22px; font-weight: bold; color: #16282c; border: 1px solid #ddd; vertical-align: middle;\">2015<\/td>\n<td style=\"border: 1px solid #ddd; text-align: left; padding-left: 20px;\">Completo<\/td>\n<td style=\"border: 1px solid #ddd;\"><a href=\"https:\/\/contraloriamonagas.gob.ve\/wp-content\/uploads\/2014\/04\/eje2015.pdf\">Descargar PDF<\/a><\/td>\n<\/tr>\n<p><!-- 2014 --><\/p>\n<tr style=\"background-color: #f9f9f9; border-bottom: 3px solid #16282c;\">\n<td style=\"font-size: 22px; font-weight: bold; color: #16282c; border: 1px solid #ddd; vertical-align: middle;\">2014<\/td>\n<td style=\"border: 1px solid #ddd; text-align: left; padding-left: 20px;\">Completo<\/td>\n<td style=\"border: 1px solid #ddd;\"><a href=\"https:\/\/contraloriamonagas.gob.ve\/wp-content\/uploads\/2014\/04\/eje2014.pdf\">Descargar PDF<\/a><\/td>\n<\/tr>\n<\/tbody>\n<\/table>\n","protected":false},"excerpt":{"rendered":"<p>Ejecuci\u00f3n Presupuestaria por Periodo Fiscal A\u00d1O TRIMESTRE \/ PERIODO DESCARGA 2023 Cuarto Trimestre Descargar PDF Tercer Trimestre Descargar PDF Segundo Trimestre Descargar PDF Primer Trimestre Descargar PDF 2022 Tercer Trimestre Descargar PDF Segundo Trimestre Descargar PDF Primer Trimestre Descargar PDF 2021 Cuadro Nro 3 Descargar PDF Distribuci\u00f3n por partida Descargar PDF Informe Tercer Trimestre Descargar [&hellip;]<\/p>\n","protected":false},"author":1,"featured_media":0,"parent":0,"menu_order":12,"comment_status":"closed","ping_status":"closed","template":"","meta":{"footnotes":""},"class_list":["post-1266","page","type-page","status-publish","hentry"],"yoast_head":"<!-- This site is optimized with the Yoast SEO plugin v27.3 - https:\/\/yoast.com\/product\/yoast-seo-wordpress\/ -->\n<title>EJECUCI\u00d3N PRESUPUESTARIA - Contralor\u00eda del Estado Monagas<\/title>\n<meta name=\"robots\" content=\"index, follow, max-snippet:-1, max-image-preview:large, max-video-preview:-1\" \/>\n<link rel=\"canonical\" href=\"https:\/\/contraloriamonagas.gob.ve\/?page_id=1266\" \/>\n<meta property=\"og:locale\" content=\"es_ES\" \/>\n<meta property=\"og:type\" content=\"article\" \/>\n<meta property=\"og:title\" content=\"EJECUCI\u00d3N PRESUPUESTARIA - Contralor\u00eda del Estado Monagas\" \/>\n<meta property=\"og:description\" content=\"Ejecuci\u00f3n Presupuestaria por Periodo Fiscal A\u00d1O TRIMESTRE \/ PERIODO DESCARGA 2023 Cuarto Trimestre Descargar PDF Tercer Trimestre Descargar PDF Segundo Trimestre Descargar PDF Primer Trimestre Descargar PDF 2022 Tercer Trimestre Descargar PDF Segundo Trimestre Descargar PDF Primer Trimestre Descargar PDF 2021 Cuadro Nro 3 Descargar PDF Distribuci\u00f3n por partida Descargar PDF Informe Tercer Trimestre Descargar [&hellip;]\" \/>\n<meta property=\"og:url\" content=\"https:\/\/contraloriamonagas.gob.ve\/?page_id=1266\" \/>\n<meta property=\"og:site_name\" content=\"Contralor\u00eda del Estado Monagas\" \/>\n<meta property=\"article:publisher\" content=\"https:\/\/www.facebook.com\/pages\/Contraloria-Monagas\/386123361457715\" \/>\n<meta property=\"article:modified_time\" content=\"2026-03-25T18:24:18+00:00\" \/>\n<meta name=\"twitter:card\" content=\"summary_large_image\" \/>\n<meta name=\"twitter:label1\" content=\"Tiempo estimado de lectura\" \/>\n\t<meta name=\"twitter:data1\" content=\"1 minuto\" \/>\n<script type=\"application\/ld+json\" class=\"yoast-schema-graph\">{\"@context\":\"https:\\\/\\\/schema.org\",\"@graph\":[{\"@type\":\"WebPage\",\"@id\":\"https:\\\/\\\/contraloriamonagas.gob.ve\\\/?page_id=1266\",\"url\":\"https:\\\/\\\/contraloriamonagas.gob.ve\\\/?page_id=1266\",\"name\":\"EJECUCI\u00d3N PRESUPUESTARIA - Contralor\u00eda del Estado Monagas\",\"isPartOf\":{\"@id\":\"https:\\\/\\\/contraloriamonagas.gob.ve\\\/#website\"},\"datePublished\":\"2014-04-11T16:16:44+00:00\",\"dateModified\":\"2026-03-25T18:24:18+00:00\",\"breadcrumb\":{\"@id\":\"https:\\\/\\\/contraloriamonagas.gob.ve\\\/?page_id=1266#breadcrumb\"},\"inLanguage\":\"es\",\"potentialAction\":[{\"@type\":\"ReadAction\",\"target\":[\"https:\\\/\\\/contraloriamonagas.gob.ve\\\/?page_id=1266\"]}]},{\"@type\":\"BreadcrumbList\",\"@id\":\"https:\\\/\\\/contraloriamonagas.gob.ve\\\/?page_id=1266#breadcrumb\",\"itemListElement\":[{\"@type\":\"ListItem\",\"position\":1,\"name\":\"Portada\",\"item\":\"https:\\\/\\\/contraloriamonagas.gob.ve\\\/\"},{\"@type\":\"ListItem\",\"position\":2,\"name\":\"EJECUCI\u00d3N PRESUPUESTARIA\"}]},{\"@type\":\"WebSite\",\"@id\":\"https:\\\/\\\/contraloriamonagas.gob.ve\\\/#website\",\"url\":\"https:\\\/\\\/contraloriamonagas.gob.ve\\\/\",\"name\":\"Contralor\u00eda del Estado Monagas\",\"description\":\"hacia la consolidaci\u00f3n del sistema nacional de control fiscal\",\"publisher\":{\"@id\":\"https:\\\/\\\/contraloriamonagas.gob.ve\\\/#organization\"},\"potentialAction\":[{\"@type\":\"SearchAction\",\"target\":{\"@type\":\"EntryPoint\",\"urlTemplate\":\"https:\\\/\\\/contraloriamonagas.gob.ve\\\/?s={search_term_string}\"},\"query-input\":{\"@type\":\"PropertyValueSpecification\",\"valueRequired\":true,\"valueName\":\"search_term_string\"}}],\"inLanguage\":\"es\"},{\"@type\":\"Organization\",\"@id\":\"https:\\\/\\\/contraloriamonagas.gob.ve\\\/#organization\",\"name\":\"Contralor\u00eda del Estado Monagas\",\"url\":\"https:\\\/\\\/contraloriamonagas.gob.ve\\\/\",\"logo\":{\"@type\":\"ImageObject\",\"inLanguage\":\"es\",\"@id\":\"https:\\\/\\\/contraloriamonagas.gob.ve\\\/#\\\/schema\\\/logo\\\/image\\\/\",\"url\":\"https:\\\/\\\/contraloriamonagas.gob.ve\\\/wp-content\\\/uploads\\\/LOGO-CEM-A-COLOR-sin-fondo-1.png\",\"contentUrl\":\"https:\\\/\\\/contraloriamonagas.gob.ve\\\/wp-content\\\/uploads\\\/LOGO-CEM-A-COLOR-sin-fondo-1.png\",\"width\":3301,\"height\":2551,\"caption\":\"Contralor\u00eda del Estado Monagas\"},\"image\":{\"@id\":\"https:\\\/\\\/contraloriamonagas.gob.ve\\\/#\\\/schema\\\/logo\\\/image\\\/\"},\"sameAs\":[\"https:\\\/\\\/www.facebook.com\\\/pages\\\/Contraloria-Monagas\\\/386123361457715\"]}]}<\/script>\n<!-- \/ Yoast SEO plugin. -->","yoast_head_json":{"title":"EJECUCI\u00d3N PRESUPUESTARIA - Contralor\u00eda del Estado Monagas","robots":{"index":"index","follow":"follow","max-snippet":"max-snippet:-1","max-image-preview":"max-image-preview:large","max-video-preview":"max-video-preview:-1"},"canonical":"https:\/\/contraloriamonagas.gob.ve\/?page_id=1266","og_locale":"es_ES","og_type":"article","og_title":"EJECUCI\u00d3N PRESUPUESTARIA - Contralor\u00eda del Estado Monagas","og_description":"Ejecuci\u00f3n Presupuestaria por Periodo Fiscal A\u00d1O TRIMESTRE \/ PERIODO DESCARGA 2023 Cuarto Trimestre Descargar PDF Tercer Trimestre Descargar PDF Segundo Trimestre Descargar PDF Primer Trimestre Descargar PDF 2022 Tercer Trimestre Descargar PDF Segundo Trimestre Descargar PDF Primer Trimestre Descargar PDF 2021 Cuadro Nro 3 Descargar PDF Distribuci\u00f3n por partida Descargar PDF Informe Tercer Trimestre Descargar [&hellip;]","og_url":"https:\/\/contraloriamonagas.gob.ve\/?page_id=1266","og_site_name":"Contralor\u00eda del Estado Monagas","article_publisher":"https:\/\/www.facebook.com\/pages\/Contraloria-Monagas\/386123361457715","article_modified_time":"2026-03-25T18:24:18+00:00","twitter_card":"summary_large_image","twitter_misc":{"Tiempo estimado de lectura":"1 minuto"},"schema":{"@context":"https:\/\/schema.org","@graph":[{"@type":"WebPage","@id":"https:\/\/contraloriamonagas.gob.ve\/?page_id=1266","url":"https:\/\/contraloriamonagas.gob.ve\/?page_id=1266","name":"EJECUCI\u00d3N PRESUPUESTARIA - Contralor\u00eda del Estado Monagas","isPartOf":{"@id":"https:\/\/contraloriamonagas.gob.ve\/#website"},"datePublished":"2014-04-11T16:16:44+00:00","dateModified":"2026-03-25T18:24:18+00:00","breadcrumb":{"@id":"https:\/\/contraloriamonagas.gob.ve\/?page_id=1266#breadcrumb"},"inLanguage":"es","potentialAction":[{"@type":"ReadAction","target":["https:\/\/contraloriamonagas.gob.ve\/?page_id=1266"]}]},{"@type":"BreadcrumbList","@id":"https:\/\/contraloriamonagas.gob.ve\/?page_id=1266#breadcrumb","itemListElement":[{"@type":"ListItem","position":1,"name":"Portada","item":"https:\/\/contraloriamonagas.gob.ve\/"},{"@type":"ListItem","position":2,"name":"EJECUCI\u00d3N PRESUPUESTARIA"}]},{"@type":"WebSite","@id":"https:\/\/contraloriamonagas.gob.ve\/#website","url":"https:\/\/contraloriamonagas.gob.ve\/","name":"Contralor\u00eda del Estado Monagas","description":"hacia la consolidaci\u00f3n del sistema nacional de control fiscal","publisher":{"@id":"https:\/\/contraloriamonagas.gob.ve\/#organization"},"potentialAction":[{"@type":"SearchAction","target":{"@type":"EntryPoint","urlTemplate":"https:\/\/contraloriamonagas.gob.ve\/?s={search_term_string}"},"query-input":{"@type":"PropertyValueSpecification","valueRequired":true,"valueName":"search_term_string"}}],"inLanguage":"es"},{"@type":"Organization","@id":"https:\/\/contraloriamonagas.gob.ve\/#organization","name":"Contralor\u00eda del Estado Monagas","url":"https:\/\/contraloriamonagas.gob.ve\/","logo":{"@type":"ImageObject","inLanguage":"es","@id":"https:\/\/contraloriamonagas.gob.ve\/#\/schema\/logo\/image\/","url":"https:\/\/contraloriamonagas.gob.ve\/wp-content\/uploads\/LOGO-CEM-A-COLOR-sin-fondo-1.png","contentUrl":"https:\/\/contraloriamonagas.gob.ve\/wp-content\/uploads\/LOGO-CEM-A-COLOR-sin-fondo-1.png","width":3301,"height":2551,"caption":"Contralor\u00eda del Estado Monagas"},"image":{"@id":"https:\/\/contraloriamonagas.gob.ve\/#\/schema\/logo\/image\/"},"sameAs":["https:\/\/www.facebook.com\/pages\/Contraloria-Monagas\/386123361457715"]}]}},"_links":{"self":[{"href":"https:\/\/contraloriamonagas.gob.ve\/index.php?rest_route=\/wp\/v2\/pages\/1266","targetHints":{"allow":["GET"]}}],"collection":[{"href":"https:\/\/contraloriamonagas.gob.ve\/index.php?rest_route=\/wp\/v2\/pages"}],"about":[{"href":"https:\/\/contraloriamonagas.gob.ve\/index.php?rest_route=\/wp\/v2\/types\/page"}],"author":[{"embeddable":true,"href":"https:\/\/contraloriamonagas.gob.ve\/index.php?rest_route=\/wp\/v2\/users\/1"}],"replies":[{"embeddable":true,"href":"https:\/\/contraloriamonagas.gob.ve\/index.php?rest_route=%2Fwp%2Fv2%2Fcomments&post=1266"}],"version-history":[{"count":33,"href":"https:\/\/contraloriamonagas.gob.ve\/index.php?rest_route=\/wp\/v2\/pages\/1266\/revisions"}],"predecessor-version":[{"id":6608,"href":"https:\/\/contraloriamonagas.gob.ve\/index.php?rest_route=\/wp\/v2\/pages\/1266\/revisions\/6608"}],"wp:attachment":[{"href":"https:\/\/contraloriamonagas.gob.ve\/index.php?rest_route=%2Fwp%2Fv2%2Fmedia&parent=1266"}],"curies":[{"name":"wp","href":"https:\/\/api.w.org\/{rel}","templated":true}]}}