{"id":1122,"date":"2014-02-21T17:21:48","date_gmt":"2014-02-21T17:21:48","guid":{"rendered":"https:\/\/contraloriamonagas.gob.ve\/agency\/bandera-institucional\/"},"modified":"2026-03-25T17:13:30","modified_gmt":"2026-03-25T17:13:30","slug":"bandera-institucional","status":"publish","type":"page","link":"https:\/\/contraloriamonagas.gob.ve\/?page_id=1122","title":{"rendered":"BANDERA INSTITUCIONAL"},"content":{"rendered":"<p align=\"justify\">Con motivo de su quincuag\u00e9simo aniversario la Contralor\u00eda del estado Monagas enarbola por primera vez la Bandera, un emblema Institucional que viene a constituir el reflejo de nuestros principios e historia.<\/p>\n<p align=\"justify\"><a name=\"_GoBack\"><\/a> Fue creada mediante Resoluci\u00f3n No 005-12, emanada de la Contralora del estado Monagas, publicada en la Gaceta Oficial del estado Monagas N\u00b0 Extraordinario del 19 de enero de 2012. La Bandera est\u00e1 formada por los colores azul rey, blanco y gris, en franjas unidas y de forma rectangular. La escogencia de sus colores se debi\u00f3 a las siguientes razones:<\/p>\n<p align=\"justify\"><b>&#8211; El color Azul Rey:<\/b> Representa la intelectualidad, creatividad y claridad de ideas que poseen los funcionarios que integran este \u00d3rgano Contralor, al desempe\u00f1arse en cada una de las actividades cotidianas. Adem\u00e1s, la protecci\u00f3n que brinda la Instituci\u00f3n, tanto a sus trabajadores como a los Monaguenses, al controlar y vigilar el uso transparente del patrimonio estadal.<\/p>\n<p align=\"justify\"><b>&#8211; El color Blanco<\/b>: Representa la transparencia, pureza y optimismo que refleja este \u00d3rgano de Control Fiscal externo a la lucha constante contra el flagelo de la corrupci\u00f3n.<\/p>\n<p align=\"justify\">Representa la autonom\u00eda, imparcialidad, apoliticismo y capacidad de autocr\u00edtica que permite tomar medidas para lograr cambios organizacionales que enaltezcan el compromiso de la Instituci\u00f3n con los ciudadanos.<\/p>\n<p style=\"text-align: left;\" align=\"justify\">Cada color representa una parte de lo que somos todos los funcionarios de esta Instituci\u00f3n, y es as\u00ed como una de nuestras funcionarias, la Sra Ysaura Morales, confecciona la primera bandera de la CEM. Sus extraordinarias manos le dieron vida a lo que antes eran solo trozos de telas, convirti\u00e9ndose en lo que hoy por hoy es un s\u00edmbolo para nuestro Organismo<\/p>\n<p class=\"Estilo49\" style=\"font-size: 36px; color: #000000; font-style: italic; font-weight: bold; font-family: 'Times New Roman'; text-align: -webkit-center;\">\n","protected":false},"excerpt":{"rendered":"<p>Con motivo de su quincuag\u00e9simo aniversario la Contralor\u00eda del estado Monagas enarbola por primera vez la Bandera, un emblema Institucional que viene a constituir el reflejo de nuestros principios e historia. Fue creada mediante Resoluci\u00f3n No 005-12, emanada de la Contralora del estado Monagas, publicada en la Gaceta Oficial del estado Monagas N\u00b0 Extraordinario del [&hellip;]<\/p>\n","protected":false},"author":1,"featured_media":0,"parent":0,"menu_order":40,"comment_status":"closed","ping_status":"closed","template":"","meta":{"footnotes":""},"class_list":["post-1122","page","type-page","status-publish","hentry"],"yoast_head":"<!-- This site is optimized with the Yoast SEO plugin v27.5 - https:\/\/yoast.com\/product\/yoast-seo-wordpress\/ -->\n<title>BANDERA INSTITUCIONAL - Contralor\u00eda del Estado Monagas<\/title>\n<meta name=\"robots\" content=\"index, follow, max-snippet:-1, max-image-preview:large, max-video-preview:-1\" \/>\n<link rel=\"canonical\" href=\"https:\/\/contraloriamonagas.gob.ve\/?page_id=1122\" \/>\n<meta property=\"og:locale\" content=\"es_ES\" \/>\n<meta property=\"og:type\" content=\"article\" \/>\n<meta property=\"og:title\" content=\"BANDERA INSTITUCIONAL - Contralor\u00eda del Estado Monagas\" \/>\n<meta property=\"og:description\" content=\"Con motivo de su quincuag\u00e9simo aniversario la Contralor\u00eda del estado Monagas enarbola por primera vez la Bandera, un emblema Institucional que viene a constituir el reflejo de nuestros principios e historia. Fue creada mediante Resoluci\u00f3n No 005-12, emanada de la Contralora del estado Monagas, publicada en la Gaceta Oficial del estado Monagas N\u00b0 Extraordinario del [&hellip;]\" \/>\n<meta property=\"og:url\" content=\"https:\/\/contraloriamonagas.gob.ve\/?page_id=1122\" \/>\n<meta property=\"og:site_name\" content=\"Contralor\u00eda del Estado Monagas\" \/>\n<meta property=\"article:publisher\" content=\"https:\/\/www.facebook.com\/pages\/Contraloria-Monagas\/386123361457715\" \/>\n<meta property=\"article:modified_time\" content=\"2026-03-25T17:13:30+00:00\" \/>\n<meta name=\"twitter:card\" content=\"summary_large_image\" \/>\n<meta name=\"twitter:label1\" content=\"Tiempo estimado de lectura\" \/>\n\t<meta name=\"twitter:data1\" content=\"2 minutos\" \/>\n<script type=\"application\/ld+json\" class=\"yoast-schema-graph\">{\"@context\":\"https:\\\/\\\/schema.org\",\"@graph\":[{\"@type\":\"WebPage\",\"@id\":\"https:\\\/\\\/contraloriamonagas.gob.ve\\\/?page_id=1122\",\"url\":\"https:\\\/\\\/contraloriamonagas.gob.ve\\\/?page_id=1122\",\"name\":\"BANDERA INSTITUCIONAL - Contralor\u00eda del Estado Monagas\",\"isPartOf\":{\"@id\":\"https:\\\/\\\/contraloriamonagas.gob.ve\\\/#website\"},\"datePublished\":\"2014-02-21T17:21:48+00:00\",\"dateModified\":\"2026-03-25T17:13:30+00:00\",\"breadcrumb\":{\"@id\":\"https:\\\/\\\/contraloriamonagas.gob.ve\\\/?page_id=1122#breadcrumb\"},\"inLanguage\":\"es\",\"potentialAction\":[{\"@type\":\"ReadAction\",\"target\":[\"https:\\\/\\\/contraloriamonagas.gob.ve\\\/?page_id=1122\"]}]},{\"@type\":\"BreadcrumbList\",\"@id\":\"https:\\\/\\\/contraloriamonagas.gob.ve\\\/?page_id=1122#breadcrumb\",\"itemListElement\":[{\"@type\":\"ListItem\",\"position\":1,\"name\":\"Portada\",\"item\":\"https:\\\/\\\/contraloriamonagas.gob.ve\\\/\"},{\"@type\":\"ListItem\",\"position\":2,\"name\":\"BANDERA INSTITUCIONAL\"}]},{\"@type\":\"WebSite\",\"@id\":\"https:\\\/\\\/contraloriamonagas.gob.ve\\\/#website\",\"url\":\"https:\\\/\\\/contraloriamonagas.gob.ve\\\/\",\"name\":\"Contralor\u00eda del Estado Monagas\",\"description\":\"hacia la consolidaci\u00f3n del sistema nacional de control fiscal\",\"publisher\":{\"@id\":\"https:\\\/\\\/contraloriamonagas.gob.ve\\\/#organization\"},\"potentialAction\":[{\"@type\":\"SearchAction\",\"target\":{\"@type\":\"EntryPoint\",\"urlTemplate\":\"https:\\\/\\\/contraloriamonagas.gob.ve\\\/?s={search_term_string}\"},\"query-input\":{\"@type\":\"PropertyValueSpecification\",\"valueRequired\":true,\"valueName\":\"search_term_string\"}}],\"inLanguage\":\"es\"},{\"@type\":\"Organization\",\"@id\":\"https:\\\/\\\/contraloriamonagas.gob.ve\\\/#organization\",\"name\":\"Contralor\u00eda del Estado Monagas\",\"url\":\"https:\\\/\\\/contraloriamonagas.gob.ve\\\/\",\"logo\":{\"@type\":\"ImageObject\",\"inLanguage\":\"es\",\"@id\":\"https:\\\/\\\/contraloriamonagas.gob.ve\\\/#\\\/schema\\\/logo\\\/image\\\/\",\"url\":\"https:\\\/\\\/contraloriamonagas.gob.ve\\\/wp-content\\\/uploads\\\/LOGO-CEM-A-COLOR-sin-fondo-1.png\",\"contentUrl\":\"https:\\\/\\\/contraloriamonagas.gob.ve\\\/wp-content\\\/uploads\\\/LOGO-CEM-A-COLOR-sin-fondo-1.png\",\"width\":3301,\"height\":2551,\"caption\":\"Contralor\u00eda del Estado Monagas\"},\"image\":{\"@id\":\"https:\\\/\\\/contraloriamonagas.gob.ve\\\/#\\\/schema\\\/logo\\\/image\\\/\"},\"sameAs\":[\"https:\\\/\\\/www.facebook.com\\\/pages\\\/Contraloria-Monagas\\\/386123361457715\"]}]}<\/script>\n<!-- \/ Yoast SEO plugin. -->","yoast_head_json":{"title":"BANDERA INSTITUCIONAL - Contralor\u00eda del Estado Monagas","robots":{"index":"index","follow":"follow","max-snippet":"max-snippet:-1","max-image-preview":"max-image-preview:large","max-video-preview":"max-video-preview:-1"},"canonical":"https:\/\/contraloriamonagas.gob.ve\/?page_id=1122","og_locale":"es_ES","og_type":"article","og_title":"BANDERA INSTITUCIONAL - Contralor\u00eda del Estado Monagas","og_description":"Con motivo de su quincuag\u00e9simo aniversario la Contralor\u00eda del estado Monagas enarbola por primera vez la Bandera, un emblema Institucional que viene a constituir el reflejo de nuestros principios e historia. Fue creada mediante Resoluci\u00f3n No 005-12, emanada de la Contralora del estado Monagas, publicada en la Gaceta Oficial del estado Monagas N\u00b0 Extraordinario del [&hellip;]","og_url":"https:\/\/contraloriamonagas.gob.ve\/?page_id=1122","og_site_name":"Contralor\u00eda del Estado Monagas","article_publisher":"https:\/\/www.facebook.com\/pages\/Contraloria-Monagas\/386123361457715","article_modified_time":"2026-03-25T17:13:30+00:00","twitter_card":"summary_large_image","twitter_misc":{"Tiempo estimado de lectura":"2 minutos"},"schema":{"@context":"https:\/\/schema.org","@graph":[{"@type":"WebPage","@id":"https:\/\/contraloriamonagas.gob.ve\/?page_id=1122","url":"https:\/\/contraloriamonagas.gob.ve\/?page_id=1122","name":"BANDERA INSTITUCIONAL - Contralor\u00eda del Estado Monagas","isPartOf":{"@id":"https:\/\/contraloriamonagas.gob.ve\/#website"},"datePublished":"2014-02-21T17:21:48+00:00","dateModified":"2026-03-25T17:13:30+00:00","breadcrumb":{"@id":"https:\/\/contraloriamonagas.gob.ve\/?page_id=1122#breadcrumb"},"inLanguage":"es","potentialAction":[{"@type":"ReadAction","target":["https:\/\/contraloriamonagas.gob.ve\/?page_id=1122"]}]},{"@type":"BreadcrumbList","@id":"https:\/\/contraloriamonagas.gob.ve\/?page_id=1122#breadcrumb","itemListElement":[{"@type":"ListItem","position":1,"name":"Portada","item":"https:\/\/contraloriamonagas.gob.ve\/"},{"@type":"ListItem","position":2,"name":"BANDERA INSTITUCIONAL"}]},{"@type":"WebSite","@id":"https:\/\/contraloriamonagas.gob.ve\/#website","url":"https:\/\/contraloriamonagas.gob.ve\/","name":"Contralor\u00eda del Estado Monagas","description":"hacia la consolidaci\u00f3n del sistema nacional de control fiscal","publisher":{"@id":"https:\/\/contraloriamonagas.gob.ve\/#organization"},"potentialAction":[{"@type":"SearchAction","target":{"@type":"EntryPoint","urlTemplate":"https:\/\/contraloriamonagas.gob.ve\/?s={search_term_string}"},"query-input":{"@type":"PropertyValueSpecification","valueRequired":true,"valueName":"search_term_string"}}],"inLanguage":"es"},{"@type":"Organization","@id":"https:\/\/contraloriamonagas.gob.ve\/#organization","name":"Contralor\u00eda del Estado Monagas","url":"https:\/\/contraloriamonagas.gob.ve\/","logo":{"@type":"ImageObject","inLanguage":"es","@id":"https:\/\/contraloriamonagas.gob.ve\/#\/schema\/logo\/image\/","url":"https:\/\/contraloriamonagas.gob.ve\/wp-content\/uploads\/LOGO-CEM-A-COLOR-sin-fondo-1.png","contentUrl":"https:\/\/contraloriamonagas.gob.ve\/wp-content\/uploads\/LOGO-CEM-A-COLOR-sin-fondo-1.png","width":3301,"height":2551,"caption":"Contralor\u00eda del Estado Monagas"},"image":{"@id":"https:\/\/contraloriamonagas.gob.ve\/#\/schema\/logo\/image\/"},"sameAs":["https:\/\/www.facebook.com\/pages\/Contraloria-Monagas\/386123361457715"]}]}},"_links":{"self":[{"href":"https:\/\/contraloriamonagas.gob.ve\/index.php?rest_route=\/wp\/v2\/pages\/1122","targetHints":{"allow":["GET"]}}],"collection":[{"href":"https:\/\/contraloriamonagas.gob.ve\/index.php?rest_route=\/wp\/v2\/pages"}],"about":[{"href":"https:\/\/contraloriamonagas.gob.ve\/index.php?rest_route=\/wp\/v2\/types\/page"}],"author":[{"embeddable":true,"href":"https:\/\/contraloriamonagas.gob.ve\/index.php?rest_route=\/wp\/v2\/users\/1"}],"replies":[{"embeddable":true,"href":"https:\/\/contraloriamonagas.gob.ve\/index.php?rest_route=%2Fwp%2Fv2%2Fcomments&post=1122"}],"version-history":[{"count":6,"href":"https:\/\/contraloriamonagas.gob.ve\/index.php?rest_route=\/wp\/v2\/pages\/1122\/revisions"}],"predecessor-version":[{"id":6577,"href":"https:\/\/contraloriamonagas.gob.ve\/index.php?rest_route=\/wp\/v2\/pages\/1122\/revisions\/6577"}],"wp:attachment":[{"href":"https:\/\/contraloriamonagas.gob.ve\/index.php?rest_route=%2Fwp%2Fv2%2Fmedia&parent=1122"}],"curies":[{"name":"wp","href":"https:\/\/api.w.org\/{rel}","templated":true}]}}