{"id":1117,"date":"2018-11-16T23:00:49","date_gmt":"2018-11-16T23:00:49","guid":{"rendered":"https:\/\/contraloriamonagas.gob.ve\/agency\/?page_id=1117"},"modified":"2018-11-16T23:03:07","modified_gmt":"2018-11-16T23:03:07","slug":"resena-histor","status":"publish","type":"page","link":"https:\/\/contraloriamonagas.gob.ve\/?page_id=1117","title":{"rendered":"RESE\u00d1A HISTORICA"},"content":{"rendered":"<p>La Contralor\u00eda del estado Monagas, nace de un estudio panor\u00e1mico sobre la organizaci\u00f3n administrativa del Ejecutivo Regional, en el cual se formularon propuestas tendientes a mejorar el funcionamiento y organizaci\u00f3n de algunos servicios administrativos del Estado y una de esas propuestas para el a\u00f1o 1961 fue la creaci\u00f3n del \u00d3rgano Contralor, como organismo dependiente de la Procuradur\u00eda General del estado.<\/p>\n<p>El Procurador ejerc\u00eda labores muy variadas, debido a que la Constituci\u00f3n del estado Monagas, le otorgaba a ciertas instituciones, atribuciones de diversa \u00edndole. Para entonces, el Procurador del estado ejerc\u00eda tambi\u00e9n las labores de Contralor del estado. El Procurador adem\u00e1s de preocuparse de las gestiones legales, tambi\u00e9n se hac\u00eda cargo de los aspectos referentes al control fiscal de los recursos que manejaba el ejecutivo estadal.<\/p>\n<p>El 03 de enero de 1962, la Contralor\u00eda del estado Monagas comenz\u00f3 a funcionar como Organismo Aut\u00f3nomo, seg\u00fan presupuesto asignado al Estado, con la misi\u00f3n de llevar un control del Patrimonio P\u00fablico estadal.<\/p>\n<p>El cargo de Contralor fue creado siendo designado el Dr. Oscar Viloria del partido Movimiento Izquierda Revolucionaria (MIR), el cual fue nombrado por la Asamblea Legislativa instalada el 19 de enero de 1959, conformada por el Sr. Rafael Cuervo como Presidente de C\u00e1mara, doce (12) representantes de Acci\u00f3n Democr\u00e1tica, dos (02) de URD y como Secretario el Sr. Anibal Bastardo.<\/p>\n<p>El 09 de agosto de 1966, fue aprobada por la Asamblea Legislativa Estadal la Ley de Contralor\u00eda, publicada en Gaceta Oficial de esta entidad en fecha 01 de enero de 1967. A finales del cuarto trimestre de 1984, fue promulgada una Ley de Contralor\u00eda del estado Monagas, que deroga la anterior cuyo contenido fue una adaptaci\u00f3n de la Ley Org\u00e1nica de la Contralor\u00eda General de la Rep\u00fablica, diferenci\u00e1ndose en algunas \u00e1reas de la organizaci\u00f3n administrativa del ejecutivo estadal, y mantuvo el principio constitucional de colaboraci\u00f3n entre los poderes del Estado.<\/p>\n<p>Esta Ley fue publicada en Gaceta Oficial n\u00famero extraordinario el 11 de diciembre de 1984. Tanto la Constituci\u00f3n Estadal como la Ley reci\u00e9n se\u00f1alada, preceptuaban que la Contralor\u00eda del estado Monagas era un \u00d3rgano Auxiliar de la Asamblea Legislativa del estado.<\/p>\n<p>Nuestro Legislador Nacional estableci\u00f3 en la Carta Magna Vigente (art\u00edculo 163), la Autonom\u00eda Org\u00e1nica y Funcional de las Contralor\u00edas de los Estados, dejando entonces de tener ese car\u00e1cter auxiliar del \u00d3rgano Legislativo.<\/p>\n<p>Luego de sufrir varias reformas, el 09 de enero de 2002 entr\u00f3 en vigencia la normativa interna del Organismo, con base a dos documentos principales, el Reglamento Interno y el Estatuto de Personal, que regularon lo referente a la estructura, forma de organizaci\u00f3n, funcionamiento, competencia y todo lo concerniente al \u00e1rea de recursos humanos y administraci\u00f3n de personal.<\/p>\n<p>En Gaceta Oficial del Estado Monagas, n\u00famero extraordinario de fecha 14 de octubre de 2003, se public\u00f3 la nov\u00edsima Ley de Contralor\u00eda General del Estado Monagas, la cual fue elaborada respetando los lineamientos y par\u00e1metros establecidos en las Leyes Nacionales en materia de control fiscal, constituyendo un paso determinante\u00a0en la modernizaci\u00f3n del conjunto de instrumentos legales del \u00d3rgano Contralor.<\/p>\n","protected":false},"excerpt":{"rendered":"<p>La Contralor\u00eda del estado Monagas, nace de un estudio panor\u00e1mico sobre la organizaci\u00f3n administrativa del Ejecutivo Regional, en el cual se formularon propuestas tendientes a mejorar el funcionamiento y organizaci\u00f3n de algunos servicios administrativos del Estado y una de esas propuestas para el a\u00f1o 1961 fue la creaci\u00f3n del \u00d3rgano Contralor, como organismo dependiente de [&hellip;]<\/p>\n","protected":false},"author":1,"featured_media":0,"parent":0,"menu_order":22,"comment_status":"closed","ping_status":"closed","template":"","meta":{"footnotes":""},"class_list":["post-1117","page","type-page","status-publish","hentry"],"yoast_head":"<!-- This site is optimized with the Yoast SEO plugin v27.5 - https:\/\/yoast.com\/product\/yoast-seo-wordpress\/ -->\n<title>RESE\u00d1A HISTORICA - Contralor\u00eda del Estado Monagas<\/title>\n<meta name=\"robots\" content=\"index, follow, max-snippet:-1, max-image-preview:large, max-video-preview:-1\" \/>\n<link rel=\"canonical\" href=\"https:\/\/contraloriamonagas.gob.ve\/?page_id=1117\" \/>\n<meta property=\"og:locale\" content=\"es_ES\" \/>\n<meta property=\"og:type\" content=\"article\" \/>\n<meta property=\"og:title\" content=\"RESE\u00d1A HISTORICA - Contralor\u00eda del Estado Monagas\" \/>\n<meta property=\"og:description\" content=\"La Contralor\u00eda del estado Monagas, nace de un estudio panor\u00e1mico sobre la organizaci\u00f3n administrativa del Ejecutivo Regional, en el cual se formularon propuestas tendientes a mejorar el funcionamiento y organizaci\u00f3n de algunos servicios administrativos del Estado y una de esas propuestas para el a\u00f1o 1961 fue la creaci\u00f3n del \u00d3rgano Contralor, como organismo dependiente de [&hellip;]\" \/>\n<meta property=\"og:url\" content=\"https:\/\/contraloriamonagas.gob.ve\/?page_id=1117\" \/>\n<meta property=\"og:site_name\" content=\"Contralor\u00eda del Estado Monagas\" \/>\n<meta property=\"article:publisher\" content=\"https:\/\/www.facebook.com\/pages\/Contraloria-Monagas\/386123361457715\" \/>\n<meta property=\"article:modified_time\" content=\"2018-11-16T23:03:07+00:00\" \/>\n<meta name=\"twitter:card\" content=\"summary_large_image\" \/>\n<meta name=\"twitter:label1\" content=\"Tiempo estimado de lectura\" \/>\n\t<meta name=\"twitter:data1\" content=\"3 minutos\" \/>\n<script type=\"application\/ld+json\" class=\"yoast-schema-graph\">{\"@context\":\"https:\\\/\\\/schema.org\",\"@graph\":[{\"@type\":\"WebPage\",\"@id\":\"https:\\\/\\\/contraloriamonagas.gob.ve\\\/?page_id=1117\",\"url\":\"https:\\\/\\\/contraloriamonagas.gob.ve\\\/?page_id=1117\",\"name\":\"RESE\u00d1A HISTORICA - Contralor\u00eda del Estado Monagas\",\"isPartOf\":{\"@id\":\"https:\\\/\\\/contraloriamonagas.gob.ve\\\/#website\"},\"datePublished\":\"2018-11-16T23:00:49+00:00\",\"dateModified\":\"2018-11-16T23:03:07+00:00\",\"breadcrumb\":{\"@id\":\"https:\\\/\\\/contraloriamonagas.gob.ve\\\/?page_id=1117#breadcrumb\"},\"inLanguage\":\"es\",\"potentialAction\":[{\"@type\":\"ReadAction\",\"target\":[\"https:\\\/\\\/contraloriamonagas.gob.ve\\\/?page_id=1117\"]}]},{\"@type\":\"BreadcrumbList\",\"@id\":\"https:\\\/\\\/contraloriamonagas.gob.ve\\\/?page_id=1117#breadcrumb\",\"itemListElement\":[{\"@type\":\"ListItem\",\"position\":1,\"name\":\"Portada\",\"item\":\"https:\\\/\\\/contraloriamonagas.gob.ve\\\/\"},{\"@type\":\"ListItem\",\"position\":2,\"name\":\"RESE\u00d1A HISTORICA\"}]},{\"@type\":\"WebSite\",\"@id\":\"https:\\\/\\\/contraloriamonagas.gob.ve\\\/#website\",\"url\":\"https:\\\/\\\/contraloriamonagas.gob.ve\\\/\",\"name\":\"Contralor\u00eda del Estado Monagas\",\"description\":\"hacia la consolidaci\u00f3n del sistema nacional de control fiscal\",\"publisher\":{\"@id\":\"https:\\\/\\\/contraloriamonagas.gob.ve\\\/#organization\"},\"potentialAction\":[{\"@type\":\"SearchAction\",\"target\":{\"@type\":\"EntryPoint\",\"urlTemplate\":\"https:\\\/\\\/contraloriamonagas.gob.ve\\\/?s={search_term_string}\"},\"query-input\":{\"@type\":\"PropertyValueSpecification\",\"valueRequired\":true,\"valueName\":\"search_term_string\"}}],\"inLanguage\":\"es\"},{\"@type\":\"Organization\",\"@id\":\"https:\\\/\\\/contraloriamonagas.gob.ve\\\/#organization\",\"name\":\"Contralor\u00eda del Estado Monagas\",\"url\":\"https:\\\/\\\/contraloriamonagas.gob.ve\\\/\",\"logo\":{\"@type\":\"ImageObject\",\"inLanguage\":\"es\",\"@id\":\"https:\\\/\\\/contraloriamonagas.gob.ve\\\/#\\\/schema\\\/logo\\\/image\\\/\",\"url\":\"https:\\\/\\\/contraloriamonagas.gob.ve\\\/wp-content\\\/uploads\\\/LOGO-CEM-A-COLOR-sin-fondo-1.png\",\"contentUrl\":\"https:\\\/\\\/contraloriamonagas.gob.ve\\\/wp-content\\\/uploads\\\/LOGO-CEM-A-COLOR-sin-fondo-1.png\",\"width\":3301,\"height\":2551,\"caption\":\"Contralor\u00eda del Estado Monagas\"},\"image\":{\"@id\":\"https:\\\/\\\/contraloriamonagas.gob.ve\\\/#\\\/schema\\\/logo\\\/image\\\/\"},\"sameAs\":[\"https:\\\/\\\/www.facebook.com\\\/pages\\\/Contraloria-Monagas\\\/386123361457715\"]}]}<\/script>\n<!-- \/ Yoast SEO plugin. -->","yoast_head_json":{"title":"RESE\u00d1A HISTORICA - Contralor\u00eda del Estado Monagas","robots":{"index":"index","follow":"follow","max-snippet":"max-snippet:-1","max-image-preview":"max-image-preview:large","max-video-preview":"max-video-preview:-1"},"canonical":"https:\/\/contraloriamonagas.gob.ve\/?page_id=1117","og_locale":"es_ES","og_type":"article","og_title":"RESE\u00d1A HISTORICA - Contralor\u00eda del Estado Monagas","og_description":"La Contralor\u00eda del estado Monagas, nace de un estudio panor\u00e1mico sobre la organizaci\u00f3n administrativa del Ejecutivo Regional, en el cual se formularon propuestas tendientes a mejorar el funcionamiento y organizaci\u00f3n de algunos servicios administrativos del Estado y una de esas propuestas para el a\u00f1o 1961 fue la creaci\u00f3n del \u00d3rgano Contralor, como organismo dependiente de [&hellip;]","og_url":"https:\/\/contraloriamonagas.gob.ve\/?page_id=1117","og_site_name":"Contralor\u00eda del Estado Monagas","article_publisher":"https:\/\/www.facebook.com\/pages\/Contraloria-Monagas\/386123361457715","article_modified_time":"2018-11-16T23:03:07+00:00","twitter_card":"summary_large_image","twitter_misc":{"Tiempo estimado de lectura":"3 minutos"},"schema":{"@context":"https:\/\/schema.org","@graph":[{"@type":"WebPage","@id":"https:\/\/contraloriamonagas.gob.ve\/?page_id=1117","url":"https:\/\/contraloriamonagas.gob.ve\/?page_id=1117","name":"RESE\u00d1A HISTORICA - Contralor\u00eda del Estado Monagas","isPartOf":{"@id":"https:\/\/contraloriamonagas.gob.ve\/#website"},"datePublished":"2018-11-16T23:00:49+00:00","dateModified":"2018-11-16T23:03:07+00:00","breadcrumb":{"@id":"https:\/\/contraloriamonagas.gob.ve\/?page_id=1117#breadcrumb"},"inLanguage":"es","potentialAction":[{"@type":"ReadAction","target":["https:\/\/contraloriamonagas.gob.ve\/?page_id=1117"]}]},{"@type":"BreadcrumbList","@id":"https:\/\/contraloriamonagas.gob.ve\/?page_id=1117#breadcrumb","itemListElement":[{"@type":"ListItem","position":1,"name":"Portada","item":"https:\/\/contraloriamonagas.gob.ve\/"},{"@type":"ListItem","position":2,"name":"RESE\u00d1A HISTORICA"}]},{"@type":"WebSite","@id":"https:\/\/contraloriamonagas.gob.ve\/#website","url":"https:\/\/contraloriamonagas.gob.ve\/","name":"Contralor\u00eda del Estado Monagas","description":"hacia la consolidaci\u00f3n del sistema nacional de control fiscal","publisher":{"@id":"https:\/\/contraloriamonagas.gob.ve\/#organization"},"potentialAction":[{"@type":"SearchAction","target":{"@type":"EntryPoint","urlTemplate":"https:\/\/contraloriamonagas.gob.ve\/?s={search_term_string}"},"query-input":{"@type":"PropertyValueSpecification","valueRequired":true,"valueName":"search_term_string"}}],"inLanguage":"es"},{"@type":"Organization","@id":"https:\/\/contraloriamonagas.gob.ve\/#organization","name":"Contralor\u00eda del Estado Monagas","url":"https:\/\/contraloriamonagas.gob.ve\/","logo":{"@type":"ImageObject","inLanguage":"es","@id":"https:\/\/contraloriamonagas.gob.ve\/#\/schema\/logo\/image\/","url":"https:\/\/contraloriamonagas.gob.ve\/wp-content\/uploads\/LOGO-CEM-A-COLOR-sin-fondo-1.png","contentUrl":"https:\/\/contraloriamonagas.gob.ve\/wp-content\/uploads\/LOGO-CEM-A-COLOR-sin-fondo-1.png","width":3301,"height":2551,"caption":"Contralor\u00eda del Estado Monagas"},"image":{"@id":"https:\/\/contraloriamonagas.gob.ve\/#\/schema\/logo\/image\/"},"sameAs":["https:\/\/www.facebook.com\/pages\/Contraloria-Monagas\/386123361457715"]}]}},"_links":{"self":[{"href":"https:\/\/contraloriamonagas.gob.ve\/index.php?rest_route=\/wp\/v2\/pages\/1117","targetHints":{"allow":["GET"]}}],"collection":[{"href":"https:\/\/contraloriamonagas.gob.ve\/index.php?rest_route=\/wp\/v2\/pages"}],"about":[{"href":"https:\/\/contraloriamonagas.gob.ve\/index.php?rest_route=\/wp\/v2\/types\/page"}],"author":[{"embeddable":true,"href":"https:\/\/contraloriamonagas.gob.ve\/index.php?rest_route=\/wp\/v2\/users\/1"}],"replies":[{"embeddable":true,"href":"https:\/\/contraloriamonagas.gob.ve\/index.php?rest_route=%2Fwp%2Fv2%2Fcomments&post=1117"}],"version-history":[{"count":0,"href":"https:\/\/contraloriamonagas.gob.ve\/index.php?rest_route=\/wp\/v2\/pages\/1117\/revisions"}],"wp:attachment":[{"href":"https:\/\/contraloriamonagas.gob.ve\/index.php?rest_route=%2Fwp%2Fv2%2Fmedia&parent=1117"}],"curies":[{"name":"wp","href":"https:\/\/api.w.org\/{rel}","templated":true}]}}